{"id":797,"date":"2016-02-02T20:35:08","date_gmt":"2016-02-02T19:35:08","guid":{"rendered":"http:\/\/ddt21.noblogs.org\/?page_id=797"},"modified":"2016-02-02T20:50:10","modified_gmt":"2016-02-02T19:50:10","slug":"ennemi-interieur-le-monstre-sur-le-seuil","status":"publish","type":"page","link":"https:\/\/ddt21.noblogs.org\/?page_id=797","title":{"rendered":"Ennemi Int\u00e9rieur : le Monstre sur le seuil"},"content":{"rendered":"<p style=\"text-align: right\"><span style=\"font-family: Calibri,sans-serif\"><span style=\"font-size: medium\"><span style=\"font-family: Calibri,sans-serif\"><span style=\"font-size: medium\"><a href=\"https:\/\/ddt21.noblogs.org\/files\/2016\/02\/ennemi-int\u00e9rieur.jpg\"><img loading=\"lazy\" decoding=\"async\" class=\"alignnone wp-image-801 size-full\" src=\"https:\/\/ddt21.noblogs.org\/files\/2016\/02\/ennemi-int\u00e9rieur.jpg\" alt=\"ennemi int\u00e9rieur\" width=\"628\" height=\"938\" srcset=\"https:\/\/ddt21.noblogs.org\/files\/2016\/02\/ennemi-int\u00e9rieur.jpg 628w, https:\/\/ddt21.noblogs.org\/files\/2016\/02\/ennemi-int\u00e9rieur-201x300.jpg 201w\" sizes=\"auto, (max-width: 628px) 100vw, 628px\" \/><\/a><\/span><\/span><\/span><\/span><\/p>\n<p style=\"text-align: right\">\n<p style=\"text-align: right\">\n<p style=\"text-align: right\"><span style=\"font-family: Calibri,sans-serif\"><span style=\"font-size: medium\">\u00ab\u00a0<i>Ob\u00e9ir aux forces de l\u2019ordre.<\/i> [\u2026]<i><br \/>\nGarder les mains lev\u00e9es et ouvertes.<\/i>\u00a0\u00bb<\/span><\/span><\/p>\n<p style=\"text-align: right\"><span style=\"font-family: Calibri,sans-serif\"><span style=\"font-size: medium\">(affiche gouvernementale, d\u00e9cembre 2015)<\/span><\/span><\/p>\n<h2 class=\"western\"><strong>\u00c9tat et \u00e9tat de guerre<\/strong><\/h2>\n<p style=\"text-align: left\"><span style=\"font-family: Calibri,sans-serif\"><span style=\"font-size: medium\">La France n\u2019est pas partie en guerre contre l\u2019\u00c9tat islamique (EI) pour d\u00e9fendre les Droits de l\u2019Homme ou ceux des femmes, mais pour pr\u00e9server des int\u00e9r\u00eats (pas seulement p\u00e9troliers), et sa place de grande puissance. Que les attaques de l&rsquo;EI en soient la riposte ou bien qu&rsquo;elles visent \u00ab<i>\u00a0notre mode de vie<\/i>\u00a0\u00bb importe peu pour les victimes.Quand les \u00c9tats font la guerre, leurs arm\u00e9es se combattent<\/span><\/span><span style=\"font-family: Calibri,sans-serif\"><span style=\"font-size: medium\">, mais prennent aussi pour cible la population de l\u2019\u00c9tat adverse. Les habitants du territoire contr\u00f4l\u00e9 par le Califat sont malgr\u00e9 eux victimes \u00ab\u00a0collat\u00e9ral<\/span><\/span><span style=\"font-family: Calibri,sans-serif\"><span style=\"font-size: medium\">es\u00a0\u00bb des bombes fran\u00e7aises. Les habitants du territoire contr\u00f4l\u00e9 par l\u2019\u00c9tat fran\u00e7ais<b> <\/b>sont malgr\u00e9 eux victimes des assassins au service du Califat.<\/span><\/span><\/p>\n<p><span style=\"font-family: Calibri,sans-serif\"><span style=\"font-size: medium\">La diff\u00e9rence, c\u2019est que les avions de la coalition anti-E.I. ne visent pas syst\u00e9matiquement et d\u00e9lib\u00e9r\u00e9ment les civils, alors que le 13 novembre 2015 les djihadistes voulaient tuer des Parisiens qui n\u2019\u00e9taient ni militants ni soldats. Chaque \u00c9tat massacre comme il peut. Gageons que si l&rsquo;EI disposait d&rsquo;une aviation capable de r\u00e9duire en gravats le palais de l\u2019\u00c9lys\u00e9e ou l\u2019h\u00f4tel de Brienne, il l&rsquo;utiliserait. En v\u00e9rit\u00e9, la guerre fait de chacun de nous l\u2019otage de son \u00c9tat, cible potentielle des bombes, des balles ou des attentats-suicide du camp d\u2019en face. Et, quelle que soit la radicalit\u00e9 de nos opinions ou notre d\u00e9go\u00fbt, elle nous renvoie aussi \u00e0 un \u00e9tat de \u00ab\u00a0citoyen\u00a0\u00bb, voire de \u00ab\u00a0Fran\u00e7ais\u00a0\u00bb. <\/span><\/span><\/p>\n<p><span style=\"font-family: Calibri,sans-serif\"><span style=\"font-size: medium\">Chacun \u00e0 sa fa\u00e7on et selon ses besoins, tout Etat est oppresseur. L\u2019EI l\u2019est plus visiblement que d\u2019autres.<br \/>\nDans la course \u00e0 l\u2019horreur, les candidats ne manquent pas, mais l\u2019opinion publique ne retient que les horreurs commises par ceux que l\u2019Etat lui d\u00e9signe comme ennemi. Quand en 1965 la prise du pouvoir par les militaires a fait basculer l\u2019Indon\u00e9sie dans le camp occidental, 500.000 personnes ont \u00e9t\u00e9 tu\u00e9es en quelques mois\u00a0; elles restent pourtant sans existence pour les consciences fran\u00e7aises ou am\u00e9ricaines. <\/span><\/span><\/p>\n<h2 class=\"western\"><strong>L\u2019Etat, c\u2019est l\u2019\u00e9tat d\u2019urgence<\/strong><\/h2>\n<p><span style=\"font-family: Calibri,sans-serif\"><span style=\"font-size: medium\">L\u2019\u00c9tat, ce sont des lois qui r\u00e9gissent la soci\u00e9t\u00e9, et un monopole de la violence l\u00e9gitime pour les faire respecter.<b> <\/b><i>Etat d\u2019urgence<\/i>, <i>\u00e9tat de si\u00e8ge<\/i>, <i>\u00e9tat de guerre<\/i>&#8230; l\u2019existence \u00ab\u00a0normale\u00a0\u00bb de l\u2019\u00c9tat contient la possibilit\u00e9 d\u2019un \u00e9tat d\u2019exception. Toutes les constitutions d\u00e9mocratiques ont pr\u00e9vu les mesures l\u00e9gales qui limitent ou suspendent les libert\u00e9s publiques au nom de l&rsquo;ordre et de la s\u00e9curit\u00e9. C&rsquo;est l\u2019\u00c9tat qui d\u00e9cide ce qui sera consid\u00e9r\u00e9 comme normal ou trait\u00e9 comme exceptionnel. Mais l\u2019exception peut aussi devenir la nouvelle norme\u00a0: Vigipirate est en place depuis 1991 et depuis longtemps \u00e0 son niveau maximal.<\/span><\/span><\/p>\n<p><span style=\"font-family: Calibri,sans-serif\"><span style=\"font-size: medium\">Quand la guerre men\u00e9e par l\u2019\u00c9tat \u00e0 l\u2019ext\u00e9rieur entra\u00eene des repr\u00e9sailles \u00e0 l\u2019int\u00e9rieur, l\u2019\u00c9tat <i>offre<\/i> \u00e0 la population une protection qui se confond avec un contr\u00f4le. La protection a un co\u00fbt (il va falloir \u00ab<i>\u00a0choisir entre la s\u00e9curit\u00e9 ou la s\u00e9curit\u00e9 sociale\u00a0<\/i>\u00bb) et un prix\u00a0: la libert\u00e9 (celle du citoyen).<\/span><\/span><\/p>\n<p><span style=\"font-family: Calibri,sans-serif\"><span style=\"font-size: medium\">Car traquer la tr\u00e8s petite minorit\u00e9 dangereuse implique de rep\u00e9rer et neutraliser ceux qui sont susceptibles de la rejoindre. Depuis le 13 novembre 2015, \u00ab\u00a0radical\u00a0\u00bb est un gros mot. Il serait urgent de d\u00e9-radicaliser celui ou celle que policiers, journalistes ou psy d\u00e9signeront comme tel, c&rsquo;est-\u00e0-dire urgent de l&rsquo;enfermer et de le soigner. Demain, sera \u00ab\u00a0terroriste\u00a0\u00bb tout partisan d\u2019une rupture sociale. Apr\u00e8s-demain, \u00e9crire sur Internet qu&rsquo;il faut d\u00e9truire l\u2019\u00c9tat et le capitalisme vaudra au site une fermeture administrative pour \u00ab\u00a0apologie de terrorisme\u00a0\u00bb.<\/span><\/span><\/p>\n<h2 class=\"western\"><strong>Guerre au Monstre\u00a0?<\/strong><\/h2>\n<p><span style=\"color: #000000\"><span style=\"font-family: Calibri,sans-serif\"><span style=\"font-size: medium\">\u00ab\u00a0<\/span><\/span><\/span><span style=\"color: #000000\"><span style=\"font-family: Calibri,sans-serif\"><span style=\"font-size: medium\"><i>Les mots, du reste, ont fini de jouer. Les mots font l&rsquo;amour<\/i><\/span><\/span><\/span><span style=\"color: #000000\"><span style=\"font-family: Calibri,sans-serif\"><span style=\"font-size: medium\">\u00a0\u00bb, \u00e9crivait Breton en 1922. Ils font aussi la guerre.<\/span><\/span><\/span><\/p>\n<p><span style=\"font-family: Calibri,sans-serif\"><span style=\"font-size: medium\">Quand la d\u00e9mocratie d\u00e9cha\u00eene sa violence, en attendant d\u2019\u00e9radiquer l\u2019EI, elle monte dans des extr\u00eames verbaux inaccoutum\u00e9s\u00a0: confusion, d\u00e9clamation, p\u00e9joration (\u00ab\u00a0\u00a0fanatisme\u00a0\u00bb, \u00ab\u00a0barbarie\u00a0\u00bb), euph\u00e9misation\u00a0(\u00ab\u00a0frappe\u00a0\u00bb au lieu de \u00ab\u00a0bombardement\u00a0\u00bb), et multiplication des superlatifs (\u00ab\u00a0guerre totale\u00a0\u00bb, \u00ab\u00a0hyper-terrorisme\u00a0\u00bb, \u00ab\u00a0sans merci\u00a0\u00bb, \u00ab\u00a0extermination\u00a0\u00bb). L\u2019\u00c9tat d\u00e9mocratique et le Monstre \u00e9tant les deux p\u00f4les oppos\u00e9s, le vocabulaire doit montrer l\u2019infini qui les s\u00e9pare\u00a0; d&rsquo;o\u00f9 le fait de refuser \u00e0 l&rsquo;EI le qualificatif d\u2019\u00c9tat (car il est bien connu qu&rsquo;un v\u00e9ritable \u00c9tat ne peut commettre de telles horreurs). <\/span><\/span><\/p>\n<p><span style=\"font-family: Calibri,sans-serif\"><span style=\"font-size: medium\">Le citoyen est alors somm\u00e9 de confirmer son all\u00e9geance. Le choix est ais\u00e9 car les ennemis de l\u2019\u00c9tat ne sauraient \u00eatre que ceux du Genre humain et de la Civilisation. Le 20 novembre 2015, le Conseil de S\u00e9curit\u00e9 de l\u2019ONU unanime a qualifi\u00e9 l\u2019EI de \u00ab <i>menace sans pr\u00e9c\u00e9dent \u00e0 la paix et \u00e0 la s\u00e9curit\u00e9 internationale<\/i>\u00a0\u00bb. Sans pr\u00e9c\u00e9dent\u00a0? C\u2019est pourtant que l\u2019on nous a dit d\u00e9j\u00e0 en 1914 (il fallait partir au front pour \u00e9viter \u00ab<i>\u00a0l\u2019extinction de la civilisation\u00a0<\/i>\u00bb), en 1939, pendant la Guerre froide, contre les \u00ab\u00a0<i>terroristes\u00a0<\/i>\u00bb du FLN, etc. Nasser fut un \u00ab<i>\u00a0nouvel Hitler\u00a0<\/i>\u00bb, plus tard Saddam Hussein aussi. \u00ab<i>\u00a0La guerre, c\u2019est la paix\u00a0<\/i>\u00bb, proclame le r\u00e9gime totalitaire de <i>1984<\/i>. La d\u00e9mocratie moderne dit presque la m\u00eame chose\u00a0: \u00ab\u00a0<i>Je pars en guerre pour la paix.<\/i>\u00a0\u00bb<\/span><\/span><\/p>\n<h2 class=\"western\"><strong>D\u00e9mocratie dictatoriale<\/strong><\/h2>\n<p><span style=\"font-family: Calibri,sans-serif\"><span style=\"font-size: medium\">La d\u00e9mocratie, expliquait Debord en 1988, veut \u00eatre jug\u00e9e sur ses ennemis plut\u00f4t que sur ses r\u00e9sultats. Mais elle les comprend et les traite diff\u00e9remment de la dictature.<\/span><\/span><\/p>\n<p><span style=\"font-family: Calibri,sans-serif\"><span style=\"font-size: medium\">La dictature est une. Elle bloque la circulation des id\u00e9es et des personnes, et exclut le d\u00e9viant. L\u2019information qu\u2019elle accumule sur la soci\u00e9t\u00e9 est tenue secr\u00e8te. Elle entend tout savoir pour ne laisser exister qu\u2019une v\u00e9rit\u00e9 officielle. Elle idol\u00e2tre l\u2019autorit\u00e9, ossifie principes et traditions, brise toute contestation et chez elle le bon citoyen est celui qui ob\u00e9it aveugl\u00e9ment.<\/span><\/span><\/p>\n<p><span style=\"font-family: Calibri,sans-serif\"><span style=\"font-size: medium\">La d\u00e9mocratie est plurielle. Elle fait circuler marchandises, id\u00e9es et personnes, et n\u2019interdit que l\u00e0 o\u00f9 elle voit une menace directe. Elle laisse s\u2019exprimer pour filtrer le danger r\u00e9el et le neutraliser. Confront\u00e9e aux contestations, elle favorise l\u2019\u00e9mergence de l\u2019inoffensif qu\u2019elle pourra int\u00e9grer. Elle d\u00e9vitalise la critique, canalise et r\u00e9prime seulement ce qui passe les bornes. Son bon citoyen est celui qui a appris \u00e0 se mod\u00e9rer. Et s\u2019il ne se mod\u00e8re pas\u00a0? Alors la tol\u00e9rance montre ses limites.<\/span><\/span><\/p>\n<p><span style=\"font-family: Calibri,sans-serif\"><span style=\"font-size: medium\">En temps suppos\u00e9 normal, les d\u00e9mocrates pratiquent seulement le pire hors du pays, aux colonies autrefois, dans l\u2019ex-tiers-monde aujourd\u2019hui. Mais la r\u00e9publique fran\u00e7aise en \u00ab \u00e9tat d\u2019urgence\u00a0\u00bb se donne le droit de d\u00e9cider qui est suspect non plus sur ses actes, ni m\u00eame l\u2019expression publique de ses id\u00e9es, mais sur son \u00ab\u00a0comportement\u00a0\u00bb. Comme dans <i>Minority Report<\/i>, l\u2019utopie polici\u00e8re est de rep\u00e9rer le suspect avant qu&rsquo;il agisse. D\u00e9j\u00e0 des logiciels coupl\u00e9s \u00e0 des cam\u00e9ras de vid\u00e9osurveillance d\u00e9tectent le mouvement inhabituel ou le geste hors norme. Si la r\u00e9volte s&rsquo;exprime beaucoup moins que dans les ann\u00e9es 70, c&rsquo;est aussi qu&rsquo;elle est plus contenue, refoul\u00e9e, il faut donc aller la traquer \u00e0 l&rsquo;int\u00e9rieur des t\u00eates, et la traiter comme une pathologie sociale. R\u00e9pression et pr\u00e9vention vont de pair\u00a0: d\u00e9radicaliser, c\u2019est interrompre le processus de radicalisation avant un \u00e9ventuel passage \u00e0 la violence (dont la d\u00e9finition se doit \u00eatre souple et variable). De la notion de danger, on glisse \u00e0 celle de \u00ab\u00a0dangerosit\u00e9\u00a0\u00bb. Si la d\u00e9mocratie a parfois des allures de dystopie totalitaire c&rsquo;est qu&rsquo;on passe ais\u00e9ment d&rsquo;un syst\u00e8me \u00e0 l&rsquo;autre en fonction des n\u00e9cessit\u00e9s.<\/span><\/span><\/p>\n<p><span style=\"font-family: Calibri,sans-serif\"><span style=\"font-size: medium\">R\u00e9primer. Par tous les moyens n\u00e9cessaires. Contre Le Monstre, le vrai, l\u2019indicible et l\u2019innommable, c\u2019est-\u00e0-dire le prol\u00e9taire, tout est permis. C&rsquo;est lui le vrai danger, que l\u2019on contient de diverses fa\u00e7ons, y compris en le mobilisant contre des ennemis ext\u00e9rieurs et int\u00e9rieurs. En dernier recours, le rempart de l\u2019ordre social, ce seront toujours la police et l\u2019arm\u00e9e\u00a0: justice et m\u00e9dias suivent. Le jour o\u00f9 elle en a besoin, la d\u00e9mocratie d\u00e9ploie la panoplie compl\u00e8te des m\u00e9thodes dictatoriales, y compris le massacre de masse habituellement r\u00e9serv\u00e9 aux \u00ab\u00a0non-civilis\u00e9s\u00a0\u00bb. La contre-insurrection de juin 1848, avec des milliers de morts dans les combats, plus 1.500 fusill\u00e9s sans jugement a montr\u00e9 qu\u2019\u00ab\u00a0<i>on peut en plein Paris faire la guerre comme en Alg\u00e9rie<\/i>\u00a0\u00bb (Marx)\u00a0<\/span><\/span><\/p>\n<p style=\"text-align: center\"><span style=\"font-family: Calibri,sans-serif\"><span style=\"font-size: medium\">* * *<\/span><\/span><\/p>\n<p><span style=\"font-family: Calibri,sans-serif\"><span style=\"font-size: medium\">Nous ne sommes pas au bout de nos peines. En situation \u00ab\u00a0historiquement d\u00e9favorable\u00a0\u00bb, quand l\u2019\u00c9tat cr\u00e9e un \u00ab\u00a0nous\u00a0\u00bb\u00a0pour faire oublier que tous les \u00c9tats <i>nous<\/i> font la guerre, le minimum est de rompre le consensus, ce qu\u2019ont fait les rassemblements, d\u00e9fiant l\u2019interdit, le 29 novembre 2015. <\/span><\/span><\/p>\n<p><span style=\"font-family: Calibri,sans-serif\"><span style=\"font-size: medium\">Et ne pas faire \u00e0 l\u2019\u00c9tat le plaisir de c\u00e9der \u00e0 la r\u00e9signation ni au confusionnisme politique qu&rsquo;imposerait l&rsquo;urgence. Ne c\u00e9dons pas \u00e0 l\u2019\u00e9tat d\u2019<i>urgence<\/i>, prenons notre temps. L\u2019histoire r\u00e9serve des surprises, et pas toutes d\u00e9sagr\u00e9ables. <\/span><\/span><\/p>\n<p style=\"text-align: right\"><span style=\"font-family: Calibri,sans-serif\"><span style=\"font-size: medium\"><b>DDT 21, j<\/b><b>anvier 2016<\/b><\/span><\/span><\/p>\n<p><strong><a href=\"https:\/\/ddt21.noblogs.org\/files\/2016\/02\/Ennemi-int%C3%A9rieur-le-Monstre-sur-le-seuil-Copie.pdf\" target=\"_blank\">Version PDF<\/a><\/strong><\/p>\n","protected":false},"excerpt":{"rendered":"<p>\u00ab\u00a0Ob\u00e9ir aux forces de l\u2019ordre. [\u2026] Garder les mains lev\u00e9es et ouvertes.\u00a0\u00bb (affiche gouvernementale, d\u00e9cembre 2015) \u00c9tat et \u00e9tat de guerre La France n\u2019est pas partie en guerre contre l\u2019\u00c9tat islamique (EI) pour d\u00e9fendre les Droits de l\u2019Homme ou ceux &hellip; <a href=\"https:\/\/ddt21.noblogs.org\/?page_id=797\">Continuer la lecture <span class=\"meta-nav\">&rarr;<\/span><\/a><\/p>\n","protected":false},"author":8284,"featured_media":0,"parent":41,"menu_order":0,"comment_status":"closed","ping_status":"closed","template":"","meta":{"footnotes":""},"class_list":["post-797","page","type-page","status-publish","hentry"],"_links":{"self":[{"href":"https:\/\/ddt21.noblogs.org\/index.php?rest_route=\/wp\/v2\/pages\/797","targetHints":{"allow":["GET"]}}],"collection":[{"href":"https:\/\/ddt21.noblogs.org\/index.php?rest_route=\/wp\/v2\/pages"}],"about":[{"href":"https:\/\/ddt21.noblogs.org\/index.php?rest_route=\/wp\/v2\/types\/page"}],"author":[{"embeddable":true,"href":"https:\/\/ddt21.noblogs.org\/index.php?rest_route=\/wp\/v2\/users\/8284"}],"replies":[{"embeddable":true,"href":"https:\/\/ddt21.noblogs.org\/index.php?rest_route=%2Fwp%2Fv2%2Fcomments&post=797"}],"version-history":[{"count":11,"href":"https:\/\/ddt21.noblogs.org\/index.php?rest_route=\/wp\/v2\/pages\/797\/revisions"}],"predecessor-version":[{"id":813,"href":"https:\/\/ddt21.noblogs.org\/index.php?rest_route=\/wp\/v2\/pages\/797\/revisions\/813"}],"up":[{"embeddable":true,"href":"https:\/\/ddt21.noblogs.org\/index.php?rest_route=\/wp\/v2\/pages\/41"}],"wp:attachment":[{"href":"https:\/\/ddt21.noblogs.org\/index.php?rest_route=%2Fwp%2Fv2%2Fmedia&parent=797"}],"curies":[{"name":"wp","href":"https:\/\/api.w.org\/{rel}","templated":true}]}}