{"id":612,"date":"2015-10-16T18:33:49","date_gmt":"2015-10-16T16:33:49","guid":{"rendered":"http:\/\/ddt21.noblogs.org\/?page_id=612"},"modified":"2022-04-06T19:30:06","modified_gmt":"2022-04-06T17:30:06","slug":"other-languages","status":"publish","type":"page","link":"https:\/\/ddt21.noblogs.org\/?page_id=612","title":{"rendered":"Other languages"},"content":{"rendered":"<div id=\"gt-res-c\" class=\"g-unit\">\n<div id=\"gt-res-p\">\n<div id=\"gt-res-data\">\n<div id=\"gt-res-wrap\">\n<div id=\"gt-res-content\" class=\"almost_half_cell\">\n<h2 style=\"text-align: center\"><em><span style=\"color: #ff0000\"><a href=\"https:\/\/ddt21.noblogs.org\/files\/2015\/10\/Alan-Turing-the-imitation-game-the-machine.jpg\"><img loading=\"lazy\" decoding=\"async\" class=\"aligncenter wp-image-662 size-large\" src=\"https:\/\/ddt21.noblogs.org\/files\/2015\/10\/Alan-Turing-the-imitation-game-the-machine-1024x498.jpg\" alt=\"Alan Turing the-imitation-game-the-machine\" width=\"640\" height=\"311\" srcset=\"https:\/\/ddt21.noblogs.org\/files\/2015\/10\/Alan-Turing-the-imitation-game-the-machine-1024x498.jpg 1024w, https:\/\/ddt21.noblogs.org\/files\/2015\/10\/Alan-Turing-the-imitation-game-the-machine-300x146.jpg 300w, https:\/\/ddt21.noblogs.org\/files\/2015\/10\/Alan-Turing-the-imitation-game-the-machine.jpg 1632w\" sizes=\"auto, (max-width: 640px) 100vw, 640px\" \/><\/a><\/span><\/em><\/h2>\n<h2 style=\"text-align: center\"><em><span id=\"result_box\" class=\"short_text\" lang=\"en\"><span class=\"hps\">\u00a0<\/span><\/span><\/em><\/h2>\n<\/div>\n<\/div>\n<\/div>\n<\/div>\n<\/div>\n<div id=\"gt-src-tools\"><\/div>\n<div><\/div>\n<div id=\"gt-input-tool\"><\/div>\n<h2 style=\"padding-left: 150px\"><span style=\"color: #993366\"><strong>English<\/strong><\/span><\/h2>\n<h4 style=\"padding-left: 160px\"><strong>&gt; G. D. &amp; T. L., \u00ab <a href=\"https:\/\/thesinisterquarter.wordpress.com\/2015\/02\/16\/kurdistan\/\" target=\"_blank\" rel=\"noopener noreferrer\">Kurdistan ?<\/a> \u00bb<\/strong> (january 2015)<\/h4>\n<h4 style=\"padding-left: 160px\"><strong>&gt; G. D. &amp; T. L., \u00ab <a href=\"http:\/\/www.troploin.fr\/node\/83\" target=\"_blank\" rel=\"noopener noreferrer\">Rojava : Reality &amp; Rhetoric <\/a>\u00bb <\/strong>(February 2015)<\/h4>\n<h4 style=\"padding-left: 160px\"><strong>&gt; G. D., \u00ab <a href=\"http:\/\/www.troploin.fr\/node\/85\" target=\"_blank\" rel=\"noopener noreferrer\">Federici versus Marx<\/a> \u00bb<\/strong>\u00a0 (october 2015)<\/h4>\n<h4 style=\"padding-left: 160px\"><strong>&gt; TKGV, \u00ab <a href=\"http:\/\/libcom.org\/news\/letter-%E2%80%98rojavist%E2%80%99-friends-12082016\" target=\"_blank\" rel=\"noopener noreferrer\">A Letter to \u2018Rojavist\u2019 Friends <\/a>\u00bb<\/strong>\u00a0 (August 2015)<\/h4>\n<h4 style=\"padding-left: 160px\"><strong>&gt; Tristan Leoni, \u00ab <a href=\"https:\/\/libcom.org\/news\/about-turkish-army-s-aggression-canton-afrin-rojava-21022018\" target=\"_blank\" rel=\"noopener noreferrer\">About the Turkish army\u2019s aggression on the canton of Afrin (Rojava)<\/a> \u00bb<\/strong>\u00a0 (February 19th, 2018 )<\/h4>\n<h4 style=\"padding-left: 160px\"><strong>Tristan Leoni, \u00ab <a href=\"https:\/\/www.autistici.org\/tridnivalka\/tristan-leoni-iraq-from-riot-to-impossible-reform-2018-2019\/\" target=\"_blank\" rel=\"noopener noreferrer\">Iraq, from riot to impossible reform. 2018-2019. Part one<\/a> \u00bb &amp; \u00ab <a href=\"https:\/\/enoughisenough14.org\/2020\/07\/31\/tristan-leoni-iraq-from-riot-to-impossible-reform-part-2-2019-political-reform-or-civil-war\/\" target=\"_blank\" rel=\"noopener noreferrer\">part two<\/a> \u00bb<\/strong> (november 2019 ) A print version collecting both parts <a href=\"https:\/\/illwilleditions.com\/iraq-from-riot-to-impossible-reform\/\" target=\"_blank\" rel=\"noopener noreferrer\">h<\/a><a href=\"https:\/\/illwilleditions.com\/iraq-from-riot-to-impossible-reform\/\" target=\"_blank\" rel=\"noopener noreferrer\">ere<\/a>.<\/h4>\n<p style=\"padding-left: 160px\"><strong>&gt; Tristan Leoni, \u00ab <a href=\"https:\/\/ddt21.noblogs.org\/?page_id=3014\" target=\"_blank\" rel=\"noopener noreferrer\">Abolish the police ?<\/a> \u00bb<\/strong> (september 2020 )<\/p>\n<p>&nbsp;<\/p>\n<h2 style=\"padding-left: 150px\"><span style=\"color: #993366\"><strong>Deutsch<\/strong><\/span><\/h2>\n<h4 style=\"padding-left: 150px\"><span style=\"color: #000000\"><strong>&gt; <\/strong><\/span><span style=\"color: #000000\"><strong>G. D., \u00ab<\/strong><\/span> <a href=\"http:\/\/www.kommunisierung.net\/spip.php?article26\" target=\"_blank\" rel=\"noopener noreferrer\"><strong>Die B\u00e4ckerin und der Theoretiker (zur Wertkritik)<\/strong><\/a> <span style=\"color: #000000\"><strong>\u00bb <\/strong>(mai 2014)<\/span><\/h4>\n<h4 style=\"padding-left: 150px\"><span style=\"color: #000000\"><strong>&gt; <\/strong><\/span><span style=\"color: #000000\"><strong>G. D. &amp; T. L. \u00ab<\/strong><\/span><a href=\"http:\/\/kommunisierung.net\/Rojava-Realitat-und-Rhetorik\" target=\"_blank\" rel=\"noopener noreferrer\">R<strong>ojava: Realit\u00e4t und Rhetorik<\/strong><\/a> <span style=\"color: #000000\"><strong>\u00bb <\/strong>(Februar 2015)<\/span><\/h4>\n<h4 style=\"padding-left: 150px\"><strong><span style=\"color: #000000\">&gt; Tristan Leoni, <\/span>\u00ab<\/strong> <a href=\"http:\/\/kommunisierung.net\/Kalifat-und-Barbarei-erster-Teil\" target=\"_blank\" rel=\"noopener noreferrer\"><strong>Kalifat und Barbarei (erster Teil)<\/strong><\/a> <strong>\u00bb <\/strong>( November 2015.)<\/h4>\n<h4 style=\"padding-left: 150px\"><strong><span style=\"color: #000000\">&gt; Tristan Leoni, <\/span>\u00ab <a href=\"https:\/\/kommunisierung.net\/Kalifat-und-Barbarei-zweiter-Teil\" target=\"_blank\" rel=\"noopener noreferrer\">Kalifat und Barbarei (zweiter Teil)<\/a> \u00bb <\/strong>( Dezember 2015.)<\/h4>\n<p style=\"padding-left: 160px\"><strong>&gt; Tristan Leoni, \u00ab <a href=\"https:\/\/kommunisierung.net\/Kalifat-und-Barbarei-dritter-Teil\" target=\"_blank\" rel=\"noopener noreferrer\">Kalifat und Barbarei (dritter Teil)<\/a> \u00bb<\/strong> ( <span lang=\"de\"><span title=\"\">Juli 2016<\/span><\/span>.)<\/p>\n<p style=\"padding-left: 160px\"><strong>&gt; Tristan Leoni, \u00ab<a href=\"https:\/\/kommunisierung.net\/Kalifat-und-Barbarei-vierter-Teil\" target=\"_blank\" rel=\"noopener noreferrer\"> Kalifat und Barbarei (vierter Teil)<\/a> \u00bb <\/strong>( Dezember 2017.)<br \/>\n<strong><br \/>\n&gt; Tristan Leoni, \u00ab<a href=\"http:\/\/panopticon.blogsport.eu\/2021\/01\/13\/frankreich-tristan-leoni-die-polizei-abschaffen\/#more-1738\" target=\"_blank\" rel=\"noopener noreferrer\">Die Polizei abschaffen?<\/a> \u00bb <\/strong>( <span class=\"VIiyi\" lang=\"de\"><span class=\"JLqJ4b ChMk0b\" data-language-for-alternatives=\"de\" data-language-to-translate-into=\"fr\" data-phrase-index=\"0\">September 2020<\/span><\/span>.)<\/p>\n<p>&nbsp;<\/p>\n<h2 style=\"padding-left: 150px\"><span style=\"color: #993366\"><strong><span id=\"result_box\" class=\"short_text\" lang=\"es\"><span class=\"hps\">Espa\u00f1ol<\/span><\/span><\/strong><\/span><\/h2>\n<h4 style=\"padding-left: 150px\"><span style=\"color: #000000\"><strong>&gt; G. D. &amp; T. L., \u00ab<\/strong><\/span><strong> <a href=\"http:\/\/www.editorialklinamen.net\/kurdistan\/\" target=\"_blank\" rel=\"noopener noreferrer\">\u00bfKurdist\u00e1n? <\/a><\/strong><span style=\"color: #000000\"><strong>\u00bb <\/strong>(enero de 2015)<\/span><\/h4>\n<h4 style=\"padding-left: 150px\"><span style=\"color: #000000\"><strong>&gt; G. D. , \u00ab<\/strong><\/span> <span style=\"color: #000000\"><strong><a href=\"http:\/\/www.taringa.net\/posts\/info\/19514194\/Anarquismo-Las-dudosas-virtudes-de-la-propaganda.html\" target=\"_blank\" rel=\"noopener noreferrer\">Las dudosas virtudes de la propaganda<\/a> \u00bb <\/strong>(enero de 2015)<\/span><\/h4>\n<h4 style=\"padding-left: 150px\"><strong>&gt; TKGV , \u00ab<\/strong> <strong><a href=\"https:\/\/www.autistici.org\/tridnivalka\/carta-a-los-amigos-rojavistas\/\" target=\"_blank\" rel=\"noopener noreferrer\">Carta a los amigos \u201crojavistas\u201dLas dudosas virtudes de la propaganda<\/a> \u00bb <\/strong>(mayo de 2015)<\/h4>\n<h4 style=\"padding-left: 150px\"><strong>&gt; <\/strong><strong>Tristan Leoni<\/strong><strong>,<\/strong> <strong>\u00ab<\/strong> <a href=\"https:\/\/www.autistici.org\/tridnivalka\/califato-barbarie-la-lucha-final-texto-completo\/\" target=\"_blank\" rel=\"noopener noreferrer\"><strong>Califato &amp; barbarie\u2026 \u00bfLa lucha final?<\/strong><\/a> <strong>\u00bb<\/strong> (diciembre 2017)<\/h4>\n<p style=\"padding-left: 160px\"><strong>&gt; <\/strong><strong>Tristan Leoni<\/strong><strong>,<\/strong> <strong>\u00ab<\/strong> <strong>\u00a0<a href=\"https:\/\/inutil.home.blog\/2020\/02\/28\/irak-del-motin-a-la-reforma-imposible-2018-2019\/\" target=\"_blank\" rel=\"noopener noreferrer\">Irak, del mot\u00edn a la reforma imposible 2018-2019. Primera parte : Rabia e incendios 2018<\/a><\/strong> <strong>\u00bb<\/strong> (noviembre 2019)<\/p>\n<p style=\"padding-left: 160px\"><strong>&gt; <\/strong><strong>Tristan Leoni &amp; C\u00e9line Alkamar<\/strong><strong>,<\/strong> <strong>\u00ab<\/strong> <strong>\u00a0<a href=\"https:\/\/rentry.co\/virusestadonosotros?fbclid=IwAR27HDlEBojGfIPhMHVkgHOfDRZyBBGVp2tBExdSke1WYrypCshAUr6Ttcc\" target=\"_blank\" rel=\"noopener noreferrer\">Cueste lo que cueste. El virus, el Estado y nosotros<\/a><\/strong> <strong>\u00bb<\/strong> (<span class=\"md-align md-right\"> abril 2020<\/span>)<\/p>\n<p style=\"padding-left: 160px\">&gt;<strong> G. D. , \u00ab\u00a0<a href=\"https:\/\/lapeste.org\/2020\/10\/gilles-dauve-virus-el-mundo-de-hoy\/\" target=\"_blank\" rel=\"noopener noreferrer\">Virus, el mundo de hoy<\/a> \u00bb<\/strong> (<span lang=\"es\"><span title=\"\">octubre<\/span><\/span> 2020)<\/p>\n<p style=\"padding-left: 160px\">&gt;<strong> G. D. , \u00ab <a href=\"https:\/\/panfletossubversivos.blogspot.com\/2022\/03\/covid-crisis-y-resiliencia-capitalista.html\" target=\"_blank\" rel=\"noopener noreferrer\">Covid, crisis y resiliencia capitalista<\/a> \u00bb<\/strong> (marzo de 2022)<\/p>\n<p>&nbsp;<\/p>\n<h2 style=\"padding-left: 160px;text-align: left\"><span style=\"color: #800080\"><strong><span class=\"tlid-translation translation\" lang=\"pt\"><span class=\"\" title=\"\">Portugues<\/span><\/span><\/strong><\/span><\/h2>\n<p style=\"padding-left: 160px;text-align: left\"><strong>&gt; G. D. &amp; T. L., <\/strong><strong>\u00ab\u00a0<a href=\"http:\/\/humanaesfera.blogspot.com\/2020\/01\/o-padeiro-e-o-teorico-sobre-teoria-da.html\" target=\"_blank\" rel=\"noopener noreferrer\">O padeiro e o te\u00f3rico (sobre a teoria da forma-valor)<\/a><\/strong> <strong>\u00bb <\/strong>(<span class=\"tlid-translation translation\" lang=\"pt\"><span class=\"\" title=\"\">maio 2014<\/span><\/span>)<\/p>\n<p style=\"padding-left: 160px\"><strong>&gt; G. D. &amp; T. L., <\/strong><strong>\u00ab\u00a0<a href=\"https:\/\/criticadesapiedada.com.br\/2020\/05\/10\/curdistao-avancos-e-limites-da-assim-chamada-revolucao-de-rojava-gilles-dauve\/\" target=\"_blank\" rel=\"noopener\">Curdist\u00e3o? Avan\u00e7os e Limites da assim chamada Revolu\u00e7\u00e3o de Rojava<\/a><\/strong> <strong>\u00bb <\/strong>(j<span class=\"VIiyi\" lang=\"pt\"><span class=\"JLqJ4b ChMk0b\" data-language-for-alternatives=\"pt\" data-language-to-translate-into=\"fr\" data-phrase-index=\"0\">aneiro de 2015<\/span><\/span> )<\/p>\n<p style=\"padding-left: 160px\"><strong>&gt; G. D., <\/strong><strong>\u00ab\u00a0<span style=\"color: #3366ff\"><a style=\"color: #3366ff\" href=\"https:\/\/criticadesapiedada.com.br\/2021\/03\/29\/virus-o-mundo-de-hoje-gilles-dauve\/\" target=\"_blank\" rel=\"noopener\">V\u00edrus, o mundo de hoje <\/a><\/span><\/strong> <strong>\u00bb <\/strong>(<span class=\"VIiyi\" lang=\"pt\"><span class=\"JLqJ4b ChMk0b\" data-language-for-alternatives=\"pt\" data-language-to-translate-into=\"fr\" data-phrase-index=\"0\">Setembro de 2020<\/span><\/span> )<\/p>\n<p><strong>\u00a0 \u00a0 \u00a0 \u00a0 \u00a0 \u00a0 \u00a0 \u00a0 \u00a0 \u00a0 \u00a0 \u00a0 \u00a0 \u00a0 \u00a0 \u00a0 \u00a0 \u00a0 \u00a0\u00a0 &gt; Tristan Leoni, <\/strong><strong>\u00ab\u00a0<a href=\"https:\/\/criticadesapiedada.com.br\/abolir-a-policia-tristan-leoni\/\" target=\"_blank\" rel=\"noopener\">Abolir a Pol\u00edcia ? <\/a><\/strong> <strong>\u00bb <\/strong>(<span class=\"VIiyi\" lang=\"pt\"><span class=\"JLqJ4b ChMk0b\" data-language-for-alternatives=\"pt\" data-language-to-translate-into=\"fr\" data-phrase-index=\"0\">setembro de 2020<\/span><\/span>)<\/p>\n<p style=\"padding-left: 160px\"><strong>&gt; Tristan Leoni, <\/strong><strong>\u00ab\u00a0<a href=\"https:\/\/www.autistici.org\/tridnivalka\/tristan-leoni-iraque-de-um-motim-a-uma-reforma-impossivel-2018-2019\/\" target=\"_blank\" rel=\"noopener\">Iraque, de um motim a uma reforma\u00a0 imposs\u00edvel (2018-2019)<\/a> <\/strong> <strong>\u00bb <\/strong>(dezembro de 2019 )<\/p>\n<p>&nbsp;<\/p>\n<p>&nbsp;<\/p>\n<h2 style=\"padding-left: 150px\"><span style=\"color: #993366\"><strong>Italiano<\/strong><\/span><\/h2>\n<h4 style=\"padding-left: 150px\"><span style=\"color: #000000\"><strong>&gt; G. D. &amp; T. L., <\/strong><\/span><strong>\u00ab <\/strong><a href=\"http:\/\/illatocattivo.blogspot.it\/2015\/02\/kurdistan.html\" target=\"_blank\" rel=\"noopener noreferrer\"><strong>Kurdistan ?<\/strong> <\/a><strong>\u00bb <\/strong><span style=\"color: #000000\">(gennaio 2015)<\/span><\/h4>\n<h4 style=\"padding-left: 150px\"><strong><span style=\"color: #000000\">&gt; Tristan Leoni, <\/span>\u00ab <span style=\"color: #000000\"><a href=\"https:\/\/dl.dropboxusercontent.com\/u\/12909575\/Califfato%20e%20barbarie%20%28trad.%20it.%29.pdf\" target=\"_blank\" rel=\"noopener noreferrer\">Califfato e barbarie<\/a> <\/span>\u00bb <\/strong>(\u00a0dicembre 2015)<\/h4>\n<h4 style=\"padding-left: 270px\"><span style=\"color: #3366ff\"><a style=\"color: #3366ff\" href=\"http:\/\/illatocattivo.blogspot.fr\/2016\/03\/califfato-e-barbarie-seconda-parte.html\" target=\"_blank\" rel=\"noopener noreferrer\"><strong>\u00ab Califfato e barbarie \u00bb, seconda parte<\/strong><\/a><\/span><\/h4>\n<h4 style=\"padding-left: 150px\"><span style=\"color: #000000\"><strong>&gt; G. D. , <\/strong><\/span><strong>\u00ab\u00a0<a href=\"http:\/\/illatocattivo.blogspot.it\/2015\/02\/kurdistan.html\" target=\"_blank\" rel=\"noopener noreferrer\">Homo 01 \/ Marx, Engels e gli uranidi <\/a>\u00bb <\/strong><span style=\"color: #000000\">(<span id=\"result_box\" class=\"short_text\" lang=\"it\"><span class=\"\">febbraio 2016<\/span><\/span>)<\/span><\/h4>\n<h4 style=\"padding-left: 150px\"><strong> &gt; G. D. , <\/strong><strong>\u00ab\u00a0<a href=\"http:\/\/francosenia.blogspot.fr\/2016\/04\/le-cose-e-le-parole.html\" target=\"_blank\" rel=\"noopener noreferrer\">Homo 02 \/ Un enigma molto interessante<\/a> \u00bb <\/strong>(<span id=\"result_box\" class=\"short_text\" lang=\"it\"><span class=\"\">marzo 2016<\/span><\/span>)<\/h4>\n<h4 style=\"padding-left: 150px\"><strong>&gt; G. D. , <\/strong><strong>\u00ab\u00a0<a href=\"http:\/\/francosenia.blogspot.fr\/2016\/06\/comunita-sessuali.html\" target=\"_blank\" rel=\"noopener noreferrer\">Homo 03 \/ La nascita di una \u00ab\u00a0questione sessuale\u00a0\u00bbUn enigma molto interessante <\/a>\u00bb <\/strong>(<span id=\"result_box\" class=\"short_text\" lang=\"it\"><span class=\"\">aprile 2016<\/span><\/span>)<\/h4>\n<h4 style=\"padding-left: 150px\"><strong>&gt; G. D. , <\/strong><strong>\u00ab <a href=\"http:\/\/francosenia.blogspot.fr\/2016\/10\/determinismo-climatico.html\" target=\"_blank\" rel=\"noopener noreferrer\">Crisi globale (societ\u00e0 e raffreddamento climatico nel 18\u00b0 secolo) <\/a>\u00bb <\/strong>(a<span id=\"result_box\" class=\"short_text\" lang=\"it\"><span class=\"\">gosto 2016<\/span><\/span>)<\/h4>\n<h4 style=\"padding-left: 150px\"><strong>&gt; G. D. , <\/strong><strong>\u00ab\u00a0<a href=\"http:\/\/francosenia.blogspot.fr\/2017\/03\/indeterminatezza.html\" target=\"_blank\" rel=\"noopener noreferrer\">Nebbie di guerra<\/a> \u00bb <\/strong>(<span id=\"result_box\" class=\"short_text\" lang=\"it\"><span class=\"\">giugno 2016<\/span><\/span>)<\/h4>\n<h4 style=\"padding-left: 150px\"><strong>&gt; Tristan Leoni, \u00ab <a href=\"http:\/\/francosenia.blogspot.fr\/2017\/10\/vederci-chiaro.html\" target=\"_blank\" rel=\"noopener noreferrer\">Sulla strada, fra incubo e caos<\/a> \u00bb <\/strong>( ottobre 2017)<\/h4>\n<h4 style=\"padding-left: 150px\">&gt; <a href=\"http:\/\/francosenia.blogspot.fr\/2017\/10\/discutendo.html\" target=\"_blank\" rel=\"noopener noreferrer\"><strong>Discutendo con Bruno Astarian<\/strong><\/a> (settembre 2017)<\/h4>\n<p style=\"padding-left: 160px\">&gt; <strong>G. D. , <\/strong><strong>\u00ab <a href=\"https:\/\/illatocattivo.blogspot.com\/2021\/10\/il-capitalismo-non-sara-mai-ecologico.html\" target=\"_blank\" rel=\"noopener\">Il capitalismo non sar\u00e0 mai ecologico<\/a> \u00bb <\/strong>(novembre 2020 )<\/p>\n<p>&nbsp;<\/p>\n<h2 style=\"padding-left: 150px\"><span style=\"color: #993366\"><strong><span id=\"result_box\" class=\"short_text\" lang=\"ru\"><span class=\"hps\">\u0440\u0443\u0441\u0441\u043a\u0438\u0439<\/span><\/span><\/strong><\/span><\/h2>\n<h4 style=\"padding-left: 150px\"><span style=\"color: #000000\"><strong>&gt; G. D. &amp; T. L., <\/strong><\/span><strong>\u00ab <a href=\"http:\/\/www.aitrus.info\/node\/4148\" target=\"_blank\" rel=\"noopener noreferrer\">\u0416\u0438\u043b\u044c \u0414\u043e\u0432\u0435. \u041a\u0443\u0440\u0434\u0438\u0441\u0442\u0430\u043d? <\/a>\u00bb <\/strong><span style=\"color: #000000\">(<span id=\"result_box\" class=\"short_text\" lang=\"ru\"><span class=\"hps\">\u042f\u043d\u0432\u0430\u0440\u044c 2015<\/span><\/span>)<\/span><\/h4>\n<p>&nbsp;<\/p>\n<h2 style=\"padding-left: 150px\"><span style=\"color: #993366\"><strong><span id=\"result_box\" class=\"short_text\" lang=\"cs\"><span class=\"hps\">\u010de\u0161tina<\/span><\/span><\/strong><\/span><\/h2>\n<h4 style=\"padding-left: 150px\"><span style=\"color: #000000\"><strong>&gt; G. D. &amp; T. L., <\/strong><\/span><strong>\u00ab <a href=\"https:\/\/www.autistici.org\/tridnivalka\/kurdistan-cs\/\" target=\"_blank\" rel=\"noopener noreferrer\">Kurdist\u00e1n?<\/a> \u00bb <\/strong><span style=\"color: #000000\">(<span id=\"result_box\" class=\"short_text\" lang=\"cs\"><span class=\"hps\">leden<\/span> <span class=\"hps\">do roku 2015<\/span><\/span>)<\/span><\/h4>\n<p>&nbsp;<\/p>\n<h2 style=\"padding-left: 150px\"><span style=\"color: #993366\"><strong><span id=\"result_box\" class=\"short_text\" lang=\"cs\"><span class=\"hps\"><span id=\"result_box\" class=\"short_text\" lang=\"el\">\u03b5\u03bb\u03bb\u03b7\u03bd\u03b9\u03ba\u03ac<\/span><\/span><\/span><\/strong><\/span><\/h2>\n<h4 style=\"padding-left: 150px\"><span style=\"color: #000000\"><strong>&gt; G. D. &amp; T. L., <\/strong><\/span><strong>\u00ab\u00a0<a href=\"http:\/\/2008-2012.net\/2016\/02\/21\/rojava-%CF%80%CF%81%CE%B1%CE%B3%CE%BC%CE%B1%CF%84%CE%B9%CE%BA%CF%8C%CF%84%CE%B7%CF%84%CE%B1-%CF%81%CE%B7%CF%84%CE%BF%CF%81%CE%B9%CE%BA%CE%AE-2015\/\" target=\"_blank\" rel=\"noopener noreferrer\">Rojava: \u03a0\u03c1\u03b1\u03b3\u03bc\u03b1\u03c4\u03b9\u03ba\u03cc\u03c4\u03b7\u03c4\u03b1 &amp; \u03a1\u03b7\u03c4\u03bf\u03c1\u03b9\u03ba\u03ae<\/a> \u00bb <\/strong><span style=\"color: #000000\">(\u03a6\u03b5\u03b2\u03c1\u03bf\u03c5\u03ac\u03c1\u03b9\u03bf\u03c2 2015)<\/span><\/h4>\n<h4 style=\"padding-left: 150px\"><span style=\"color: #000000\"><strong>&gt; Tristan Leoni, <\/strong><\/span><strong>\u00ab<\/strong> <a href=\"https:\/\/2008-2012.net\/2016\/04\/03\/%CF%87%CE%B1%CE%BB%CE%B9%CF%86%CE%AC%CF%84%CE%BF-%CE%BA%CE%B1%CE%B9-%CE%B2%CE%B1%CF%81%CE%B2%CE%B1%CF%81%CF%8C%CF%84%CE%B7%CF%84%CE%B1-%CF%80%CF%81%CF%8E%CF%84%CE%BF-%CE%BC%CE%AD%CF%81%CE%BF%CF%82\/\" target=\"_blank\" rel=\"noopener noreferrer\"><strong>\u03a7\u03b1\u03bb\u03b9\u03c6\u03ac\u03c4\u03bf \u03ba\u03b1\u03b9 \u03b2\u03b1\u03c1\u03b2\u03b1\u03c1\u03cc\u03c4\u03b7\u03c4\u03b1 (\u03c0\u03c1\u03ce\u03c4\u03bf \u03bc\u03ad\u03c1\u03bf\u03c2)<\/strong><\/a> <strong>\u00bb\u00a0 <\/strong><span style=\"color: #000000\">(\u039d\u03bf\u03ad\u03bc\u03b2\u03c1\u03b9\u03bf\u03c2 2015)<\/span><\/h4>\n<h4 style=\"padding-left: 150px\"><span style=\"color: #000000\"><strong>&gt; Tristan Leoni, <\/strong><\/span><strong>\u00ab<a href=\"https:\/\/2008-2012.net\/2016\/08\/23\/%CF%87%CE%B1%CE%BB%CE%B9%CF%86%CE%AC%CF%84%CE%BF-%CE%BA%CE%B1%CE%B9-%CE%B2%CE%B1%CF%81%CE%B2%CE%B1%CF%81%CF%8C%CF%84%CE%B7%CF%84%CE%B1-%CE%B4%CE%B5%CF%8D%CF%84%CE%B5%CF%81%CE%BF-%CE%BC%CE%AD%CF%81\/\" target=\"_blank\" rel=\"noopener noreferrer\"> \u03a7\u03b1\u03bb\u03b9\u03c6\u03ac\u03c4\u03bf \u03ba\u03b1\u03b9 \u03b2\u03b1\u03c1\u03b2\u03b1\u03c1\u03cc\u03c4\u03b7\u03c4\u03b1 (\u03b4\u03b5\u03cd\u03c4\u03b5\u03c1\u03bf \u03bc\u03ad\u03c1\u03bf\u03c2)<\/a><\/strong> \u00bb\u00a0 <span style=\"color: #000000\">( \u0394\u03b5\u03ba\u03ad\u03bc\u03b2\u03c1\u03b9\u03bf\u03c2 2015)<\/span><\/h4>\n<h4 style=\"padding-left: 150px\"><span style=\"color: #000000\"><strong>&gt; TKGV, <\/strong><\/span><strong>\u00ab <a href=\"https:\/\/2008-2012.net\/2016\/09\/08\/%CE%B5%CF%80%CE%B9%CF%83%CF%84%CE%BF%CE%BB%CE%AE-%CF%80%CF%81%CE%BF%CF%82-%CF%86%CE%AF%CE%BB%CE%BF%CF%85%CF%82-%CF%81%CE%BF%CE%B6%CE%B1%CE%B2%CE%B9%CF%83%CF%84%CE%AD%CF%82\/\" target=\"_blank\" rel=\"noopener noreferrer\">\u0395\u03c0\u03b9\u03c3\u03c4\u03bf\u03bb\u03ae \u03c0\u03c1\u03bf\u03c2 \u03c6\u03af\u03bb\u03bf\u03c5\u03c2 \u00ab\u03c1\u03bf\u03b6\u03b1\u03b2\u03b9\u03c3\u03c4\u03ad\u03c2\u00bb<\/a><\/strong> \u00bb\u00a0 <span style=\"color: #000000\">(\u039c\u03ac\u03b9\u03bf\u03c2 2016)<\/span><\/h4>\n<h4 style=\"padding-left: 150px\">&gt;<strong> G.D.<\/strong>,\u00a0<strong>\u00ab <a href=\"https:\/\/alertacomunista.wordpress.com\/2018\/01\/15\/on-woman-question\/\" target=\"_blank\" rel=\"noopener noreferrer\">\u0393\u03b9\u03b1 \u03c4\u03bf \u00ab\u00a0\u0393\u03c5\u03bd\u03b1\u03b9\u03ba\u03b5\u03af\u03bf \u0396\u03ae\u03c4\u03b7\u03bc\u03b1\u00a0\u00bb<\/a><\/strong> \u00bb (\u0399\u03bf\u03cd\u03bb\u03b9\u03bf\u03c2 2016)<\/h4>\n<h4 style=\"padding-left: 150px\">&gt;<strong> G.D.<\/strong>,\u00a0<strong>\u00ab <a href=\"https:\/\/alertacomunista.wordpress.com\/2018\/01\/17\/federici-vs-marx\/\" target=\"_blank\" rel=\"noopener noreferrer\">\u03a6\u03b5\u03bd\u03c4\u03b5\u03c1\u03af\u03c4\u03c3\u03b9 \u03b5\u03bd\u03b1\u03bd\u03c4\u03af\u03bf\u03bd \u039c\u03b1\u03c1\u03be<\/a> <\/strong>\u00bb<span style=\"color: #000000\"> (<span id=\"result_box\" class=\"short_text\" lang=\"el\"><span class=\"\">\u039f\u03ba\u03c4\u03ce\u03b2\u03c1\u03b9\u03bf\u03c2 2015<\/span><\/span>)<\/span><\/h4>\n<p>&nbsp;<\/p>\n<p>&nbsp;<\/p>\n<p>&nbsp;<\/p>\n<p>&nbsp;<\/p>\n<p>&nbsp;<\/p>\n<p>&nbsp;<\/p>\n<p>&nbsp;<\/p>\n<h1 class=\"h1 \"><\/h1>\n<h4 style=\"padding-left: 150px\"><span style=\"color: #000000\"><strong>\u00a0<\/strong><\/span><\/h4>\n<p>&nbsp;<\/p>\n","protected":false},"excerpt":{"rendered":"<p>\u00a0 English &gt; G. D. &amp; T. L., \u00ab Kurdistan ? \u00bb (january 2015) &gt; G. D. &amp; T. L., \u00ab Rojava : Reality &amp; Rhetoric \u00bb (February 2015) &gt; G. D., \u00ab Federici versus Marx \u00bb\u00a0 (october 2015) &gt; &hellip; <a href=\"https:\/\/ddt21.noblogs.org\/?page_id=612\">Continuer la lecture <span class=\"meta-nav\">&rarr;<\/span><\/a><\/p>\n","protected":false},"author":8284,"featured_media":0,"parent":0,"menu_order":0,"comment_status":"closed","ping_status":"closed","template":"","meta":{"footnotes":""},"class_list":["post-612","page","type-page","status-publish","hentry"],"_links":{"self":[{"href":"https:\/\/ddt21.noblogs.org\/index.php?rest_route=\/wp\/v2\/pages\/612","targetHints":{"allow":["GET"]}}],"collection":[{"href":"https:\/\/ddt21.noblogs.org\/index.php?rest_route=\/wp\/v2\/pages"}],"about":[{"href":"https:\/\/ddt21.noblogs.org\/index.php?rest_route=\/wp\/v2\/types\/page"}],"author":[{"embeddable":true,"href":"https:\/\/ddt21.noblogs.org\/index.php?rest_route=\/wp\/v2\/users\/8284"}],"replies":[{"embeddable":true,"href":"https:\/\/ddt21.noblogs.org\/index.php?rest_route=%2Fwp%2Fv2%2Fcomments&post=612"}],"version-history":[{"count":61,"href":"https:\/\/ddt21.noblogs.org\/index.php?rest_route=\/wp\/v2\/pages\/612\/revisions"}],"predecessor-version":[{"id":3417,"href":"https:\/\/ddt21.noblogs.org\/index.php?rest_route=\/wp\/v2\/pages\/612\/revisions\/3417"}],"wp:attachment":[{"href":"https:\/\/ddt21.noblogs.org\/index.php?rest_route=%2Fwp%2Fv2%2Fmedia&parent=612"}],"curies":[{"name":"wp","href":"https:\/\/api.w.org\/{rel}","templated":true}]}}