{"id":3056,"date":"2020-11-24T10:07:00","date_gmt":"2020-11-24T09:07:00","guid":{"rendered":"https:\/\/ddt21.noblogs.org\/?page_id=3056"},"modified":"2021-06-27T16:18:40","modified_gmt":"2021-06-27T14:18:40","slug":"pommes-de-terre-contre-gratte-ciel","status":"publish","type":"page","link":"https:\/\/ddt21.noblogs.org\/?page_id=3056","title":{"rendered":"Pommes de terre contre gratte-ciel."},"content":{"rendered":"<p><a href=\"https:\/\/ddt21.noblogs.org\/files\/2020\/10\/0-scaled.jpg\"><img loading=\"lazy\" decoding=\"async\" class=\"size-large wp-image-3031 alignnone\" src=\"https:\/\/ddt21.noblogs.org\/files\/2020\/10\/0-1024x768.jpg\" alt=\"\" width=\"640\" height=\"480\" srcset=\"https:\/\/ddt21.noblogs.org\/files\/2020\/10\/0-1024x768.jpg 1024w, https:\/\/ddt21.noblogs.org\/files\/2020\/10\/0-300x225.jpg 300w, https:\/\/ddt21.noblogs.org\/files\/2020\/10\/0-768x576.jpg 768w, https:\/\/ddt21.noblogs.org\/files\/2020\/10\/0-1536x1152.jpg 1536w, https:\/\/ddt21.noblogs.org\/files\/2020\/10\/0-2048x1536.jpg 2048w\" sizes=\"auto, (max-width: 640px) 100vw, 640px\" \/><\/a><\/p>\n<h1 align=\"JUSTIFY\"><span style=\"color: #008000\"><strong>\u00c0 propos d\u2019\u00e9cologie<\/strong><\/span><\/h1>\n<h3 align=\"JUSTIFY\"><a href=\"https:\/\/ddt21.noblogs.org\/files\/2020\/10\/0-scaled.jpg\"><img loading=\"lazy\" decoding=\"async\" class=\"alignleft size-thumbnail wp-image-3031\" src=\"https:\/\/ddt21.noblogs.org\/files\/2020\/10\/0-150x150.jpg\" alt=\"\" width=\"150\" height=\"150\" \/><\/a>\u00c9pisode 01 :<br \/>\n<a href=\"https:\/\/ddt21.noblogs.org\/?page_id=3025\" target=\"_blank\" rel=\"noopener noreferrer\"><strong>Question ancienne et nouvelle<\/strong><\/a> (octobre 2020)<strong><br \/>\n<\/strong><\/h3>\n<h3 align=\"JUSTIFY\"><a href=\"https:\/\/ddt21.noblogs.org\/files\/2020\/11\/02.Le-capitalisme-ne-sera-pas-\u00e9cologique-2.jpg\"><img loading=\"lazy\" decoding=\"async\" class=\"alignleft size-thumbnail wp-image-3059\" src=\"https:\/\/ddt21.noblogs.org\/files\/2020\/11\/02.Le-capitalisme-ne-sera-pas-\u00e9cologique-2-150x150.jpg\" alt=\"\" width=\"150\" height=\"150\" \/><\/a>\u00c9pisode 02 :<br \/>\n<a href=\"https:\/\/ddt21.noblogs.org\/?page_id=3053\" target=\"_blank\" rel=\"noopener noreferrer\"><strong>Le capitalisme ne sera pas \u00e9cologique <\/strong><\/a>(novembre 2020)<\/h3>\n<p>&nbsp;<\/p>\n<h3><a href=\"https:\/\/ddt21.noblogs.org\/files\/2020\/11\/\u00e9cologie-bourgeoise-01.jpg\"><img loading=\"lazy\" decoding=\"async\" class=\"alignleft size-thumbnail wp-image-3087\" src=\"https:\/\/ddt21.noblogs.org\/files\/2020\/11\/\u00e9cologie-bourgeoise-01-150x150.jpg\" alt=\"\" width=\"150\" height=\"150\" \/><\/a><span style=\"color: #000000\">\u00c9pisode 03 :<\/span><br \/>\n<a href=\"https:\/\/ddt21.noblogs.org\/?page_id=3098\" target=\"_blank\" rel=\"noopener noreferrer\"><strong>\u00c9cologie&#8230; bourgeoise<\/strong><\/a> (d\u00e9cembre 2020)<\/h3>\n<h3><a href=\"https:\/\/ddt21.noblogs.org\/files\/2021\/01\/04-ECHEC-DE-LECOLOGIE-POLITIQUE-1.jpg\"><img loading=\"lazy\" decoding=\"async\" class=\"alignleft wp-image-3119 size-thumbnail\" src=\"https:\/\/ddt21.noblogs.org\/files\/2021\/01\/04-ECHEC-DE-LECOLOGIE-POLITIQUE-1-150x150.jpg\" alt=\"\" width=\"150\" height=\"150\" \/><\/a>\u00c9pisode 04 :<br \/>\n<a href=\"https:\/\/ddt21.noblogs.org\/?page_id=3098\" target=\"_blank\" rel=\"noopener noreferrer\"><strong>\u00c9chec de l\u2019\u00e9cologie politique<\/strong><\/a> (janvier 2021)<\/h3>\n<p>&nbsp;<\/p>\n<p>&nbsp;<\/p>\n<h3><a href=\"https:\/\/ddt21.noblogs.org\/files\/2021\/02\/02-De-lanthropocene-au-capitalocene.jpg\"><img loading=\"lazy\" decoding=\"async\" class=\"alignleft size-thumbnail wp-image-3143\" src=\"https:\/\/ddt21.noblogs.org\/files\/2021\/02\/02-De-lanthropocene-au-capitalocene-150x150.jpg\" alt=\"\" width=\"150\" height=\"150\" \/><\/a>\u00c9pisode 05 :<br \/>\n<a href=\"https:\/\/ddt21.noblogs.org\/?page_id=3135\" target=\"_blank\" rel=\"noopener\"><strong>De l\u2019anthropoc\u00e8ne au capitaloc\u00e8ne<\/strong><\/a> (f\u00e9vrier 2021)<\/h3>\n<p>&nbsp;<\/p>\n<p>&nbsp;<\/p>\n<p><a href=\"https:\/\/ddt21.noblogs.org\/files\/2021\/03\/0-AA-1-scaled.jpg\"><img loading=\"lazy\" decoding=\"async\" class=\"alignleft size-thumbnail wp-image-3193\" src=\"https:\/\/ddt21.noblogs.org\/files\/2021\/03\/0-AA-1-150x150.jpg\" alt=\"\" width=\"150\" height=\"150\" \/><\/a>\u00c9pisode 06 :<br \/>\n<a href=\"https:\/\/ddt21.noblogs.org\/?page_id=3135\" target=\"_blank\" rel=\"noopener\"><strong>La fin du monde n\u2019aura pas lieu<\/strong><\/a> (mars 2021)<\/p>\n<p>&nbsp;<\/p>\n<p>&nbsp;<\/p>\n<p><a href=\"https:\/\/ddt21.noblogs.org\/files\/2021\/04\/00-Ecologie-capitalisme-ou-communisme-02.jpg\"><img loading=\"lazy\" decoding=\"async\" class=\"alignleft size-thumbnail wp-image-3222\" src=\"https:\/\/ddt21.noblogs.org\/files\/2021\/04\/00-Ecologie-capitalisme-ou-communisme-02-150x150.jpg\" alt=\"\" width=\"150\" height=\"150\" \/><\/a>\u00c9pisode 07 :<br \/>\n<a href=\"https:\/\/ddt21.noblogs.org\/?page_id=3214\" target=\"_blank\" rel=\"noopener\"><strong>\u00c9cologie : capitalisme ou communisme ?<\/strong><\/a> (avril 2021)<\/p>\n<p>&nbsp;<\/p>\n<p>&nbsp;<\/p>\n<p><a href=\"https:\/\/ddt21.noblogs.org\/files\/2021\/06\/08.CAUSE-PERDUE-1.jpg\"><img loading=\"lazy\" decoding=\"async\" class=\"alignleft size-thumbnail wp-image-3258\" src=\"https:\/\/ddt21.noblogs.org\/files\/2021\/06\/08.CAUSE-PERDUE-1-150x150.jpg\" alt=\"\" width=\"150\" height=\"150\" \/><\/a>\u00c9pisode 08 :<br \/>\n<a href=\"https:\/\/ddt21.noblogs.org\/?page_id=3254\" target=\"_blank\" rel=\"noopener\"><strong>Cause perdue<\/strong><\/a> (mai 2021)<\/p>\n","protected":false},"excerpt":{"rendered":"<p>\u00c0 propos d\u2019\u00e9cologie \u00c9pisode 01 : Question ancienne et nouvelle (octobre 2020) \u00c9pisode 02 : Le capitalisme ne sera pas \u00e9cologique (novembre 2020) &nbsp; \u00c9pisode 03 : \u00c9cologie&#8230; bourgeoise (d\u00e9cembre 2020) \u00c9pisode 04 : \u00c9chec de l\u2019\u00e9cologie politique (janvier 2021) &hellip; <a href=\"https:\/\/ddt21.noblogs.org\/?page_id=3056\">Continuer la lecture <span class=\"meta-nav\">&rarr;<\/span><\/a><\/p>\n","protected":false},"author":8284,"featured_media":0,"parent":3025,"menu_order":0,"comment_status":"open","ping_status":"closed","template":"","meta":{"footnotes":""},"class_list":["post-3056","page","type-page","status-publish","hentry"],"_links":{"self":[{"href":"https:\/\/ddt21.noblogs.org\/index.php?rest_route=\/wp\/v2\/pages\/3056","targetHints":{"allow":["GET"]}}],"collection":[{"href":"https:\/\/ddt21.noblogs.org\/index.php?rest_route=\/wp\/v2\/pages"}],"about":[{"href":"https:\/\/ddt21.noblogs.org\/index.php?rest_route=\/wp\/v2\/types\/page"}],"author":[{"embeddable":true,"href":"https:\/\/ddt21.noblogs.org\/index.php?rest_route=\/wp\/v2\/users\/8284"}],"replies":[{"embeddable":true,"href":"https:\/\/ddt21.noblogs.org\/index.php?rest_route=%2Fwp%2Fv2%2Fcomments&post=3056"}],"version-history":[{"count":11,"href":"https:\/\/ddt21.noblogs.org\/index.php?rest_route=\/wp\/v2\/pages\/3056\/revisions"}],"predecessor-version":[{"id":3272,"href":"https:\/\/ddt21.noblogs.org\/index.php?rest_route=\/wp\/v2\/pages\/3056\/revisions\/3272"}],"up":[{"embeddable":true,"href":"https:\/\/ddt21.noblogs.org\/index.php?rest_route=\/wp\/v2\/pages\/3025"}],"wp:attachment":[{"href":"https:\/\/ddt21.noblogs.org\/index.php?rest_route=%2Fwp%2Fv2%2Fmedia&parent=3056"}],"curies":[{"name":"wp","href":"https:\/\/api.w.org\/{rel}","templated":true}]}}