{"id":28,"date":"2014-05-06T20:16:18","date_gmt":"2014-05-06T18:16:18","guid":{"rendered":"http:\/\/ddt21.noblogs.org\/?page_id=28"},"modified":"2021-10-09T10:53:12","modified_gmt":"2021-10-09T08:53:12","slug":"liens","status":"publish","type":"page","link":"https:\/\/ddt21.noblogs.org\/?page_id=28","title":{"rendered":"LIENS"},"content":{"rendered":"<p><a href=\"https:\/\/ddt21.noblogs.org\/files\/2014\/05\/Cat_piano_1883.jpg\"><img loading=\"lazy\" decoding=\"async\" class=\"alignnone wp-image-58 size-medium\" src=\"https:\/\/ddt21.noblogs.org\/files\/2014\/05\/Cat_piano_1883-300x163.jpg\" alt=\"Cat_piano_1883 ddt21\" width=\"300\" height=\"163\" srcset=\"https:\/\/ddt21.noblogs.org\/files\/2014\/05\/Cat_piano_1883-300x163.jpg 300w, https:\/\/ddt21.noblogs.org\/files\/2014\/05\/Cat_piano_1883.jpg 368w\" sizes=\"auto, (max-width: 300px) 100vw, 300px\" \/><\/a><\/p>\n<p><strong><a href=\"http:\/\/www.archivesautonomies.org\/\">Archives Autonomies.<\/a>\u00a0 <em>Fragments d&rsquo;histoire de la gauche radicale<\/em><\/strong><\/p>\n<p><strong><a href=\"http:\/\/www.marxists.org\/francais\/index.htm\">Marxists.org<\/a> <em>Archives internet des marxistes<\/em><\/strong><\/p>\n<p><strong><a href=\"https:\/\/blastemeor.noblogs.org\/\">Blast &amp; Meor<\/a><em> Subversion iconoclaste et d\u00e9boussolante<\/em><\/strong><\/p>\n<p><strong><a href=\"http:\/\/dndf.org\/\">DNDF.<\/a> <em>Des nouvelles du front<\/em><\/strong><\/p>\n<p><strong><a href=\"http:\/\/www.geocities.com\/~Johngray\/\">John Gray.<\/a> <em>For communism<\/em><\/strong><\/p>\n<p><strong><a href=\"http:\/\/www.hicsalta-communisation.com\/\">Hic Salta &#8211; Communisation.<\/a> \u00a0<em> Textes de Bruno Astarian et autres<\/em><\/strong><\/p>\n<p><strong><a href=\"https:\/\/incendo.noblogs.org\/\">Incendo.<\/a> <em>Sur le rapport entre genres et classes<\/em><\/strong><\/p>\n<p><strong><a href=\"https:\/\/passage-des-amants.fr\/\" target=\"_blank\" rel=\"noopener noreferrer\">Passage des amants.<\/a> <em>Romans &amp; autres r\u00e9cits<\/em><\/strong><\/p>\n<p><strong><a href=\"https:\/\/quatre.zone\" target=\"_blank\" rel=\"noopener\">Quatre.<\/a> <em>Un site de brochures \u00e0 t\u00e9l\u00e9charger en PDF.<\/em><\/strong><\/p>\n<p><strong><a href=\"http:\/\/www.collectif-smolny.org\/\">Smolny.<\/a> <em>Collectif d&rsquo;\u00e9dition des introuvables du mouvement ouvrier<\/em><\/strong><\/p>\n<p><strong><a href=\"http:\/\/www.troploin.fr\/\">Troploin<\/a><em> Si nous ne brulons pas, comment \u00e9clairer la nuit ?<\/em><\/strong><\/p>\n<p><strong><a href=\"http:\/\/vosstanie.blogspot.fr\/\">Vosstanie<\/a><em> Web radio communiste r\u00e9volutionnaire<\/em><\/strong><\/p>\n<p>&nbsp;<\/p>\n","protected":false},"excerpt":{"rendered":"<p>Archives Autonomies.\u00a0 Fragments d&rsquo;histoire de la gauche radicale Marxists.org Archives internet des marxistes Blast &amp; Meor Subversion iconoclaste et d\u00e9boussolante DNDF. Des nouvelles du front John Gray. For communism Hic Salta &#8211; Communisation. \u00a0 Textes de Bruno Astarian et autres &hellip; <a href=\"https:\/\/ddt21.noblogs.org\/?page_id=28\">Continuer la lecture <span class=\"meta-nav\">&rarr;<\/span><\/a><\/p>\n","protected":false},"author":8284,"featured_media":0,"parent":0,"menu_order":0,"comment_status":"closed","ping_status":"closed","template":"","meta":{"footnotes":""},"class_list":["post-28","page","type-page","status-publish","hentry"],"_links":{"self":[{"href":"https:\/\/ddt21.noblogs.org\/index.php?rest_route=\/wp\/v2\/pages\/28","targetHints":{"allow":["GET"]}}],"collection":[{"href":"https:\/\/ddt21.noblogs.org\/index.php?rest_route=\/wp\/v2\/pages"}],"about":[{"href":"https:\/\/ddt21.noblogs.org\/index.php?rest_route=\/wp\/v2\/types\/page"}],"author":[{"embeddable":true,"href":"https:\/\/ddt21.noblogs.org\/index.php?rest_route=\/wp\/v2\/users\/8284"}],"replies":[{"embeddable":true,"href":"https:\/\/ddt21.noblogs.org\/index.php?rest_route=%2Fwp%2Fv2%2Fcomments&post=28"}],"version-history":[{"count":9,"href":"https:\/\/ddt21.noblogs.org\/index.php?rest_route=\/wp\/v2\/pages\/28\/revisions"}],"predecessor-version":[{"id":3303,"href":"https:\/\/ddt21.noblogs.org\/index.php?rest_route=\/wp\/v2\/pages\/28\/revisions\/3303"}],"wp:attachment":[{"href":"https:\/\/ddt21.noblogs.org\/index.php?rest_route=%2Fwp%2Fv2%2Fmedia&parent=28"}],"curies":[{"name":"wp","href":"https:\/\/api.w.org\/{rel}","templated":true}]}}