{"id":2701,"date":"2020-03-29T13:58:49","date_gmt":"2020-03-29T11:58:49","guid":{"rendered":"https:\/\/ddt21.noblogs.org\/?page_id=2701"},"modified":"2020-03-29T14:05:51","modified_gmt":"2020-03-29T12:05:51","slug":"lpr-salman-le-divin-blasphemateur","status":"publish","type":"page","link":"https:\/\/ddt21.noblogs.org\/?page_id=2701","title":{"rendered":"LPR \/ Salman, le divin blasph\u00e9mateur"},"content":{"rendered":"<p><a href=\"https:\/\/ddt21.noblogs.org\/files\/2020\/03\/Salman-Rushdie-ddt21-Lola-Miesseroff-2.jpg\"><img loading=\"lazy\" decoding=\"async\" class=\"alignleft wp-image-2708 size-large\" src=\"https:\/\/ddt21.noblogs.org\/files\/2020\/03\/Salman-Rushdie-ddt21-Lola-Miesseroff-2-1024x683.jpg\" alt=\"\" width=\"640\" height=\"427\" srcset=\"https:\/\/ddt21.noblogs.org\/files\/2020\/03\/Salman-Rushdie-ddt21-Lola-Miesseroff-2-1024x683.jpg 1024w, https:\/\/ddt21.noblogs.org\/files\/2020\/03\/Salman-Rushdie-ddt21-Lola-Miesseroff-2-300x200.jpg 300w, https:\/\/ddt21.noblogs.org\/files\/2020\/03\/Salman-Rushdie-ddt21-Lola-Miesseroff-2-768x512.jpg 768w, https:\/\/ddt21.noblogs.org\/files\/2020\/03\/Salman-Rushdie-ddt21-Lola-Miesseroff-2-1536x1024.jpg 1536w, https:\/\/ddt21.noblogs.org\/files\/2020\/03\/Salman-Rushdie-ddt21-Lola-Miesseroff-2.jpg 1710w\" sizes=\"auto, (max-width: 640px) 100vw, 640px\" \/><\/a><\/p>\n<p align=\"JUSTIFY\"><span style=\"font-family: Georgia, serif\"><span style=\"font-size: medium\">\u00a0 <\/span><\/span><\/p>\n<p align=\"JUSTIFY\"><span style=\"font-family: Georgia, serif\"><span style=\"font-size: medium\">\u00a0\u00a0\u00a0\u00a0 Salman Rushdie est un fabuleux conteur dont les livres nous embarquent simultan\u00e9ment ou tour \u00e0 tour dans des aventures loufoques et truculentes o\u00f9 le surnaturel se m\u00eale au quotidien, le pass\u00e9 lointain \u00e0 l\u2019actualit\u00e9 r\u00e9cente, la fantaisie au rire. Mais ce n\u2019est malheureusement pas pour ces qualit\u00e9s que <\/span><\/span><span style=\"font-family: Georgia, serif\"><span style=\"font-size: medium\"><i>Les Versets sataniques<\/i><\/span><\/span><span style=\"font-family: Georgia, serif\"><span style=\"font-size: medium\"> est le plus connu de ses livres depuis sa parution en 1988. Et les ressorts de cette funeste c\u00e9l\u00e9brit\u00e9 sont toujours \u00e0 l\u2019\u0153uvre aujourd\u2019hui.<\/span><\/span><\/p>\n<p align=\"JUSTIFY\"><span style=\"font-family: Georgia, serif\"><span style=\"font-size: medium\">\u00c0 l\u2019heure o\u00f9 une jeune profanatrice<\/span><\/span><sup><span style=\"font-family: Georgia, serif\"><span style=\"font-size: medium\"><a class=\"sdfootnoteanc\" href=\"#sdfootnote1sym\" name=\"sdfootnote1anc\">1<\/a><\/span><\/span><\/sup><span style=\"font-family: Georgia, serif\"><span style=\"font-size: medium\"> n\u2019est d\u00e9fendue que par l\u2019extr\u00eame droite et les sociaux-d\u00e9mocrates, o\u00f9 il serait malvenu de critiquer une religion parce qu\u2019elle serait celle \u00ab\u00a0des opprim\u00e9s\u00a0\u00bb, o\u00f9 le \u00ab\u00a0respect\u00a0\u00bb culturel conduirait \u00e0 tol\u00e9rer m\u00eame les coutumes les plus coercitives et les plus cruelles, il est donc grand temps de lire, relire et faire lire <\/span><\/span><span style=\"font-family: Georgia, serif\"><span style=\"font-size: medium\"><i>Les Versets sataniques<\/i><\/span><\/span><span style=\"font-family: Georgia, serif\"><span style=\"font-size: medium\">. Et de se demander aussi pourquoi ce roman peut susciter tant de haine.<\/span><\/span><\/p>\n<p align=\"JUSTIFY\"><span style=\"font-family: Georgia, serif\"><span style=\"font-size: medium\">Pour celles et ceux qui ne l\u2019auraient pas lu, il s\u2019agit d\u2019un livre foisonnant qui tisse ensemble deux r\u00e9cits parall\u00e8les. L\u2019un, qui est le plus fourni, relate les aventures contemporaines de deux Indiens impr\u00e9gn\u00e9s de culture britannique et l\u2019autre, les tribulations oniriques de l\u2019un d\u2019entre eux, un acteur culte de Bollywood. Dans ses r\u00eaves, ce Gibreel Farishta est l\u2019archange Gabriel r\u00e9v\u00e9lant le Coran \u00e0 Mahomet mais, dans le monde d\u2019aujourd\u2019hui, il n\u2019est pas tout \u00e0 fait un simple mortel. Comment, sinon, se pourrait-il que lorsque, avec Saladin Chamcha, l\u2019autre h\u00e9ros du roman, ils tombent d\u2019un avion qui a explos\u00e9 en vol, ils se retrouvent tous deux indemnes sur les c\u00f4tes anglaises, ou que Saladin se transforme en homme-bouc, double satanique de l\u2019ang\u00e9lique Gibreel dont la t\u00eate se retrouve couronn\u00e9e d\u2019une aur\u00e9ole lumineuse en plein Londres\u00a0?<\/span><\/span><\/p>\n<p align=\"JUSTIFY\"><span style=\"font-family: Georgia, serif\"><span style=\"font-size: medium\">Mais en quoi cette narration imaginaire est-elle si scandaleuse\u00a0? Tout d\u2019abord par l\u2019\u00e9vocation de ces fameux versets qui, s\u2019ils n\u2019occupent finalement que quelques pages du livre dont ils constituent le titre, viennent f\u00e2cheusement rallumer une controverse qui date des ann\u00e9es 800, les \u00ab\u00a0bons\u00a0\u00bb musulmans se refusant depuis \u00e0 admettre leur authenticit\u00e9. Il faut dire que dans ces versets, qui lui auraient \u00e9t\u00e9 souffl\u00e9s par Satan, Mahomet aurait reconnu le culte de de trois d\u00e9esses afin d\u2019obtenir le soutien des notables polyth\u00e9iste de La Mecque. Pas tr\u00e8s joli ni coh\u00e9rent, on en conviendra.<\/span><\/span><\/p>\n<p align=\"JUSTIFY\"><span style=\"font-family: Georgia, serif\"><span style=\"font-size: medium\">Et puis, Mahound, avatar de Mahomet dans le roman, y est d\u00e9peint comme un homme gouvern\u00e9 par ses d\u00e9sirs et ses pulsions qui lui inspireraient sa production coranique. Il fabriquerait alors \u00e0 son gr\u00e9\u00a0\u00ab\u00a0<\/span><\/span><span style=\"font-family: Georgia, serif\"><span style=\"font-size: medium\"><i>un Dieu qui comble tous ses d\u00e9sirs<\/i><\/span><\/span><span style=\"font-family: Georgia, serif\"><span style=\"font-size: medium\">\u00a0\u00bb, comme le lui dit l\u2019une de ses compagnes. Les r\u00e8gles qu\u2019il \u00e9dicte lui permettent ainsi, par exemple, de s\u2019approprier douze femmes et, pour que personne ne vienne lorgner sur elles, de les enfermer et les voiler. Ce qui fera la fortune du bordel de M\u00e9dine, Jahilie dans le monde cr\u00e9\u00e9 par Rushdie, dont chacune des douze prostitu\u00e9es va incarner l\u2019une de ces \u00e9pouses cach\u00e9es, \u00e0 la plus grande excitation de la client\u00e8le.<\/span><\/span><\/p>\n<p align=\"JUSTIFY\"><span style=\"font-family: Georgia, serif\"><span style=\"font-size: medium\">Pour ne rien arranger, Rushdie taille au passage un costard, ou plut\u00f4t une robe, \u00e0 un certain imam enturbann\u00e9 et malfaisant. De quoi mettre encore plus en col\u00e8re Khomeini et ses camarades de jeu.<\/span><\/span><\/p>\n<p align=\"JUSTIFY\"><span style=\"font-family: Georgia, serif\"><span style=\"font-size: medium\">Il y a sans doute encore une belle s\u00e9rie d\u2019autres sacril\u00e8ges divers dans ce livre mais leur plaisir est malheureusement r\u00e9serv\u00e9 \u00e0 celles ou ceux qui ont un savoir et une culture des religions monoth\u00e9istes et de leur histoire plus profonde que la n\u00f4tre \u2013 ce qui n\u2019est pas difficile\u00a0!<\/span><\/span><\/p>\n<p align=\"JUSTIFY\"><span style=\"font-family: Georgia, serif\"><span style=\"font-size: medium\">Cependant, il est ais\u00e9 d\u2019imaginer que le plus grand crime de Rushdie est de revisiter la religion musulmane sur le mode de l\u2019ironie, de la d\u00e9rision, dans un m\u00e9lange cors\u00e9 d\u2019humour anglais et de satire orientale. Des \u00e9crits h\u00e9r\u00e9tiques, une \u00ab\u00a0apostasie\u00a0\u00bb,<\/span><\/span><i> <\/i><span style=\"font-family: Georgia, serif\"><span style=\"font-size: medium\">une relecture du Coran, tout cela aurait peut-\u00eatre pu passer, moyennant bl\u00e2me et violentes diatribes sans doute. Mais se moquer, et le faire aussi brillamment, fait de ce livre une arme particuli\u00e8rement efficace et percutante contre l\u2019obscurantisme<\/span><\/span> religieux. Et c\u2019est ce qui a \u00e9t\u00e9 vraisemblablement le plus insupportable pour les autorit\u00e9s musulmanes, entra\u00eenant la condamnation \u00e0 mort de l\u2019auteur. Faute de l\u2019ex\u00e9cution de cette sentence, c\u2019est \u00e0 ses \u00e9diteurs et traducteurs qu\u2019on s\u2019en est pris. L\u2019application de la <em>fatwa<\/em> de l\u2019imam enturbann\u00e9<sup><span style=\"color: #000000\"><span style=\"font-family: Georgia, serif\"><span style=\"font-size: medium\"><a class=\"sdfootnoteanc\" href=\"#sdfootnote2sym\" name=\"sdfootnote2anc\">2<\/a><\/span><\/span><\/span><\/sup> a caus\u00e9 deux bless\u00e9s graves, un assassin\u00e9 et trente-huit morts au titre des \u00ab\u00a0d\u00e9g\u00e2ts collat\u00e9raux\u00a0\u00bb. La vengeance contre la d\u00e9rision intelligente a fait un plus grand nombre de victimes que celle contre l\u2019humour \u00ab\u00a0b\u00eate et m\u00e9chant\u00a0\u00bb et peut-\u00eatre que ce n\u2019est pas seulement en raison de la diffusion internationale des <em>Versets sataniques<\/em>. Quoiqu\u2019il en soit, si le rire, dit-on, est le propre de l\u2019homme, c\u2019est manifestement ce que les religieux de tous poils redoutent le plus \u00e0 notre \u00e9poque, et cela en dit long sur leur humanit\u00e9.<\/p>\n<p align=\"JUSTIFY\"><span style=\"font-family: Georgia, serif\"><span style=\"font-size: medium\">Alors, il faut bien se demander comment il est possible que tant de \u00ab\u00a0gauchistes\u00a0\u00bb, tant de ceux qui se pr\u00e9tendent \u00ab\u00a0r\u00e9volutionnaires\u00a0\u00bb, osent interdire toute critique d\u2019une (seule) religion sous couvert de <\/span><\/span><span style=\"font-family: Georgia, serif\"><span style=\"font-size: medium\"><i>d\u00e9colonialisme <\/i><\/span><\/span><span style=\"font-family: Georgia, serif\"><span style=\"font-size: medium\">et autre <\/span><\/span><span style=\"font-family: Georgia, serif\"><span style=\"font-size: medium\"><i>diff\u00e9rentialisme culturel<\/i><\/span><\/span><span style=\"font-family: Georgia, serif\"><span style=\"font-size: medium\">. Il est devenu n\u00e9cessaire de proclamer haut et fort que les populations fran\u00e7aises issues de l\u2019immigration maghr\u00e9bine ne sont en rien, pas plus que Salman Rusdhie, \u00ab\u00a0d\u2019origine musulmane\u00a0\u00bb, que le racisme n\u2019est pas superposable \u00e0 \u00ab\u00a0l\u2019islamophobie\u00a0\u00bb, qu\u2019aucune religion ne dispose d\u2019un droit au respect et qu\u2019on doit toutes les combattre d\u00e8s lors qu\u2019on entend se battre contre toutes les oppressions. Et que d\u00e9fendre le blasph\u00e8me d\u2019o\u00f9 qu\u2019il vienne et de quelque nature qu\u2019il soit n\u2019est que la moindre des choses si on aspire \u00e0 lib\u00e9rer ce monde de tout ce qui nous y encha\u00eene.<\/span><\/span><\/p>\n<p align=\"RIGHT\"><strong><span style=\"font-family: Georgia, serif\"><span style=\"font-size: medium\">Lola Miesseroff, mars 2020.<\/span><\/span><\/strong><\/p>\n<div id=\"sdfootnote1\">\n<p style=\"text-align: center\"><a href=\"https:\/\/ddt21.noblogs.org\/files\/2020\/03\/Salman-le-divin-blasph%C3%A9mateur.Lola-Miesseroff.pdf\" target=\"_blank\" rel=\"noopener noreferrer\"><span style=\"color: #800080\"><em><strong><a href=\"https:\/\/ddt21.noblogs.org\/files\/2020\/03\/Salman-le-divin-blasph%C3%A9mateur.Lola-Miesseroff.pdf\"><img loading=\"lazy\" decoding=\"async\" class=\"aligncenter wp-image-2072\" src=\"https:\/\/ddt21.noblogs.org\/files\/2018\/07\/adobe-pdf-icon.png\" alt=\"\" width=\"50\" height=\"50\" srcset=\"https:\/\/ddt21.noblogs.org\/files\/2018\/07\/adobe-pdf-icon.png 250w, https:\/\/ddt21.noblogs.org\/files\/2018\/07\/adobe-pdf-icon-150x150.png 150w\" sizes=\"auto, (max-width: 50px) 100vw, 50px\" \/><\/a>Cet article en PDF.<\/strong><\/em><\/span><\/a><\/p>\n<p class=\"sdfootnote\"><span style=\"color: #000000\"><span style=\"font-family: Georgia, serif\"><span style=\"font-size: small\"><a class=\"sdfootnotesym\" href=\"#sdfootnote1anc\" name=\"sdfootnote1sym\">1<\/a> Il s\u2019agit, bien s\u00fbr, de \u00ab\u00a0l\u2019affaire Mila\u00a0\u00bb, du nom de cette jeune fille de 16 ans qui, en janvier 2020, apr\u00e8s s\u2019\u00eatre fait insulter sur Instagram par un dragueur qu\u2019elle avait repouss\u00e9 et lui avoir annonc\u00e9 qu\u2019elle \u00e9tait lesbienne, a proclam\u00e9 son rejet de toutes les religions et, en particulier, de la religion musulmane disant notamment\u00a0: \u00ab\u00a0<i>votre Dieu, je lui mets un doigt dans le cul\u00a0<\/i>\u00bb. Menac\u00e9e de mort et de viol des milliers de fois, elle dut se cacher et changer de lyc\u00e9e. Une enqu\u00eate \u00e0 son encontre fut ouverte, ce qui permit, c\u2019est \u00e0 peine croyable, de faire d\u00e9couvrir \u00e0 des magistrats, des membres du gouvernement et on ne sait combien de Fran\u00e7ais que le blasph\u00e8me n\u2019est pas un d\u00e9lit dans notre pays.<\/span><\/span><\/span><\/p>\n<\/div>\n<div id=\"sdfootnote2\">\n<p class=\"sdfootnote\"><a class=\"sdfootnotesym\" href=\"#sdfootnote2anc\" name=\"sdfootnote2sym\">2<\/a><span style=\"font-family: Georgia, serif;color: #000000\"><span style=\"font-size: small\"> La publication de<\/span><\/span><span style=\"color: #000000\"><span style=\"font-family: Georgia, serif\"><span style=\"font-size: small\"><span style=\"color: #000000\">s<\/span> <\/span><\/span><\/span><span style=\"color: #000000\"><span style=\"font-family: Georgia, serif\"><span style=\"font-size: small\"><i>Versets sataniques<\/i><\/span><\/span><\/span><span style=\"color: #000000\"><span style=\"font-family: Georgia, serif\"><span style=\"font-size: small\"> en 1988 suscita d\u2019embl\u00e9e une vague d\u2019indignation tr\u00e8s virulente, le livre a \u00e9t\u00e9 interdit dans une douzaine de pays de l\u2019Inde \u00e0 la Tunisie en passant par l\u2019Afrique du Sud. En Angleterre, le livre fut br\u00fbl\u00e9 publiquement et les centaines de lettres que re\u00e7ut l\u2019\u00e9diteur l\u2019intimid\u00e8rent suffisamment pour qu\u2019il le retire de la vente. L\u2019annonce de sa publication aux \u00c9tats-Unis acheva de mettre le feu aux poudres, suscitant des manifestations tr\u00e8s violentes en Inde et, en 1989, un \u00e9dit, une <\/span><\/span><\/span><span style=\"color: #000000\"><span style=\"font-family: Georgia, serif\"><span style=\"font-size: small\"><i>fatwa<\/i><\/span><\/span><\/span><span style=\"color: #000000\"><span style=\"font-family: Georgia, serif\"><span style=\"font-size: small\">, de l\u2019ayatollah Khomeini,<\/span><\/span><\/span> <span style=\"color: #000000\"><span style=\"font-family: Georgia, serif\"><span style=\"font-size: small\">alors \u00e0 la t\u00eate de l&rsquo;Iran, appelant les musulmans \u00e0 assassiner Salman Rushdie o\u00f9 qu\u2019il se trouve. Et avec, au cas o\u00f9 la foi ne serait pas un moteur suffisant, plusieurs millions de dollars de r\u00e9compense \u00e0 la clef. Cette <\/span><\/span><\/span><span style=\"color: #000000\"><span style=\"font-family: Georgia, serif\"><span style=\"font-size: small\"><i>fatwa <\/i><\/span><\/span><\/span><span style=\"color: #000000\"><span style=\"font-family: Georgia, serif\"><span style=\"font-size: small\">est toujours en vigueur.<\/span><\/span><\/span><\/p>\n<\/div>\n","protected":false},"excerpt":{"rendered":"<p>\u00a0 \u00a0\u00a0\u00a0\u00a0 Salman Rushdie est un fabuleux conteur dont les livres nous embarquent simultan\u00e9ment ou tour \u00e0 tour dans des aventures loufoques et truculentes o\u00f9 le surnaturel se m\u00eale au quotidien, le pass\u00e9 lointain \u00e0 l\u2019actualit\u00e9 r\u00e9cente, la fantaisie au &hellip; <a href=\"https:\/\/ddt21.noblogs.org\/?page_id=2701\">Continuer la lecture <span class=\"meta-nav\">&rarr;<\/span><\/a><\/p>\n","protected":false},"author":8284,"featured_media":0,"parent":1074,"menu_order":0,"comment_status":"closed","ping_status":"closed","template":"","meta":{"footnotes":""},"class_list":["post-2701","page","type-page","status-publish","hentry"],"_links":{"self":[{"href":"https:\/\/ddt21.noblogs.org\/index.php?rest_route=\/wp\/v2\/pages\/2701","targetHints":{"allow":["GET"]}}],"collection":[{"href":"https:\/\/ddt21.noblogs.org\/index.php?rest_route=\/wp\/v2\/pages"}],"about":[{"href":"https:\/\/ddt21.noblogs.org\/index.php?rest_route=\/wp\/v2\/types\/page"}],"author":[{"embeddable":true,"href":"https:\/\/ddt21.noblogs.org\/index.php?rest_route=\/wp\/v2\/users\/8284"}],"replies":[{"embeddable":true,"href":"https:\/\/ddt21.noblogs.org\/index.php?rest_route=%2Fwp%2Fv2%2Fcomments&post=2701"}],"version-history":[{"count":10,"href":"https:\/\/ddt21.noblogs.org\/index.php?rest_route=\/wp\/v2\/pages\/2701\/revisions"}],"predecessor-version":[{"id":2722,"href":"https:\/\/ddt21.noblogs.org\/index.php?rest_route=\/wp\/v2\/pages\/2701\/revisions\/2722"}],"up":[{"embeddable":true,"href":"https:\/\/ddt21.noblogs.org\/index.php?rest_route=\/wp\/v2\/pages\/1074"}],"wp:attachment":[{"href":"https:\/\/ddt21.noblogs.org\/index.php?rest_route=%2Fwp%2Fv2%2Fmedia&parent=2701"}],"curies":[{"name":"wp","href":"https:\/\/api.w.org\/{rel}","templated":true}]}}