{"id":2681,"date":"2020-03-11T20:05:52","date_gmt":"2020-03-11T19:05:52","guid":{"rendered":"https:\/\/ddt21.noblogs.org\/?page_id=2681"},"modified":"2022-03-19T17:53:31","modified_gmt":"2022-03-19T16:53:31","slug":"brochures","status":"publish","type":"page","link":"https:\/\/ddt21.noblogs.org\/?page_id=2681","title":{"rendered":"Brochures"},"content":{"rendered":"<p><strong><em>Certains de nos textes ont \u00e9t\u00e9 mis au format brochure imprimable (g\u00e9n\u00e9ralement A5), soit par nos soins soit par des camarades ; on les retrouve rassembl\u00e9s ici.<\/em><\/strong><\/p>\n<p><em><a href=\"https:\/\/ddt21.noblogs.org\/files\/2018\/07\/kurdistan-A5.pdf\"><img loading=\"lazy\" decoding=\"async\" class=\"alignleft wp-image-2970 size-medium\" src=\"https:\/\/ddt21.noblogs.org\/files\/2020\/09\/Kurdistan-210x300.jpg\" alt=\"\" width=\"210\" height=\"300\" srcset=\"https:\/\/ddt21.noblogs.org\/files\/2020\/09\/Kurdistan-210x300.jpg 210w, https:\/\/ddt21.noblogs.org\/files\/2020\/09\/Kurdistan.jpg 378w\" sizes=\"auto, (max-width: 210px) 100vw, 210px\" \/><\/a><\/em><\/p>\n<p>&nbsp;<\/p>\n<p>&nbsp;<\/p>\n<p>&nbsp;<\/p>\n<p><strong><a href=\"https:\/\/ddt21.noblogs.org\/files\/2018\/07\/kurdistan-A5.pdf\" target=\"_blank\" rel=\"noopener noreferrer\"><em>\u00a0Kurdistan ?<\/em><\/a><\/strong> (G. D. <em>&amp;<\/em> T. L., janvier 2015)<\/p>\n<p>&nbsp;<\/p>\n<p>&nbsp;<\/p>\n<p>&nbsp;<\/p>\n<p><em><a href=\"https:\/\/ddt21.noblogs.org\/files\/2016\/05\/Lettre-%C3%A0-des-amis-rojavistes.brochure-A5.pdf\"><img loading=\"lazy\" decoding=\"async\" class=\"alignleft wp-image-2967 size-medium\" src=\"https:\/\/ddt21.noblogs.org\/files\/2020\/09\/Lettre-\u00e0-des-amis-rojavistes-211x300.jpg\" alt=\"\" width=\"211\" height=\"300\" srcset=\"https:\/\/ddt21.noblogs.org\/files\/2020\/09\/Lettre-\u00e0-des-amis-rojavistes-211x300.jpg 211w, https:\/\/ddt21.noblogs.org\/files\/2020\/09\/Lettre-\u00e0-des-amis-rojavistes.jpg 384w\" sizes=\"auto, (max-width: 211px) 100vw, 211px\" \/><\/a><\/em><\/p>\n<p>&nbsp;<\/p>\n<p>&nbsp;<\/p>\n<p>&nbsp;<\/p>\n<p><a href=\"https:\/\/ddt21.noblogs.org\/files\/2016\/05\/Lettre-%C3%A0-des-amis-rojavistes.brochure-A5.pdf\" target=\"_blank\" rel=\"noopener noreferrer\"><strong><em>Lettre \u00e0 des amis \u00ab rojavistes<\/em> \u00bb<\/strong><\/a> (TKGV, mai 2016)<\/p>\n<p>&nbsp;<\/p>\n<p>&nbsp;<\/p>\n<p>&nbsp;<\/p>\n<p><em><a href=\"https:\/\/ddt21.noblogs.org\/files\/2016\/06\/Brouillards-de-guerre-juin-2016.pdf\"><img loading=\"lazy\" decoding=\"async\" class=\"alignleft wp-image-2968 size-medium\" src=\"https:\/\/ddt21.noblogs.org\/files\/2020\/09\/Brouillard-de-guerre-208x300.jpg\" alt=\"\" width=\"208\" height=\"300\" srcset=\"https:\/\/ddt21.noblogs.org\/files\/2020\/09\/Brouillard-de-guerre-208x300.jpg 208w, https:\/\/ddt21.noblogs.org\/files\/2020\/09\/Brouillard-de-guerre.jpg 387w\" sizes=\"auto, (max-width: 208px) 100vw, 208px\" \/><\/a><\/em><\/p>\n<p>&nbsp;<\/p>\n<p>&nbsp;<\/p>\n<p>&nbsp;<\/p>\n<p><strong><a href=\"https:\/\/ddt21.noblogs.org\/files\/2016\/06\/Brouillards-de-guerre-juin-2016.pdf\" target=\"_blank\" rel=\"noopener noreferrer\"><em>Brouillards de guerre<\/em><\/a><\/strong> (G. D., juin 2016)<\/p>\n<p>&nbsp;<\/p>\n<p>&nbsp;<\/p>\n<p>&nbsp;<\/p>\n<p><em><a href=\"https:\/\/ddt21.noblogs.org\/files\/2016\/07\/La-Question-des-Femmes-GD.pdf\"><img loading=\"lazy\" decoding=\"async\" class=\"alignleft wp-image-2969 size-medium\" src=\"https:\/\/ddt21.noblogs.org\/files\/2020\/09\/Sur-la-question-des-femmes-211x300.jpg\" alt=\"\" width=\"211\" height=\"300\" srcset=\"https:\/\/ddt21.noblogs.org\/files\/2020\/09\/Sur-la-question-des-femmes-211x300.jpg 211w, https:\/\/ddt21.noblogs.org\/files\/2020\/09\/Sur-la-question-des-femmes.jpg 312w\" sizes=\"auto, (max-width: 211px) 100vw, 211px\" \/><\/a><\/em><\/p>\n<p>&nbsp;<\/p>\n<p>&nbsp;<\/p>\n<p>&nbsp;<\/p>\n<p><a href=\"https:\/\/ddt21.noblogs.org\/files\/2016\/07\/La-Question-des-Femmes-GD.pdf\" target=\"_blank\" rel=\"noopener noreferrer\"><em><strong>Sur la \u00ab question \u00bb des \u00ab femmes \u00bb<\/strong><\/em><\/a> (G. D., juillet 2016)<\/p>\n<p>&nbsp;<\/p>\n<p>&nbsp;<\/p>\n<p>&nbsp;<\/p>\n<p><a href=\"https:\/\/ddt21.noblogs.org\/files\/2018\/11\/Homo-au-pays-des-soviets.pdf\"><img loading=\"lazy\" decoding=\"async\" class=\"alignleft wp-image-3000\" src=\"https:\/\/ddt21.noblogs.org\/files\/2020\/09\/Cher-camarade-Staline-150x150.jpg\" alt=\"\" width=\"211\" height=\"300\" srcset=\"https:\/\/ddt21.noblogs.org\/files\/2020\/09\/Cher-camarade-Staline-211x300.jpg 211w, https:\/\/ddt21.noblogs.org\/files\/2020\/09\/Cher-camarade-Staline.jpg 385w\" sizes=\"auto, (max-width: 211px) 100vw, 211px\" \/><\/a><\/p>\n<p>&nbsp;<\/p>\n<p>&nbsp;<\/p>\n<p>&nbsp;<\/p>\n<p><a href=\"https:\/\/ddt21.noblogs.org\/files\/2018\/11\/Homo-au-pays-des-soviets.pdf\" target=\"_blank\" rel=\"noopener noreferrer\"><em><strong>\u00ab Cher camarade Staline \u00bb. Homo au pays des soviets<\/strong><\/em> <\/a>(G. D., novembre 2018)<\/p>\n<p>&nbsp;<\/p>\n<p>&nbsp;<\/p>\n<p>&nbsp;<\/p>\n<p><em><a href=\"https:\/\/ddt21.noblogs.org\/files\/2020\/09\/Tristan-Leoni-Abolir-la-police.pdf\"><img loading=\"lazy\" decoding=\"async\" class=\"alignleft wp-image-2966 size-medium\" src=\"https:\/\/ddt21.noblogs.org\/files\/2020\/09\/Abolir-la-police-210x300.jpg\" alt=\"\" width=\"210\" height=\"300\" srcset=\"https:\/\/ddt21.noblogs.org\/files\/2020\/09\/Abolir-la-police-210x300.jpg 210w, https:\/\/ddt21.noblogs.org\/files\/2020\/09\/Abolir-la-police.jpg 383w\" sizes=\"auto, (max-width: 210px) 100vw, 210px\" \/><\/a><\/em><\/p>\n<p>&nbsp;<\/p>\n<p>&nbsp;<\/p>\n<p>&nbsp;<\/p>\n<p><strong><a href=\"https:\/\/ddt21.noblogs.org\/files\/2020\/09\/Tristan-Leoni-Abolir-la-police.pdf\" target=\"_blank\" rel=\"noopener noreferrer\"><em>Abolir la police ?<\/em><\/a><\/strong> (Tristan Leoni, septembre 2020)<\/p>\n<p>&nbsp;<\/p>\n<p>&nbsp;<\/p>\n<p>&nbsp;<\/p>\n<p><a href=\"https:\/\/ddt21.noblogs.org\/files\/2021\/10\/Brochure.jpg\"><img loading=\"lazy\" decoding=\"async\" class=\"alignleft wp-image-3329 size-medium\" src=\"https:\/\/ddt21.noblogs.org\/files\/2021\/10\/Brochure-214x300.jpg\" alt=\"\" width=\"214\" height=\"300\" srcset=\"https:\/\/ddt21.noblogs.org\/files\/2021\/10\/Brochure-214x300.jpg 214w, https:\/\/ddt21.noblogs.org\/files\/2021\/10\/Brochure.jpg 359w\" sizes=\"auto, (max-width: 214px) 100vw, 214px\" \/><\/a><\/p>\n<p>&nbsp;<\/p>\n<p>&nbsp;<\/p>\n<p><a href=\"https:\/\/quatre.zone\/2021\/06\/19\/white-riot-classe-et-race-en-afrique-du-sud-1922\/\" target=\"_blank\" rel=\"noopener\"><em><strong>White riot, classe et race en Afrique du Sud, 1922<\/strong><\/em><\/a>\u00a0 (G. D., mars 2018)<\/p>\n<p>&nbsp;<\/p>\n<p>&nbsp;<\/p>\n<p>&nbsp;<\/p>\n<p>&nbsp;<\/p>\n<p><a href=\"https:\/\/ddt21.noblogs.org\/files\/2022\/03\/Irak-de-lemeute-a-limpossible-reforme-1-769x1024-1.jpg\"><img loading=\"lazy\" decoding=\"async\" class=\"alignleft wp-image-3395\" src=\"https:\/\/ddt21.noblogs.org\/files\/2022\/03\/Irak-de-lemeute-a-limpossible-reforme-1-769x1024-1-225x300.jpg\" alt=\"\" width=\"210\" height=\"280\" srcset=\"https:\/\/ddt21.noblogs.org\/files\/2022\/03\/Irak-de-lemeute-a-limpossible-reforme-1-769x1024-1-225x300.jpg 225w, https:\/\/ddt21.noblogs.org\/files\/2022\/03\/Irak-de-lemeute-a-limpossible-reforme-1-769x1024-1.jpg 769w\" sizes=\"auto, (max-width: 210px) 100vw, 210px\" \/><\/a><\/p>\n<p>&nbsp;<\/p>\n<p>&nbsp;<\/p>\n<p><a href=\"https:\/\/quatre.zone\/2022\/02\/16\/irak-de-lemeute-a-limpossible-reforme\/\" target=\"_blank\" rel=\"noopener\"><em><strong>Irak. De l\u2019\u00e9meute \u00e0 l\u2019impossible r\u00e9forme<\/strong><\/em><\/a><br \/>\n(Tristan Leoni, novembre-d\u00e9cembre 2019)<\/p>\n<p>&nbsp;<\/p>\n<p>&nbsp;<\/p>\n<p>&nbsp;<\/p>\n<p>&nbsp;<\/p>\n<p style=\"text-align: center\"><span style=\"color: #ff0000\"><strong>\u00a0<\/strong><\/span><\/p>\n<p>&nbsp;<\/p>\n<p>&nbsp;<\/p>\n","protected":false},"excerpt":{"rendered":"<p>Certains de nos textes ont \u00e9t\u00e9 mis au format brochure imprimable (g\u00e9n\u00e9ralement A5), soit par nos soins soit par des camarades ; on les retrouve rassembl\u00e9s ici. &nbsp; &nbsp; &nbsp; \u00a0Kurdistan ? (G. D. &amp; T. L., janvier 2015) &nbsp; &hellip; <a href=\"https:\/\/ddt21.noblogs.org\/?page_id=2681\">Continuer la lecture <span class=\"meta-nav\">&rarr;<\/span><\/a><\/p>\n","protected":false},"author":8284,"featured_media":0,"parent":0,"menu_order":0,"comment_status":"closed","ping_status":"closed","template":"","meta":{"footnotes":""},"class_list":["post-2681","page","type-page","status-publish","hentry"],"_links":{"self":[{"href":"https:\/\/ddt21.noblogs.org\/index.php?rest_route=\/wp\/v2\/pages\/2681","targetHints":{"allow":["GET"]}}],"collection":[{"href":"https:\/\/ddt21.noblogs.org\/index.php?rest_route=\/wp\/v2\/pages"}],"about":[{"href":"https:\/\/ddt21.noblogs.org\/index.php?rest_route=\/wp\/v2\/types\/page"}],"author":[{"embeddable":true,"href":"https:\/\/ddt21.noblogs.org\/index.php?rest_route=\/wp\/v2\/users\/8284"}],"replies":[{"embeddable":true,"href":"https:\/\/ddt21.noblogs.org\/index.php?rest_route=%2Fwp%2Fv2%2Fcomments&post=2681"}],"version-history":[{"count":8,"href":"https:\/\/ddt21.noblogs.org\/index.php?rest_route=\/wp\/v2\/pages\/2681\/revisions"}],"predecessor-version":[{"id":3396,"href":"https:\/\/ddt21.noblogs.org\/index.php?rest_route=\/wp\/v2\/pages\/2681\/revisions\/3396"}],"wp:attachment":[{"href":"https:\/\/ddt21.noblogs.org\/index.php?rest_route=%2Fwp%2Fv2%2Fmedia&parent=2681"}],"curies":[{"name":"wp","href":"https:\/\/api.w.org\/{rel}","templated":true}]}}