{"id":2260,"date":"2019-05-12T12:18:22","date_gmt":"2019-05-12T10:18:22","guid":{"rendered":"https:\/\/ddt21.noblogs.org\/?page_id=2260"},"modified":"2019-12-08T13:35:51","modified_gmt":"2019-12-08T12:35:51","slug":"sur-les-gilets-jaunes-sommaire","status":"publish","type":"page","link":"https:\/\/ddt21.noblogs.org\/?page_id=2260","title":{"rendered":"Sur les Gilets jaunes \/ sommaire du feuilleton"},"content":{"rendered":"<p><a href=\"https:\/\/ddt21.noblogs.org\/files\/2019\/05\/gilets-jaunes-sommaire.jpg\"><img loading=\"lazy\" decoding=\"async\" class=\"alignleft wp-image-2261 size-large\" src=\"https:\/\/ddt21.noblogs.org\/files\/2019\/05\/gilets-jaunes-sommaire-1024x341.jpg\" alt=\"\" width=\"640\" height=\"213\" srcset=\"https:\/\/ddt21.noblogs.org\/files\/2019\/05\/gilets-jaunes-sommaire-1024x341.jpg 1024w, https:\/\/ddt21.noblogs.org\/files\/2019\/05\/gilets-jaunes-sommaire-300x100.jpg 300w, https:\/\/ddt21.noblogs.org\/files\/2019\/05\/gilets-jaunes-sommaire-768x256.jpg 768w, https:\/\/ddt21.noblogs.org\/files\/2019\/05\/gilets-jaunes-sommaire.jpg 1920w\" sizes=\"auto, (max-width: 640px) 100vw, 640px\" \/><\/a><\/p>\n<p>&nbsp;<\/p>\n<p><strong>01 \/ <a href=\"https:\/\/ddt21.noblogs.org\/?page_id=2252\/#episode.01\" target=\"_blank\" rel=\"noopener noreferrer\">Une saison et des actes<\/a> (mai 2019)<\/strong><br \/>\n(<em>Rapide retour sur les grandes \u00e9tapes du mouvement<\/em>)<\/p>\n<p><strong>02 \/ <a href=\"https:\/\/ddt21.noblogs.org\/?page_id=2252\/#episode.02\" target=\"_blank\" rel=\"noopener noreferrer\">Gilets jaunes, quel est votre m\u00e9tier\u00a0?<\/a><\/strong><br \/>\n(<em>La carte et le territoire \/ Composition de classe \/ Un mouvement interclassiste ? \/ Gilets jaunes femmes \/ \u00c9volution sociologique<\/em>)<\/p>\n<p><strong>03 \/ <\/strong><span style=\"color: #000000\"><b><span style=\"color: #333333\"><a href=\"https:\/\/ddt21.noblogs.org\/?page_id=2288\" target=\"_blank\" rel=\"noopener noreferrer\">Mais que veulent-ils donc ?<\/a><br \/>\n<\/span><\/b><\/span>(<em>Joindre les deux bouts \/ Les Gilets jaunes et l&rsquo;imp\u00f4t \/ L&rsquo;invraisemblable sentiment de l\u00e9gitimit\u00e9 des gens \/ R\u00e9formes politiques<\/em>)<\/p>\n<p><strong>04 \/<\/strong> <span style=\"color: #3366ff\"><a style=\"color: #3366ff\" href=\"https:\/\/ddt21.noblogs.org\/?page_id=2309\" target=\"_blank\" rel=\"noopener noreferrer\"><strong>Racisme, nationalisme &amp; co ?<\/strong><\/a><\/span><span style=\"color: #000000\"><b><br \/>\n<\/b><\/span>(<em>Du style Gilets jaunes \/ La \u00ab France Johnny Hallyday \u00bb ? \/ Militants et organisations \/ Migrants et immigration \/ Une r\u00e9volte identitaire ? \/ On se d\u00e9marque ou pas ? \/ Une saloperie d&rsquo;influence ?<\/em>)<\/p>\n<p><strong>05 \/ <a href=\"https:\/\/ddt21.noblogs.org\/?page_id=2341\" target=\"_blank\" rel=\"noopener noreferrer\">La forme du mouvement<\/a><\/strong><br \/>\n(<em>L&rsquo;auto-organisation \/ Strat\u00e9gie et <span lang=\"fr-FR\">m\u00e9thodes \/ <\/span>Les blocages et la gr\u00e8ve \/ <span lang=\"fr-FR\">Le militant et les prol<\/span><span lang=\"fr-FR\">\u00e9<\/span><\/em><span lang=\"fr-FR\"><em>taires<\/em>)<\/span><\/p>\n<p><strong>06 \/ <a href=\"https:\/\/ddt21.noblogs.org\/?page_id=2384\" target=\"_blank\" rel=\"noopener noreferrer\">Sur la violence et l&rsquo;insurrection <\/a><\/strong><strong><b><br \/>\n<\/b><\/strong>( <em>Tout le monde d\u00e9teste-t-il vraiment la police ? \/ De l&rsquo;\u00e9meute \/ Une possibilit\u00e9 insurrectionnelle ? \/ Et l&rsquo;arm\u00e9e dans tout \u00e7a ? \/ R\u00e9pression polici\u00e8re et judiciaire<\/em> )<\/p>\n<p><strong>07 \/ <a href=\"https:\/\/ddt21.noblogs.org\/?page_id=2410\" target=\"_blank\" rel=\"noopener noreferrer\">Du trop de r\u00e9alit\u00e9 <\/a><b><a href=\"https:\/\/ddt21.noblogs.org\/?page_id=2410\" target=\"_blank\" rel=\"noopener noreferrer\">(conclusion)<\/a> (juillet 2019)<br \/>\n<\/b><\/strong><\/p>\n<p><strong>\u00a0&#8230; \/ <a href=\"https:\/\/ddt21.noblogs.org\/?page_id=2205\" target=\"_blank\" rel=\"noopener noreferrer\">Pistes bibliographiques<\/a><\/strong><\/p>\n<p><strong><a href=\"https:\/\/ddt21.noblogs.org\/files\/2019\/11\/GILETS-JAUNES-DDT21.VERSION-PDF-FINAL-novembre-2019.pdf\"><img loading=\"lazy\" decoding=\"async\" class=\"alignleft wp-image-2072\" src=\"https:\/\/ddt21.noblogs.org\/files\/2018\/07\/adobe-pdf-icon-150x150.png\" alt=\"\" width=\"48\" height=\"48\" srcset=\"https:\/\/ddt21.noblogs.org\/files\/2018\/07\/adobe-pdf-icon-150x150.png 150w, https:\/\/ddt21.noblogs.org\/files\/2018\/07\/adobe-pdf-icon.png 250w\" sizes=\"auto, (max-width: 48px) 100vw, 48px\" \/><\/a>&#8230; \/ <a href=\"https:\/\/ddt21.noblogs.org\/files\/2019\/11\/GILETS-JAUNES-DDT21.VERSION-PDF-FINAL-novembre-2019.pdf\" target=\"_blank\" rel=\"noopener noreferrer\">L&rsquo;ensemble du feuilleton en PDF<\/a> <\/strong>(version de novembre 2019 comprenant quelques modifications, ajouts et corrections)<\/p>\n<p><i>La r\u00e9volte des Gilets jaunes est un mouvement complexe et polymorphe qui a \u00e9volu\u00e9 au fil des semaines et des mois, que ce soit dans sa composition, ses m\u00e9thodes ou ses exigences. D\u2019un c\u00f4t\u00e9, cela ne facilite pas son appr\u00e9hension mais, de l\u2019autre, cela permet \u00e0 chacun d\u2019y voir, trouver, d\u00e9noncer ou mettre en valeur ce qui lui pla\u00eet, quitte \u00e0 tomber dans la facilit\u00e9 ou la caricature. On verra que notre analyse porte une plus grande attention \u00e0 la premi\u00e8re phase du mouvement qui, pour nous, s\u2019ach\u00e8ve fin d\u00e9cembre<\/i> [2018]<i>, celle qui nous para\u00eet la plus riche, foisonnante et subversive. Si nous pensons qu\u2019il est possible d\u2019en tirer des conclusions positives, voire r\u00e9jouissantes, nous y percevons \u00e9galement des tendances \u00e0 l\u2019\u0153uvre qui, si elles se confirmaient, n\u2019aboutiraient \u00e0 rien de tr\u00e8s sympathique. Le mouvement porte en effet en lui, dans sa dynamique et ses contradictions, des \u00e9l\u00e9ments n\u00e9gatifs, potentiellement dangereux, que nous n\u2019\u00e9luderons pas, d\u2019autant que l\u2019une de ses caract\u00e9ristiques aura bien \u00e9t\u00e9, tout au long de ces semaines, <\/i><i>de plonger les participants et les observateurs dans la perplexit\u00e9 et la plus grande incertitude. <\/i><i>Les derniers (?) feux de cette r\u00e9volte br\u00fblant encore au moment o\u00f9 nous publions ces pages, nous nous garderons donc<\/i><i> de trop proph\u00e9tiser.<\/i><\/p>\n<p style=\"text-align: right\"><strong>Tristan Leoni, mai 2019.<\/strong><\/p>\n","protected":false},"excerpt":{"rendered":"<p>&nbsp; 01 \/ Une saison et des actes (mai 2019) (Rapide retour sur les grandes \u00e9tapes du mouvement) 02 \/ Gilets jaunes, quel est votre m\u00e9tier\u00a0? (La carte et le territoire \/ Composition de classe \/ Un mouvement interclassiste ? &hellip; <a href=\"https:\/\/ddt21.noblogs.org\/?page_id=2260\">Continuer la lecture <span class=\"meta-nav\">&rarr;<\/span><\/a><\/p>\n","protected":false},"author":8284,"featured_media":0,"parent":41,"menu_order":0,"comment_status":"closed","ping_status":"closed","template":"","meta":{"footnotes":""},"class_list":["post-2260","page","type-page","status-publish","hentry"],"_links":{"self":[{"href":"https:\/\/ddt21.noblogs.org\/index.php?rest_route=\/wp\/v2\/pages\/2260","targetHints":{"allow":["GET"]}}],"collection":[{"href":"https:\/\/ddt21.noblogs.org\/index.php?rest_route=\/wp\/v2\/pages"}],"about":[{"href":"https:\/\/ddt21.noblogs.org\/index.php?rest_route=\/wp\/v2\/types\/page"}],"author":[{"embeddable":true,"href":"https:\/\/ddt21.noblogs.org\/index.php?rest_route=\/wp\/v2\/users\/8284"}],"replies":[{"embeddable":true,"href":"https:\/\/ddt21.noblogs.org\/index.php?rest_route=%2Fwp%2Fv2%2Fcomments&post=2260"}],"version-history":[{"count":27,"href":"https:\/\/ddt21.noblogs.org\/index.php?rest_route=\/wp\/v2\/pages\/2260\/revisions"}],"predecessor-version":[{"id":2498,"href":"https:\/\/ddt21.noblogs.org\/index.php?rest_route=\/wp\/v2\/pages\/2260\/revisions\/2498"}],"up":[{"embeddable":true,"href":"https:\/\/ddt21.noblogs.org\/index.php?rest_route=\/wp\/v2\/pages\/41"}],"wp:attachment":[{"href":"https:\/\/ddt21.noblogs.org\/index.php?rest_route=%2Fwp%2Fv2%2Fmedia&parent=2260"}],"curies":[{"name":"wp","href":"https:\/\/api.w.org\/{rel}","templated":true}]}}