{"id":2205,"date":"2019-05-12T10:43:42","date_gmt":"2019-05-12T08:43:42","guid":{"rendered":"https:\/\/ddt21.noblogs.org\/?page_id=2205"},"modified":"2019-06-29T10:37:15","modified_gmt":"2019-06-29T08:37:15","slug":"sur-les-gilets-jaunes-pistes-bibliographiques","status":"publish","type":"page","link":"https:\/\/ddt21.noblogs.org\/?page_id=2205","title":{"rendered":"Sur les Gilets jaunes \/ pistes bibliographiques"},"content":{"rendered":"<p><span style=\"color: #000000\"><span style=\"font-family: Georgia, serif\"><b><span style=\"color: #3366ff\">Des textes qui ont attir\u00e9 notre attention \u00e0 divers niveaux, class\u00e9s, dans la mesure du possible, par ordre chronologique de parution. Ces \u00ab\u00a0pistes\u00a0\u00bb sont li\u00e9es \u00e0 notre feuilleton \u00ab\u00a0<a href=\"https:\/\/ddt21.noblogs.org\/?page_id=2260\" target=\"_blank\" rel=\"noopener noreferrer\"><em>Sur les Gilets jaunes<\/em><\/a>\u00a0\u00bb (liste modifi\u00e9e le 29\u00a0 juin 2019)<br \/>\n<\/span><\/b><\/span><\/span><\/p>\n<p><span style=\"color: #000000\"><span style=\"font-family: Georgia, serif\"><b><a href=\"https:\/\/ddt21.noblogs.org\/files\/2019\/05\/cavalerie-gilets-jaunes.jpg\"><img loading=\"lazy\" decoding=\"async\" class=\"alignleft wp-image-2207 size-large\" src=\"https:\/\/ddt21.noblogs.org\/files\/2019\/05\/cavalerie-gilets-jaunes-1024x341.jpg\" alt=\"\" width=\"640\" height=\"213\" srcset=\"https:\/\/ddt21.noblogs.org\/files\/2019\/05\/cavalerie-gilets-jaunes-1024x341.jpg 1024w, https:\/\/ddt21.noblogs.org\/files\/2019\/05\/cavalerie-gilets-jaunes-300x100.jpg 300w, https:\/\/ddt21.noblogs.org\/files\/2019\/05\/cavalerie-gilets-jaunes-768x256.jpg 768w, https:\/\/ddt21.noblogs.org\/files\/2019\/05\/cavalerie-gilets-jaunes.jpg 1920w\" sizes=\"auto, (max-width: 640px) 100vw, 640px\" \/><\/a><\/b><\/span><\/span><\/p>\n<p>&nbsp;<\/p>\n<p><span style=\"color: #000000\"><span style=\"font-family: Georgia, serif\"><span style=\"font-size: medium\">\u00ab <a href=\"http:\/\/www.contretemps.eu\/sociologie-gilets-jaunes\/\" target=\"_blank\" rel=\"noopener noreferrer\">Qui sont et que veulent les \u00ab Gilets jaunes ?<\/a> \u00bb Entretien avec Beno\u00eet Coquard \u00bb, 23 novembre 2018.<\/span><\/span><\/span><\/p>\n<p class=\"sdfootnote\"><span style=\"color: #000000\"><span style=\"font-family: Georgia, serif\"><span style=\"font-size: medium\">Pamela Anderson, \u00ab\u00a0<a href=\"https:\/\/www.pamelaandersonfoundation.org\/news\/2018\/12\/4\/yellow-vests-and-i\" target=\"_blank\" rel=\"noopener noreferrer\">Yellow Vests and I<\/a>\u00a0\u00bb, <i>pamelaandersonfoundation.org<\/i>, 4 d\u00e9cembre 2018. <\/span><\/span><\/span><\/p>\n<p class=\"sdfootnote\"><span style=\"color: #000000\"><span style=\"font-family: Georgia, serif\"><span style=\"font-size: medium\">\u00ab\u00a0<a href=\"https:\/\/lamouetteenragee.noblogs.org\/post\/2018\/12\/09\/rapide-apercu-du-mouvement-des-gilets-jaunes-a-boulogne-sur-mer\/\" target=\"_blank\" rel=\"noopener noreferrer\">Rapide aper\u00e7u du mouvement des Gilets jaunes \u00e0 Boulogne-sur-mer<\/a> \u00bb, <em>lamouetteenragee.noblogs.org<\/em>, 9 d\u00e9cembre 2018. <\/span><\/span><\/span><\/p>\n<p class=\"sdfootnote\"><span style=\"color: #000000\"><span style=\"font-family: Georgia, serif\"><span style=\"font-size: medium\">Henri Simon, \u00ab<a href=\"http:\/\/www.echangesetmouvement.fr\/2019\/01\/gilets-jaunes-et-apres\/\" target=\"_blank\" rel=\"noopener noreferrer\">\u00a0Gilets jaunes ? et apr\u00e8s ?<\/a>\u00a0\u00bb, <\/span><\/span><\/span><span style=\"color: #000000\"><span style=\"font-family: Georgia, serif\"><span style=\"font-size: medium\"><i>\u00c9changes<\/i><\/span><\/span><\/span><span style=\"color: #000000\"><span style=\"font-family: Georgia, serif\"><span style=\"font-size: medium\"> n\u00b0 165, automne 2018. <\/span><\/span><\/span><\/p>\n<p class=\"sdfootnote\"><span style=\"color: #000000\"><span style=\"font-family: Georgia, serif\"><span style=\"font-size: medium\">\u00ab\u00a0<a href=\"https:\/\/lamouetteenragee.noblogs.org\/post\/2018\/12\/18\/femmes-en-gilets-jaunes-a-boulogne-sur-mer-gilets-jaunes-au-feminin-marre-detre\/\" target=\"_blank\" rel=\"noopener noreferrer\">Femmes en gilets jaunes \u00e0 Boulogne-sur-mer\u00a0<\/a>\u00bb, <em>lamouetteenragee.noblogs.org<\/em>, 18 d\u00e9cembre 2018.<\/span><\/span><\/span><\/p>\n<p class=\"sdfootnote\"><span style=\"color: #000000\"><span style=\"font-family: Times New Roman, serif\"><span style=\"font-size: medium\"><span style=\"font-family: Georgia, serif\">Anonyme, \u00ab\u00a0<a href=\"http:\/\/dndf.org\/?p=17556\" target=\"_blank\" rel=\"noopener noreferrer\">Gilets jaunes revenu rapport \u00e0 l&rsquo;\u00e9tat. Notes sur le mouvement des Gilets Jaunes, autour de No\u00ebl 2018<\/a>\u00a0\u00bb. <a href=\"http:\/\/dndf.org\/?p=17556\">http:\/\/dndf.org\/?p=17556<\/a> <\/span><\/span><\/span><\/span><\/p>\n<p class=\"sdfootnote\"><span style=\"color: #000000\"><span style=\"font-family: Georgia, serif\"><span style=\"font-size: medium\">Fran\u00e7ois-Bernard Huyghe, Xavier Desmaison, Damien Liccia, <i>Dans la t\u00eate des Gilets jaunes, <\/i>V. A., 2018, 130 p.<\/span><\/span><\/span><\/p>\n<p><span style=\"font-family: Georgia, serif\">\u00ab\u00a0\u00a0\u00bb\u00a0Gilets jaunes\u00a0\u00a0\u00bb\u00a0: hypoth\u00e8ses sur un mouvement\u00a0\u00bb, <i>AOC<\/i>, Cahier, n\u00b0 1, La D\u00e9couverte, janvier 2019, 214 p.<\/span><\/p>\n<p><span style=\"color: #000000\"><span style=\"font-family: Georgia, serif\"><span style=\"font-size: medium\">Collectif, <i>Le Fond de l&rsquo;air est jaune. Comprendre une r\u00e9volte in\u00e9dite<\/i>, Paris, Seuil, 2019, 224 p.<\/span><\/span><\/span><\/p>\n<p><span style=\"color: #000000\"><span style=\"font-family: Georgia, serif\"><span style=\"font-size: medium\">Anonyme, \u00ab\u00a0<a href=\"https:\/\/paris-luttes.info\/crise-qui-vient-souffle-et-gilets-11374\" target=\"_blank\" rel=\"noopener noreferrer\">Crise qui vient, souffle et Gilets jaunes : o\u00f9 va-t-on ?<\/a>\u00a0\u00bb, 11 janvier 2019 <\/span><\/span><\/span><\/p>\n<p class=\"sdfootnote\"><span style=\"font-size: medium\"><span style=\"color: #000000\"><span style=\"font-family: Georgia, serif\">Anne Steiner, \u00ab<a href=\"https:\/\/lemediapresse.fr\/idees\/anne-steiner-la-seule-reaction-syndicale-a-la-hauteur-des-evenements-serait-un-appel-a-la-greve-generale-illimitee\/\" target=\"_blank\" rel=\"noopener noreferrer\"> La seule r\u00e9action syndicale \u00e0 la hauteur des \u00e9v\u00e9nements serait un appel \u00e0 la gr\u00e8ve g\u00e9n\u00e9rale illimit\u00e9e<\/a> \u00bb, <\/span><\/span><span style=\"color: #000000\"><span style=\"font-family: Georgia, serif\"><i>lemediapresse.fr<\/i><\/span><\/span><span style=\"color: #000000\"><span style=\"font-family: Georgia, serif\">, 14 janvier 2019. <\/span><\/span> <\/span><\/p>\n<p>D1ST1, \u00ab <a href=\"https:\/\/www.youtube.com\/watch?v=ix0p5Q1937o\" target=\"_blank\" rel=\"noopener noreferrer\">Gilets jaunes <\/a>\u00bb, 20 janvier 2019.<\/p>\n<p><span style=\"font-size: medium\"><span style=\"color: #000000\"><span style=\"font-family: Georgia, serif\">Le <a href=\"https:\/\/jaune.noblogs.org\/\" target=\"_blank\" rel=\"noopener noreferrer\">journal <\/a><\/span><\/span><a href=\"https:\/\/jaune.noblogs.org\/\" target=\"_blank\" rel=\"noopener noreferrer\"><span style=\"color: #000000\"><span style=\"font-family: Georgia, serif\"><i>Jaune<\/i><\/span><\/span><\/a><span style=\"color: #000000\"><span style=\"font-family: Georgia, serif\">, n\u00b0 1e (janvier 2019) et n\u00b0 2 (f\u00e9vrier 2019). <\/span><\/span> <\/span><\/p>\n<p class=\"sdfootnote\"><span style=\"color: #000000\"><span style=\"font-family: Georgia, serif\"><span style=\"font-size: medium\">Nedjib Sidi Moussa, \u00ab\u00a0<a href=\"https:\/\/www.middleeasteye.net\/fr\/opinion\/gilets-jaunes-et-banlieues-francaises-une-convergence-impossible\" target=\"_blank\" rel=\"noopener noreferrer\">Gilets jaunes et banlieues fran\u00e7aises : une convergence impossible<\/a> ?\u00a0\u00bb, <em>middleeasteye.net<\/em>, 19 janvier 2019. <\/span><\/span><\/span><\/p>\n<p><span style=\"font-size: medium\"><span style=\"color: #000000\"><span style=\"font-family: Georgia, serif\">\u00ab\u00a0<a href=\"https:\/\/www.autistici.org\/tridnivalka\/wp-content\/uploads\/guerre_de_classe_09-2019-fr.pdf\" target=\"_blank\" rel=\"noopener noreferrer\">\u201cGilets jaunes\u201d\u201cC\u2019est une r\u00e9volte?\u201d\u2013\u201cNon, Sire, c\u2019est une r\u00e9volution!\u201d\u00a0<\/a>\u00bb, <\/span><\/span><span style=\"color: #000000\"><span style=\"font-family: Georgia, serif\"><i>Guerre de classe<\/i><\/span><\/span><span style=\"color: #000000\"><span style=\"font-family: Georgia, serif\">, n\u00b0 9, hiver 2018-2019.\u00a0<\/span><\/span> <\/span><\/p>\n<p><span style=\"color: #000000\"><span style=\"font-family: Georgia, serif\"><span style=\"font-size: medium\">B. A., R. F., <\/span><\/span><\/span><a href=\"http:\/\/www.hicsalta-communisation.com\" target=\"_blank\" rel=\"noopener noreferrer\"><span style=\"color: #000000\"><span style=\"font-family: Georgia, serif\"><span style=\"font-size: medium\"><i>M\u00e9nage \u00e0 trois<\/i><\/span><\/span><\/span><\/a><span style=\"color: #000000\"><span style=\"font-family: Georgia, serif\"><span style=\"font-size: medium\">: \u00c9pisode 10 \u2013 \u00ab\u00a0Th\u00e9orie de l\u2019interclassisme\u00a0\u00bb, 25 f\u00e9vrier 2019, <\/span><\/span><\/span><\/p>\n<p><span style=\"color: #000000\"><span style=\"font-family: Times New Roman, serif\"><span style=\"font-size: medium\"><span style=\"font-family: Georgia, serif\">\u00ab\u00a0<a href=\"https:\/\/www.arteradio.com\/son\/61661139\/du_pain_et_des_roses_16\" target=\"_blank\" rel=\"noopener noreferrer\">F\u00e9minisme et luttes sociales<\/a>\u00a0\u00bb, \u00e9mission \u00ab\u00a0Du pain et des roses\u00a0\u00bb, <em>Arte radio<\/em>, 6 mars 2019.\u00a0 <\/span><\/span><\/span><\/span><\/p>\n<p>\u00ab <a href=\"https:\/\/audioblog.arteradio.com\/blog\/136235\/podcast\/136238\/gilets-jaunes-le-rond-point-des-mages\" target=\"_blank\" rel=\"noopener noreferrer\">Discussions des gilets jaunes du rond point des Mages (Gard)<\/a> \u00bb,\u00a0 <em>Arte radio<\/em>,\u00a0 mars 2019.<\/p>\n<p class=\"sdfootnote\"><span style=\"color: #000000\"><span style=\"font-family: Georgia, serif\"><span style=\"font-size: medium\">Anonyme, \u00ab\u00a0<a href=\"https:\/\/carbureblog.com\/2019\/03\/25\/et-maintenant\/\" target=\"_blank\" rel=\"noopener noreferrer\">Et maintenant ? Gilets jaunes, politique et retour \u00e0 l\u2019ordre\u00a0<\/a>\u00bb, <\/span><\/span><\/span><span style=\"color: #000000\"><span style=\"font-family: Georgia, serif\"><span style=\"font-size: medium\"><i>carbureblog.com<\/i><\/span><\/span><\/span><span style=\"color: #000000\"><span style=\"font-family: Georgia, serif\"><span style=\"font-size: medium\">, 25mars 2019, <\/span><\/span><\/span><\/p>\n<p class=\"sdfootnote\"><span style=\"color: #000000\"><span style=\"font-family: Georgia, serif\"><span style=\"font-size: medium\">G\u00e9rard Noiriel, <i>Les Gilets jaunes \u00e0 la lumi\u00e8re de l&rsquo;histoire<\/i>, Le Monde\/L&rsquo;Aube, mars 2019, 136\u00a0p.<\/span><\/span><\/span><\/p>\n<p>Philippe Genestier, \u00ab\u00a0Les gilets jaunes\u00a0: une question d&rsquo;autonomie autant que d&rsquo;automobile\u00a0\u00bb,<em> Le D\u00e9bat<\/em>, n\u00b0 204, mars-avril 2019, p. 16-34.<\/p>\n<p>Max Vincent, \u00ab <a href=\"http:\/\/lherbentrelespaves.fr\/index.php?post\/2019\/04\/12\/REMARQUES-CRITIQUES-SUR-LE-MOUVEMENT-DES-GILETS-JAUNES\" target=\"_blank\" rel=\"noopener noreferrer\">Remarques critiques sur le mouvement des Gilets jaunes<\/a> \u00bb, avril 2019.<\/p>\n<p><span style=\"color: #000000\"><span style=\"font-family: Georgia, serif\"><span style=\"font-size: medium\"><a href=\"https:\/\/spasme.noblogs.org\/\" target=\"_blank\" rel=\"noopener noreferrer\"><i>Spasme<\/i><\/a>, n\u00b0\u00a015, printemps 2019 [avril].<\/span><\/span><\/span><\/p>\n<p><span style=\"color: #000000\"><span style=\"font-family: Georgia, serif\"><span style=\"font-size: medium\">\u00ab\u00a0Les Gilets jaunes m&rsquo;ont apport\u00e9 une paix int\u00e9rieure et un gros bordel dans ma t\u00eate\u00a0\u00bb, <i>CQFD<\/i>, n\u00b0 175, avril 2019, p. 4-5. <\/span><\/span><\/span><\/p>\n<p><span style=\"color: #000000\"><span style=\"font-family: Georgia, serif\"><span style=\"font-size: medium\">A<\/span><\/span><\/span><span style=\"color: #333333\">ntoine Peillon, <em>C\u0153ur de boxeur. Le vrai combat de Christophe Dettinger<\/em>, Les Liens qui Lib\u00e8rent, 2019, 192 p.<\/span><\/p>\n<p style=\"text-align: center\"><a href=\"https:\/\/ddt21.noblogs.org\/?page_id=2260\" target=\"_blank\" rel=\"noopener noreferrer\"><strong><em>Lien vers le sommaire du feuilleton.<\/em><\/strong><\/a><\/p>\n","protected":false},"excerpt":{"rendered":"<p>Des textes qui ont attir\u00e9 notre attention \u00e0 divers niveaux, class\u00e9s, dans la mesure du possible, par ordre chronologique de parution. Ces \u00ab\u00a0pistes\u00a0\u00bb sont li\u00e9es \u00e0 notre feuilleton \u00ab\u00a0Sur les Gilets jaunes\u00a0\u00bb (liste modifi\u00e9e le 29\u00a0 juin 2019) &nbsp; \u00ab &hellip; <a href=\"https:\/\/ddt21.noblogs.org\/?page_id=2205\">Continuer la lecture <span class=\"meta-nav\">&rarr;<\/span><\/a><\/p>\n","protected":false},"author":8284,"featured_media":0,"parent":41,"menu_order":0,"comment_status":"closed","ping_status":"closed","template":"","meta":{"footnotes":""},"class_list":["post-2205","page","type-page","status-publish","hentry"],"_links":{"self":[{"href":"https:\/\/ddt21.noblogs.org\/index.php?rest_route=\/wp\/v2\/pages\/2205","targetHints":{"allow":["GET"]}}],"collection":[{"href":"https:\/\/ddt21.noblogs.org\/index.php?rest_route=\/wp\/v2\/pages"}],"about":[{"href":"https:\/\/ddt21.noblogs.org\/index.php?rest_route=\/wp\/v2\/types\/page"}],"author":[{"embeddable":true,"href":"https:\/\/ddt21.noblogs.org\/index.php?rest_route=\/wp\/v2\/users\/8284"}],"replies":[{"embeddable":true,"href":"https:\/\/ddt21.noblogs.org\/index.php?rest_route=%2Fwp%2Fv2%2Fcomments&post=2205"}],"version-history":[{"count":17,"href":"https:\/\/ddt21.noblogs.org\/index.php?rest_route=\/wp\/v2\/pages\/2205\/revisions"}],"predecessor-version":[{"id":2407,"href":"https:\/\/ddt21.noblogs.org\/index.php?rest_route=\/wp\/v2\/pages\/2205\/revisions\/2407"}],"up":[{"embeddable":true,"href":"https:\/\/ddt21.noblogs.org\/index.php?rest_route=\/wp\/v2\/pages\/41"}],"wp:attachment":[{"href":"https:\/\/ddt21.noblogs.org\/index.php?rest_route=%2Fwp%2Fv2%2Fmedia&parent=2205"}],"curies":[{"name":"wp","href":"https:\/\/api.w.org\/{rel}","templated":true}]}}