{"id":2083,"date":"2018-11-01T22:24:59","date_gmt":"2018-11-01T21:24:59","guid":{"rendered":"https:\/\/ddt21.noblogs.org\/?page_id=2083"},"modified":"2018-11-02T17:49:40","modified_gmt":"2018-11-02T16:49:40","slug":"faq","status":"publish","type":"page","link":"https:\/\/ddt21.noblogs.org\/?page_id=2083","title":{"rendered":"FAQ&#8230;"},"content":{"rendered":"<h2><a href=\"https:\/\/ddt21.noblogs.org\/files\/2018\/11\/01.jpg\"><img loading=\"lazy\" decoding=\"async\" class=\"alignleft size-medium wp-image-2084\" src=\"https:\/\/ddt21.noblogs.org\/files\/2018\/11\/01-212x300.jpg\" alt=\"\" width=\"212\" height=\"300\" srcset=\"https:\/\/ddt21.noblogs.org\/files\/2018\/11\/01-212x300.jpg 212w, https:\/\/ddt21.noblogs.org\/files\/2018\/11\/01.jpg 397w\" sizes=\"auto, (max-width: 212px) 100vw, 212px\" \/><\/a>&#8230;\u00ab <em>comme le Port-Salut<\/em> \u00bb<\/h2>\n<p><span style=\"font-family: Times New Roman, serif\"><b>Comment et quand est n\u00e9 DDT21\u00a0?<\/b><\/span><\/p>\n<p><span style=\"font-family: Times New Roman, serif\">C&rsquo;est suite \u00e0 des discussions pour un projet de revue papier \u2013 qui n&rsquo;a pas vu le jour \u2013 que plusieurs des possibles contributeurs ont lanc\u00e9 ce blog en mai 2014 et y participent aujourd&rsquo;hui de mani\u00e8res diverses. <\/span><\/p>\n<p><span style=\"font-family: Times New Roman, serif\"><b>Que veut dire DDT21\u00a0?<\/b><\/span><\/p>\n<p><span style=\"font-family: Times New Roman, serif\"><span style=\"font-size: medium\">Ce n&rsquo;est pas tr\u00e8s compliqu\u00e9 puisque \u00ab\u00a0<\/span><\/span><span style=\"font-family: Times New Roman, serif\"><span style=\"font-size: medium\"><i>c&rsquo;est \u00e9crit dessus, comme le Port-Salut\u00a0<\/i><\/span><\/span><span style=\"font-family: Times New Roman, serif\"><span style=\"font-size: medium\">\u00bb. DDT c&rsquo;est \u00ab\u00a0Douter De Tout\u00a0\u00bb\u00a0; 21 pour le XXI<\/span><\/span><sup><span style=\"font-family: Times New Roman, serif\"><span style=\"font-size: medium\">e<\/span><\/span><\/sup><span style=\"font-family: Times New Roman, serif\"><span style=\"font-size: medium\"> si\u00e8cle. Cela donne quelque chose comme \u00ab\u00a0Douter de tout au XXI<\/span><\/span><sup><span style=\"font-family: Times New Roman, serif\"><span style=\"font-size: medium\">e<\/span><\/span><\/sup><span style=\"font-family: Times New Roman, serif\"><span style=\"font-size: medium\"> si\u00e8cle&#8230; pour tenir l&rsquo;essentiel\u00a0\u00bb. C&rsquo;est une r\u00e9f\u00e9rence \u00e0 <\/span><\/span><span style=\"font-family: Times New Roman, serif\"><span style=\"font-size: medium\"><i>d<\/i><\/span><\/span><span style=\"font-family: Times New Roman, serif\"><span style=\"font-size: medium\"><i>e omnibus dubitandum<\/i><\/span><\/span><span style=\"font-family: Times New Roman, serif\"><span style=\"font-size: medium\"> (doute de tout), la formule pr\u00e9f\u00e9r\u00e9e de Marx (voir <\/span><\/span><a href=\"https:\/\/ddt21.noblogs.org\/?page_id=441\" target=\"_blank\" rel=\"noopener\"><span style=\"font-family: Times New Roman, serif\"><span style=\"font-size: medium\"><i>La Confession de Karl Marx<\/i><\/span><\/span><\/a><span style=\"font-family: Times New Roman, serif\"><span style=\"font-size: medium\"> )<\/span><\/span><i> <\/i><span style=\"color: #ff3300\"><span style=\"font-family: Times New Roman, serif\">.<br \/>\n<\/span><\/span><a name=\"firstHeading\"><\/a><span style=\"font-family: Times New Roman, serif\"><span style=\"font-size: medium\">Il ne s&rsquo;agit donc pas une formule kab<\/span><\/span>balistique secr\u00e8te dont la compr\u00e9hension ne serait r\u00e9serv\u00e9e qu&rsquo;\u00e0 des initi\u00e9s (n&rsquo;en d\u00e9plaise \u00e0 ceux qui ont une vision complotiste de la soci\u00e9t\u00e9 ou se prennent pour des Champollion du net). Quiconque aura un minimum parcouru les textes publi\u00e9s sur notre blog aura compris qu&rsquo;il ne rend pas hommage \u00e0 la <span lang=\"fr-FR\">Direction d\u00e9partementale des Territoires de la<\/span> C\u00f4te d&rsquo;or&#8230; Le blog a failli s&rsquo;appeler Malangocha ce qui aurait certainement pr\u00eat\u00e9 \u00e0 d&rsquo;autres interpr\u00e9tations.<\/p>\n<p><span style=\"font-family: Times New Roman, serif\"><b>Mais douter de quoi\u00a0?<\/b><\/span><\/p>\n<p><span style=\"font-family: Times New Roman, serif\">Avant tout douter de nous-m\u00eames, de nos certitudes. Si certains militants sont imbus d&rsquo;une rassurante infaillibilit\u00e9 et pensent d\u00e9tenir la v\u00e9rit\u00e9 et la solution, et g\u00e9n\u00e9ralement cherchent \u00e0 l&rsquo;imposer, ce n&rsquo;est pas notre cas. Se reposer sur ses convictions c&rsquo;est s&rsquo;enquister, se rigidifier,\u00a0; c&rsquo;est en ne doutant plus que la th\u00e9orie devient id\u00e9ologie. Si dans les convulsions de la soci\u00e9t\u00e9 contemporaine et la confusion r\u00e9gnante il s&rsquo;agit de ne pas perdre la t\u00eate (le Nord), il ne faut pas se reposer sur nos certitudes pour comprendre ce qui se passe. Nous, nous n&rsquo;avons pas de recette miracle \u00e0 proposer, sinon de se creuser la t\u00eate.<br \/>\n<\/span><span style=\"font-family: Times New Roman, serif\">\u00ab\u00a0Douter de quoi\u00a0?\u00a0\u00bb, la r\u00e9ponse que quelqu&rsquo;un apporte \u00e0 ce genre de question r\u00e9v\u00e8le ses lubies, obsessions et angoisses. Les th\u00e8mes abord\u00e9s sur le blog DDT21 montrent quelles sont les n\u00f4tres.<\/span><\/p>\n<p><span style=\"font-family: Times New Roman, serif\"><b>Et \u00ab\u00a0l&rsquo;essentiel\u00a0\u00bb \u00e0 tenir, qu&rsquo;est-ce donc\u00a0?<\/b><\/span><\/p>\n<p><span style=\"font-family: Times New Roman, serif\">Dans notre \u00ab\u00a0essentiel\u00a0\u00bb il y a \u00e9videmment l&rsquo;antagonisme capital\/travail qui structure le monde, en particulier comme moteur de l&rsquo;histoire et, dans ce cadre, la centralit\u00e9 du prol\u00e9tariat, \u00e9galement dans le d\u00e9clenchement d&rsquo;un processus r\u00e9volutionnaire. Croire \u00e0 cette centralit\u00e9 ce n&rsquo;est pourtant pas croire que tout le reste est \u00ab\u00a0secondaire\u00a0\u00bb.<\/span><\/p>\n<p><span style=\"font-family: Times New Roman, serif\"><b><a href=\"https:\/\/ddt21.noblogs.org\/files\/2018\/11\/02.jpg\"><img loading=\"lazy\" decoding=\"async\" class=\"alignleft size-medium wp-image-2085\" src=\"https:\/\/ddt21.noblogs.org\/files\/2018\/11\/02-300x224.jpg\" alt=\"\" width=\"300\" height=\"224\" srcset=\"https:\/\/ddt21.noblogs.org\/files\/2018\/11\/02-300x224.jpg 300w, https:\/\/ddt21.noblogs.org\/files\/2018\/11\/02-768x574.jpg 768w, https:\/\/ddt21.noblogs.org\/files\/2018\/11\/02-1024x766.jpg 1024w, https:\/\/ddt21.noblogs.org\/files\/2018\/11\/02.jpg 1070w\" sizes=\"auto, (max-width: 300px) 100vw, 300px\" \/><\/a>Et pourquoi cette maxime qui figure en exergue de votre blog\u00a0? \u00ab\u00a0<\/b><i><b>Chaque fois qu&rsquo;\u00e0 la place de prol\u00e9tariat, je lis \u00ab\u00a0peuple\u00a0\u00bb, je me demande quel mauvais coup on pr\u00e9pare contre le prol\u00e9tariat<\/b><\/i><b>\u00a0\u00bb.<\/b> <\/span><\/p>\n<p><span style=\"font-family: Times New Roman, serif\">Nous avons trouv\u00e9 cette citation dans un vieux carnet, not\u00e9e comme attribu\u00e9e \u00e0 Marx mais nous ne retrouvons pas la source originelle (issue de ses correspondances\u00a0? Quelle traduction?) Si quelqu&rsquo;un peut nous aider&#8230;<br \/>\n<\/span><span style=\"font-family: Times New Roman, serif\">En tout cas, le mot \u00ab\u00a0peuple\u00a0\u00bb est fortement utilis\u00e9 aujourd&rsquo;hui par l&rsquo;extr\u00eame gauche g\u00e9n\u00e9ralement oppos\u00e9 \u00e0 celui d&rsquo;\u00ab\u00a0\u00e9lite\u00a0\u00bb, donc \u00e0 une question de pouvoir dont la mauvaise r\u00e9partition pourrait \u00eatre corrig\u00e9e (par davantage de d\u00e9mocratie) ce qui, m\u00e9caniquement, entra\u00eenerait une meilleure r\u00e9partition des richesses. Nous n&rsquo;y croyons \u00e9videmment pas. <\/span><\/p>\n<p><span style=\"font-family: Times New Roman, serif\"><b>DDT21 est-il un blog sur la communisation\u00a0?<\/b><\/span><\/p>\n<p><span style=\"font-family: Times New Roman, serif\">Il faut se reporter \u00e0 ce que nous disons sur les mots \u00ab\u00a0communisation\u00a0\u00bb et \u00ab\u00a0communisateurs\u00a0\u00bb dans un texte que nous avions \u00e9crit en juin 2014, \u00ab\u00a0<a href=\"https:\/\/ddt21.noblogs.org\/?page_id=111\" target=\"_blank\" rel=\"noopener\">C\u2019est d\u00e9j\u00e0 beaucoup (mise au point sur la communisation)<\/a>\u00a0\u00bb. <\/span><\/p>\n<p><span style=\"font-family: Times New Roman, serif\"><b>Vos conseils de lecture sont surprenants, vous faite m\u00eame une liste d\u2019auteurs \u00e0 ne pas lire\u00a0! \u00c7a ne se fait pas\u00a0!<\/b><\/span><\/p>\n<p><span style=\"font-family: Times New Roman, serif\">C&rsquo;est un clin d\u2019\u0153il aux surr\u00e9alistes qui avaient r\u00e9alis\u00e9 une telle liste en 1931 (sur la <a href=\"http:\/\/journals.openedition.org\/labyrinthe\/docannexe\/image\/4094\/img-1.jpg\" target=\"_blank\" rel=\"noopener\">derni\u00e8re page du catalogue de la librairie Jos\u00e9 Corti, \u00ab Livres et publications surr\u00e9alistes \u00bb<\/a>).<br \/>\n<\/span><span style=\"font-family: Times New Roman, serif\">Croire qu&rsquo;il s&rsquo;agit d&rsquo;une injonction autoritaire devant \u00eatre prise au pied de la lettre c&rsquo;est ne pas avoir lu ces deux listes ni consult\u00e9 les <\/span>liens qui sont signal\u00e9s. La colonne \u00ab\u00a0ne lisez pas\u00a0\u00bb comprend des auteurs que certains d&rsquo;entre nous appr\u00e9cient beaucoup. D&rsquo;ailleurs certains auteurs se trouvent dans les deux colonnes, par exemple L\u00e9on Bloy est dans la colonne \u00ab\u00a0ne lisez pas\u00a0\u00bb mais, \u00e0 propos de Lautr\u00e9amont, nous pla\u00e7ons en lien un texte surprenant dans lequel il fait un \u00e9loge des Chants de Maldoror.<\/p>\n<p><span style=\"font-family: Times New Roman, serif\"><b>Sur votre blog les images n&rsquo;ont jamais aucun rapport avec les articles qu&rsquo;elles illustrent, pourquoi\u00a0?<\/b><\/span><\/p>\n<p><span style=\"font-family: Times New Roman, serif\">Elles ne sont \u00e9videmment pas pioch\u00e9es au hasard sur internet et ont donc toujours un lien, plus ou moins lointain, avec le texte. Mais il est vrai que nous ne voyons pas l&rsquo;int\u00e9r\u00eat d&rsquo;illustrer un texte \u00e9voquant une \u00e9meute avec une photo d&rsquo;\u00e9meutiers.<\/span><\/p>\n<p><span style=\"font-family: Times New Roman, serif\"><b>Il y a beaucoup de chats en illustration, pourquoi\u00a0?<\/b><\/span><\/p>\n<p><span style=\"font-family: Times New Roman, serif\">Le chat est un animal que nous aimons beaucoup. C&rsquo;est un point de divergence avec Marx qui lui pr\u00e9f\u00e9rait le poisson (se reporter \u00e0 nouveau \u00e0 <a href=\"https:\/\/ddt21.noblogs.org\/?page_id=441#sdfootnote3anc\" target=\"_blank\" rel=\"noopener\"><i>La Confession de Karl Marx<\/i><\/a>). <\/span><\/p>\n<p align=\"RIGHT\"><span style=\"color: #000000\"><span style=\"font-family: Times New Roman, serif\"><span style=\"font-size: medium\"><b>Tristan Leoni, septembre 2018<\/b><\/span><\/span><\/span><\/p>\n","protected":false},"excerpt":{"rendered":"<p>&#8230;\u00ab comme le Port-Salut \u00bb Comment et quand est n\u00e9 DDT21\u00a0? C&rsquo;est suite \u00e0 des discussions pour un projet de revue papier \u2013 qui n&rsquo;a pas vu le jour \u2013 que plusieurs des possibles contributeurs ont lanc\u00e9 ce blog en &hellip; <a href=\"https:\/\/ddt21.noblogs.org\/?page_id=2083\">Continuer la lecture <span class=\"meta-nav\">&rarr;<\/span><\/a><\/p>\n","protected":false},"author":8284,"featured_media":0,"parent":0,"menu_order":0,"comment_status":"closed","ping_status":"closed","template":"","meta":{"footnotes":""},"class_list":["post-2083","page","type-page","status-publish","hentry"],"_links":{"self":[{"href":"https:\/\/ddt21.noblogs.org\/index.php?rest_route=\/wp\/v2\/pages\/2083","targetHints":{"allow":["GET"]}}],"collection":[{"href":"https:\/\/ddt21.noblogs.org\/index.php?rest_route=\/wp\/v2\/pages"}],"about":[{"href":"https:\/\/ddt21.noblogs.org\/index.php?rest_route=\/wp\/v2\/types\/page"}],"author":[{"embeddable":true,"href":"https:\/\/ddt21.noblogs.org\/index.php?rest_route=\/wp\/v2\/users\/8284"}],"replies":[{"embeddable":true,"href":"https:\/\/ddt21.noblogs.org\/index.php?rest_route=%2Fwp%2Fv2%2Fcomments&post=2083"}],"version-history":[{"count":4,"href":"https:\/\/ddt21.noblogs.org\/index.php?rest_route=\/wp\/v2\/pages\/2083\/revisions"}],"predecessor-version":[{"id":2110,"href":"https:\/\/ddt21.noblogs.org\/index.php?rest_route=\/wp\/v2\/pages\/2083\/revisions\/2110"}],"wp:attachment":[{"href":"https:\/\/ddt21.noblogs.org\/index.php?rest_route=%2Fwp%2Fv2%2Fmedia&parent=2083"}],"curies":[{"name":"wp","href":"https:\/\/api.w.org\/{rel}","templated":true}]}}