{"id":1660,"date":"2017-08-24T16:00:35","date_gmt":"2017-08-24T14:00:35","guid":{"rendered":"https:\/\/ddt21.noblogs.org\/?page_id=1660"},"modified":"2017-08-24T16:04:10","modified_gmt":"2017-08-24T14:04:10","slug":"lpr-racisme-en-provence","status":"publish","type":"page","link":"https:\/\/ddt21.noblogs.org\/?page_id=1660","title":{"rendered":"LPR \/ Racisme en Provence"},"content":{"rendered":"<p><span style=\"color: #000000\"><span style=\"font-size: large\"><a href=\"https:\/\/ddt21.noblogs.org\/files\/2017\/08\/ddt21-LPR-Racisme-en-Provence-1.jpg\"><img loading=\"lazy\" decoding=\"async\" class=\"alignleft size-medium wp-image-1673\" src=\"https:\/\/ddt21.noblogs.org\/files\/2017\/08\/ddt21-LPR-Racisme-en-Provence-1-300x200.jpg\" alt=\"\" width=\"300\" height=\"200\" srcset=\"https:\/\/ddt21.noblogs.org\/files\/2017\/08\/ddt21-LPR-Racisme-en-Provence-1-300x200.jpg 300w, https:\/\/ddt21.noblogs.org\/files\/2017\/08\/ddt21-LPR-Racisme-en-Provence-1-768x512.jpg 768w, https:\/\/ddt21.noblogs.org\/files\/2017\/08\/ddt21-LPR-Racisme-en-Provence-1-1024x683.jpg 1024w, https:\/\/ddt21.noblogs.org\/files\/2017\/08\/ddt21-LPR-Racisme-en-Provence-1.jpg 1800w\" sizes=\"auto, (max-width: 300px) 100vw, 300px\" \/><\/a>Alors que la France s&rsquo;est dot\u00e9e en juillet 1972 d&rsquo;une l\u00e9gislation punissant les propos, injures et discriminations racistes, elle conna\u00eet l&rsquo;\u00e9t\u00e9 suivant une flamb\u00e9e de violence raciste, notamment en Provence. Paradoxe\u00a0? Quoique publi\u00e9s il y a plus de quarante ans, <\/span><\/span><span style=\"color: #000000\"><span style=\"font-size: large\"><i>Les dossiers noirs du racisme dans le Midi de la France<\/i><\/span><\/span><span style=\"color: #000000\"><span style=\"font-size: large\"> n\u2019\u00e9clairent pas seulement cet \u00e9pisode, mais aussi indirectement notre pr\u00e9sent.<\/span><\/span><\/p>\n<p><span style=\"color: #000000\"><span style=\"font-size: large\">Notons tout d&rsquo;abord que cette \u00e9pisode n&rsquo;est que le point extr\u00eame d&rsquo;une vague de racisme plus profonde qui touche la France \u00e0 partir des ann\u00e9es 1970 et se conclut symboliquement par un meurtre qui provoque un \u00e9moi national et m\u00e9diatique, celui d&rsquo;un Alg\u00e9rien par trois candidats l\u00e9gionnaires dans le <\/span><\/span><span style=\"color: #000000\"><span style=\"font-size: large\">train Bordeaux<\/span><\/span><span style=\"color: #000000\"><span style=\"font-size: large\">&#8211;<\/span><\/span><span style=\"color: #000000\"><span style=\"font-size: large\">Vintimille en 1983.<\/span><\/span><\/p>\n<p><span style=\"color: #000000\"><span style=\"font-size: large\">Immigration et \u00e9migration sont au c\u0153ur de la question puisque <\/span><\/span><span style=\"color: #000000\"><span style=\"font-size: large\">ce<\/span><\/span><span style=\"color: #000000\"><span style=\"font-size: large\"> sont des travailleurs alg\u00e9riens qui sont vis\u00e9s. Depuis 1964, les \u00c9tats fran\u00e7ais et alg\u00e9rien organisaient en effet leur transfert pour le plus grand profit du patronat fran\u00e7ais et d\u2019une \u00e9conomie alg\u00e9rienne trop heureuse de se d\u00e9barrasser de prol\u00e9taires surnum\u00e9raires peu qualifi\u00e9s qui, en retour, envoient de l&rsquo;argent au bled. Leur nombre a doubl\u00e9 dans l&rsquo;Hexagone en dix ans pour atteindre 700\u00a0000 en 1973.<\/span><\/span><\/p>\n<p><span style=\"color: #000000\"><span style=\"font-size: large\">Dans les ann\u00e9es 1970, il est des lieux de France o\u00f9 l&rsquo;immigr\u00e9 maghr\u00e9bin (arabe ou kabyle) doit raser les murs lorsque, apr\u00e8s le boulot, il rejoint un foyer, un bidonville ou un garni miteux\u00a0: risque d\u2019\u00eatre renvers\u00e9 par une voiture, tabass\u00e9 \u00e0 mort ou tir\u00e9 au fusil comme \u00e0 la chasse, tout est possible. On ne compte d&rsquo;ailleurs pas les bless\u00e9s ni les \u00ab\u00a0ratonnades\u00a0\u00bb (exp\u00e9ditions \u00ab\u00a0punitives\u00a0\u00bb collectives men\u00e9es par des groupes d&rsquo;habitants ou des milices de voisins). Au printemps 1973, Ordre Nouveau, qui vient de cr\u00e9er le Front national, lance un nouveau th\u00e8me politique, la lutte contre \u00ab\u00a0l&rsquo;immigration sauvage\u00a0\u00bb. En ao\u00fbt, suite au meurtre d&rsquo;un traminot par un Alg\u00e9rien, et alors qu&rsquo;une partie de la presse locale et nationale appelle quasiment au pogrom, huit Maghr\u00e9bins sont assassin\u00e9s en une semaine dans la r\u00e9gion de Marseille. L&rsquo;impunit\u00e9 des meurtriers est assur\u00e9e par la police et la justice \u00e0 coup de non-lieux.<br \/>\n<\/span><\/span><span style=\"color: #000000\"><span style=\"font-size: large\">Ces \u00e9v\u00e9nements d\u00e9clenchent plusieurs gr\u00e8ves de travailleurs arabes, spontan\u00e9es comme au chantier naval de la Ciotat, ou initi\u00e9es par le Mouvement des Travailleurs Arabes : malgr\u00e9 l&rsquo;opposition de l&rsquo;Amicale des Alg\u00e9riens aux ordres d&rsquo;Alger, entre 18\u00a0000 et 30\u00a0000 ouvriers de la r\u00e9gion marseillaise participent en septembre \u00e0 une journ\u00e9e de gr\u00e8ve g\u00e9n\u00e9rale.<\/span><\/span><\/p>\n<p><span style=\"color: #000000\"><span style=\"font-size: large\">Cette pouss\u00e9e raciste est-elle orchestr\u00e9e par l\u2019\u00c9tat ou le capital\u00a0? Ou serait-ce la r\u00e9surgence d\u2019un racisme atavique proven\u00e7al faisant de Marseille une capitale du racisme o\u00f9 le Maghr\u00e9bin doit vivre dans la peur\u00a0? Dans la ligne du journalisme judiciaire d&rsquo;extr\u00eame gauche attach\u00e9 \u00e0 remonter des fili\u00e8res pour d\u00e9nicher des coupables, l\u2019ouvrage cherche l&rsquo;explication du c\u00f4t\u00e9 des nostalgiques de d&rsquo;Alg\u00e9rie fran\u00e7aise.<br \/>\n<\/span><\/span><span style=\"color: #000000\"><span style=\"font-size: large\">Certes, dix ans apr\u00e8s la fin de la guerre d\u2019Alg\u00e9rie, la r\u00e9gion reste tr\u00e8s marqu\u00e9e par une forte pr\u00e9sence de rapatri\u00e9s \u2013 les Pieds noirs r\u00e9put\u00e9s pour leur racisme, ce qui est effectivement le cas d&rsquo;une minorit\u00e9 politis\u00e9e \u2013 mais aussi de Harkis, deux groupes qui durant cette p\u00e9riode m\u00e8nent un bras de fer avec l\u2019\u00c9tat pour des revendications \u00e9conomiques et sociales.<\/span><\/span><\/p>\n<p><span style=\"color: #000000\"><span style=\"font-size: large\">Pourtant la ranc\u0153ur n\u2019explique pas tout. Bien des \u00ab\u00a0crimes racistes\u00a0\u00bb de cette ann\u00e9e-l\u00e0 ne rel\u00e8vent d&rsquo;ailleurs pas du coup de sang avin\u00e9 et haineux. Les lieux fr\u00e9quent\u00e9s par les Maghr\u00e9bins (bar, restaurant, cin\u00e9ma) sont en 1973 vis\u00e9s par une s\u00e9rie d&rsquo;attentats qui culmine lorsqu&rsquo;une bombe explose dans le hall du consulat d&rsquo;Alg\u00e9rie \u00e0 Marseille, faisant quatre morts et vingt bless\u00e9s. Sans \u00eatre fr\u00e9quents, des plastiquages de ce type ponctueront toutefois l&rsquo;actualit\u00e9 jusqu&rsquo;au d\u00e9but des ann\u00e9es 1980, visant par exemple des foyers Sonacotra, et \u00e9tant parfois revendiqu\u00e9s par des groupes de lutte arm\u00e9e d&rsquo;extr\u00eame droite, plus ou moins h\u00e9ritiers de l&rsquo;OAS, certains constitu\u00e9s de Harkis. Ce n\u2019est pas verser dans le conspirationnisme que d\u2019y voir un nid \u00e0 barbouzes, magouilles et manips, d&rsquo;autant qu&rsquo;y frayent les services de plusieurs pays (le GAL espagnol na\u00eetra dans ce cloaque). On est d&rsquo;ailleurs dans une p\u00e9riode de tension entre les gouvernements fran\u00e7ais et alg\u00e9rien, due surtout \u00e0 la nationalisation du secteur p\u00e9trolier en 1971.<br \/>\n<\/span><\/span><span style=\"color: #000000\"><span style=\"font-size: large\">Autre fait majeur, depuis la fin des ann\u00e9es 1960, le ralentissement \u00e9conomique et la mont\u00e9e du ch\u00f4mage pr\u00e9figurent la crise de 1973 \u2013 rappelons que la vague d&rsquo;\u00e9meutes anti-italiennes dans le sud de la France \u00e0 la fin du XIX<\/span><\/span><span style=\"color: #000000\"><sup><span style=\"font-size: large\">e<\/span><\/sup><\/span><span style=\"color: #000000\"><span style=\"font-size: large\"> si\u00e8cle co\u00efncidait avec une crise \u00e9conomique et des tensions diplomatiques entre les deux pays. Depuis 1972, la France a d&rsquo;ailleurs restreint l&rsquo;attribution de cartes de s\u00e9jour, provoquant manifestations et gr\u00e8ves de la faim de travailleurs maghr\u00e9bins. Les expulsions se multiplient. Le livre d\u00e9crit d&rsquo;ailleurs la prison clandestine d&rsquo;Arenc sur le port de Marseille, o\u00f9 sont ill\u00e9galement enferm\u00e9s des travailleurs immigr\u00e9s (europ\u00e9ens ou nord-africains) avant leur expulsion sauvage. La gestion de la main-d\u2019\u0153uvre immigr\u00e9e devient un enjeu, les crimes racistes \u00e9galement. Se pose alors la question de leur d\u00e9finition\u00a0; suffit-il que la victime soit arabe? Le r\u00e9gime alg\u00e9rien tient lui sa propre comptabilit\u00e9, recensant jusqu&rsquo;\u00e0 50 tu\u00e9s et 300 bless\u00e9s en 1973, ce qui lui offre un pr\u00e9texte pour arr\u00eater unilat\u00e9ralement l\u2019\u00e9migration. Quelques mois plus tard, c&rsquo;est la France qui met officiellement fin \u00e0 l&rsquo;immigration de travail qu&rsquo;elle avait encourag\u00e9e depuis le d\u00e9but des ann\u00e9es 1950. Devant l\u2019impossibilit\u00e9 de faire l\u2019aller-retour entre les deux pays, une partie des travailleurs immigr\u00e9s choisissent par cons\u00e9quent de s&rsquo;installer durablement en France et d&rsquo;y accueillir leur famille (le \u00ab\u00a0regroupement familial\u00a0\u00bb sera institutionnalis\u00e9 en 1976).<\/span><\/span><\/p>\n<p><span style=\"color: #000000\"><span style=\"font-size: large\">La haine n&rsquo;est pas suffisante pour expliquer des ph\u00e9nom\u00e8nes qu\u2019on ne peut renvoyer \u00e0 des sentiments ou des opinions aussi variables que la m\u00e9t\u00e9o. C&rsquo;est surtout avec la crise et le ch\u00f4mage qu&rsquo;immigration et racisme deviennent des th\u00e8mes de soci\u00e9t\u00e9, des th\u00e8mes politiques. L&rsquo;ann\u00e9e 1973 marque un tournant vers cette d\u00e9cennie 1980 o\u00f9 l&rsquo;on change de paradigme\u00a0: dans l&rsquo;imaginaire social, <\/span><\/span><span style=\"color: #000000\"><span style=\"font-size: large\"><i>l&rsquo;ouvrier <\/i><\/span><\/span><span style=\"color: #000000\"><span style=\"font-size: large\">maghr\u00e9bin (dont la pr\u00e9sence n&rsquo;est que provisoire) va laisser la place au beur,<\/span><\/span><i> <\/i><span style=\"color: #000000\"><span style=\"font-size: large\">le meurtre du \u00ab\u00a0travailleur arabe\u00a0\u00bb (g\u00e9n\u00e9ralement commis par un civil) au \u00ab\u00a0jeune de banlieue\u00a0\u00bb abattu par la police. Nous y sommes encore.<\/span><\/span><\/p>\n<p align=\"RIGHT\"><span style=\"color: #000000\"><span style=\"font-size: large\"><b>Tristan Leoni, ao\u00fbt 2017<\/b><\/span><\/span><\/p>\n<p><span style=\"color: #000000\"><span style=\"font-size: large\">Fran\u00e7ois No\u00ebl Bernardi, Jean Dissler, Alain Dugrand, Alex Panzani, <\/span><\/span><span style=\"color: #000000\"><span style=\"font-size: large\"><i>Les dossiers noirs du racisme dans le Midi de la France<\/i><\/span><\/span><span style=\"color: #000000\"><span style=\"font-size: large\">, Paris, Seuil, 1976, 208 p.<\/span><\/span><\/p>\n<p><span style=\"color: #000000\"><span style=\"font-size: large\"><b>Lectures compl\u00e9mentaires<\/b><\/span><\/span><b> <\/b><span style=\"color: #000000\"><span style=\"font-size: large\"><b>:<\/b><\/span><\/span><\/p>\n<p><span style=\"color: #000000\"><span style=\"font-size: large\">Mathieu L\u00e9onard, <a href=\"http:\/\/cqfd-journal.org\/1973-un-ete-raciste\" target=\"_blank\" rel=\"noopener\">\u00ab\u00a01973\u00a0: un \u00e9t\u00e9 raciste\u00a0\u00bb<\/a>, <\/span><\/span><span style=\"color: #000000\"><span style=\"font-size: large\"><i>CQFD<\/i><\/span><\/span><span style=\"color: #000000\"><span style=\"font-size: large\">, n\u00b0 115, octobre 2013<\/span><\/span><\/p>\n<p><span style=\"color: #000000\"><span style=\"font-size: large\">Yvan Gastaut, <a href=\"http:\/\/www.persee.fr\/doc\/remi_0765-0752_1993_num_9_2_1355\" target=\"_blank\" rel=\"noopener\">\u00ab\u00a0La flamb\u00e9e raciste de 1973 en France\u00a0\u00bb<\/a>, <\/span><\/span><span style=\"color: #000000\"><span style=\"font-size: large\"><i>Revue europ\u00e9enne des migrations internationales<\/i><\/span><\/span><span style=\"color: #000000\"><span style=\"font-size: large\">, n\u00b0 2, Vol. IX, 1993.<\/span><\/span><\/p>\n<h3 class=\"western\"><span style=\"color: #000000\"><span style=\"font-size: large\">Abdellali Hajjat, <a href=\"http:\/\/www.gisti.org\/spip.php?article4337\" target=\"_blank\" rel=\"noopener\">\u00ab\u00a0Le MTA et la \u00ab\u00a0gr\u00e8ve g\u00e9n\u00e9rale\u00a0\u00bb contre le racisme de 1973\u00a0\u00bb<\/a>, <\/span><\/span><span style=\"color: #000000\"><span style=\"font-size: large\"><i>Plein Droit<\/i><\/span><\/span><span style=\"color: #000000\"><span style=\"font-size: large\">, n\u00b0 67, d\u00e9cembre 2005.<\/span><\/span><\/h3>\n<p><span style=\"color: #000000\"><span style=\"font-size: large\"><a href=\"http:\/\/www.editionslibertalia.com\/blog\/Rengainez-on-arrive,298\" target=\"_blank\" rel=\"noopener\">\u00ab\u00a0Rengainez, on arrive\u00a0!\u00a0\u00bb<\/a>, entretien avec Mogniss H. Abdallah, <\/span><\/span><span style=\"color: #000000\"><span style=\"font-size: large\"><i>Combat syndicaliste<\/i><\/span><\/span><span style=\"color: #000000\"><span style=\"font-size: large\">, n\u00b0 375, janvier 2013.<\/span><\/span><\/p>\n<p><span style=\"color: #000000\"><span style=\"font-size: large\"><a href=\"https:\/\/mars-infos.org\/belle-epoque-et-xenophobie-chasse-2156\" target=\"_blank\" rel=\"noopener\">\u00ab\u00a0Belle \u00e9poque et x\u00e9nophobie. Chasse \u00e0 l\u2019Italien en Vaucluse\u00a0\u00bb<\/a>, <\/span><\/span><span style=\"color: #000000\"><span style=\"font-size: large\"><i>Traits noirs<\/i><\/span><\/span><span style=\"color: #000000\"><span style=\"font-size: large\">, n\u00b0 9, janvier 2003.<\/span><\/span><\/p>\n","protected":false},"excerpt":{"rendered":"<p>Alors que la France s&rsquo;est dot\u00e9e en juillet 1972 d&rsquo;une l\u00e9gislation punissant les propos, injures et discriminations racistes, elle conna\u00eet l&rsquo;\u00e9t\u00e9 suivant une flamb\u00e9e de violence raciste, notamment en Provence. Paradoxe\u00a0? Quoique publi\u00e9s il y a plus de quarante ans, &hellip; <a href=\"https:\/\/ddt21.noblogs.org\/?page_id=1660\">Continuer la lecture <span class=\"meta-nav\">&rarr;<\/span><\/a><\/p>\n","protected":false},"author":8284,"featured_media":0,"parent":1074,"menu_order":0,"comment_status":"closed","ping_status":"closed","template":"","meta":{"footnotes":""},"class_list":["post-1660","page","type-page","status-publish","hentry"],"_links":{"self":[{"href":"https:\/\/ddt21.noblogs.org\/index.php?rest_route=\/wp\/v2\/pages\/1660","targetHints":{"allow":["GET"]}}],"collection":[{"href":"https:\/\/ddt21.noblogs.org\/index.php?rest_route=\/wp\/v2\/pages"}],"about":[{"href":"https:\/\/ddt21.noblogs.org\/index.php?rest_route=\/wp\/v2\/types\/page"}],"author":[{"embeddable":true,"href":"https:\/\/ddt21.noblogs.org\/index.php?rest_route=\/wp\/v2\/users\/8284"}],"replies":[{"embeddable":true,"href":"https:\/\/ddt21.noblogs.org\/index.php?rest_route=%2Fwp%2Fv2%2Fcomments&post=1660"}],"version-history":[{"count":6,"href":"https:\/\/ddt21.noblogs.org\/index.php?rest_route=\/wp\/v2\/pages\/1660\/revisions"}],"predecessor-version":[{"id":1679,"href":"https:\/\/ddt21.noblogs.org\/index.php?rest_route=\/wp\/v2\/pages\/1660\/revisions\/1679"}],"up":[{"embeddable":true,"href":"https:\/\/ddt21.noblogs.org\/index.php?rest_route=\/wp\/v2\/pages\/1074"}],"wp:attachment":[{"href":"https:\/\/ddt21.noblogs.org\/index.php?rest_route=%2Fwp%2Fv2%2Fmedia&parent=1660"}],"curies":[{"name":"wp","href":"https:\/\/api.w.org\/{rel}","templated":true}]}}