{"id":1615,"date":"2017-07-24T18:11:46","date_gmt":"2017-07-24T16:11:46","guid":{"rendered":"https:\/\/ddt21.noblogs.org\/?page_id=1615"},"modified":"2017-07-24T18:11:46","modified_gmt":"2017-07-24T16:11:46","slug":"lpr-sur-la-des-ouvrierisation-du-pcf","status":"publish","type":"page","link":"https:\/\/ddt21.noblogs.org\/?page_id=1615","title":{"rendered":"LPR \/ Sur la \u00ab\u00a0d\u00e9s-ouvri\u00e9risation\u00a0\u00bb du PCF"},"content":{"rendered":"<p align=\"JUSTIFY\"><span style=\"font-family: Times New Roman,serif\"><span style=\"font-size: medium\"><strong><a href=\"https:\/\/ddt21.noblogs.org\/files\/2017\/07\/0.Julian-Mischi-Le-communisme-d\u00e9sarm\u00e9.jpg\"><img loading=\"lazy\" decoding=\"async\" class=\"alignleft size-medium wp-image-1618\" src=\"https:\/\/ddt21.noblogs.org\/files\/2017\/07\/0.Julian-Mischi-Le-communisme-d\u00e9sarm\u00e9-300x297.jpg\" alt=\"\" width=\"300\" height=\"297\" srcset=\"https:\/\/ddt21.noblogs.org\/files\/2017\/07\/0.Julian-Mischi-Le-communisme-d\u00e9sarm\u00e9-300x297.jpg 300w, https:\/\/ddt21.noblogs.org\/files\/2017\/07\/0.Julian-Mischi-Le-communisme-d\u00e9sarm\u00e9-150x150.jpg 150w, https:\/\/ddt21.noblogs.org\/files\/2017\/07\/0.Julian-Mischi-Le-communisme-d\u00e9sarm\u00e9-768x761.jpg 768w, https:\/\/ddt21.noblogs.org\/files\/2017\/07\/0.Julian-Mischi-Le-communisme-d\u00e9sarm\u00e9.jpg 950w\" sizes=\"auto, (max-width: 300px) 100vw, 300px\" \/><\/a><\/strong><\/span><\/span><strong>Julian Mischi, <i>Le communisme d\u00e9sarm\u00e9. Le PCF et les classes populaires depuis les ann\u00e9es 1970<\/i>, Agone, 2014.<\/strong><\/p>\n<p align=\"JUSTIFY\"><span style=\"font-family: Times New Roman,serif\"><span style=\"font-size: medium\">Ce qui a fait la force historique du PCF, c\u2019\u00e9tait son emprise sur la classe ouvri\u00e8re, au point que des groupes comme Socialisme ou Barbarie voyaient dans la <i>bureaucratie ouvri\u00e8re <\/i>le principal obstacle \u00e0 l\u2019action autonome des prol\u00e9taires. Qu\u2019en est-il aujourd\u2019hui\u00a0? <a class=\"sdfootnoteanc\" href=\"#sdfootnote1sym\" name=\"sdfootnote1anc\"><sup>1<\/sup><\/a> <\/span><\/span><\/p>\n<p align=\"JUSTIFY\"><span style=\"font-family: Times New Roman,serif\"><span style=\"font-size: medium\">Pour qu\u2019un parti puisse l\u00e9gitimement se dire celui \u00ab\u00a0de la classe ouvri\u00e8re\u00a0\u00bb, il a fallu que les ouvriers se s\u00e9parent du monde agricole et artisanal dans lequel ils vivaient encore en France jusque vers\u00a01930, et que se cr\u00e9ent simultan\u00e9ment de grandes usines, les banlieues des m\u00e9tropoles et des bassins mono-industriels en zone rurale. Cela a favoris\u00e9 une \u00ab\u00a0culture de classe\u00a0\u00bb au sens d\u2019un groupe relativement distinct, mais capable aussi de s\u2019associer \u00e0 d\u2019autres couches \u00ab\u00a0laborieuses\u00a0\u00bb aux conditions de vie relativement proches (petits employ\u00e9s, fonctionnaires subalternes, voire artisans et commer\u00e7ants). Dans la grande usine, par la discipline d\u2019atelier et la solidarit\u00e9 dans la revendication, l\u2019autorit\u00e9 du d\u00e9l\u00e9gu\u00e9 syndical contrebalan\u00e7ait le pouvoir du patron. Et le travail qualifi\u00e9 donnait une marge d\u2019autonomie \u00e0 la classe ouvri\u00e8re\u00a0: l\u2019ajusteur titulaire d\u2019un CAP n\u2019\u00e9tait pas pass\u00e9 par la m\u00eame \u00e9cole que l\u2019ing\u00e9nieur ou le \u00ab\u00a0petit bourgeois\u00a0\u00bb. <\/span><\/span><\/p>\n<p align=\"JUSTIFY\"><span style=\"font-family: Times New Roman,serif\"><span style=\"font-size: medium\">Le \u00ab\u00a0parti des ouvriers\u00a0\u00bb agr\u00e9geait d\u2019autres couches, y compris rurales, en une contre-soci\u00e9t\u00e9 qui encadrait une partie de la population laborieuse tout en incarnant un mod\u00e8le social.<a class=\"sdfootnoteanc\" href=\"#sdfootnote2sym\" name=\"sdfootnote2anc\"><sup>2<\/sup><\/a> Les communes de la \u00ab\u00a0banlieue rouge\u00a0\u00bb n\u2019\u00e9taient pas g\u00e9r\u00e9es comme les villes \u00ab\u00a0bourgeoises\u00a0\u00bb voisines. L\u2019assise militante du PCF, ainsi que sa direction, s\u2019organisait autour d\u2019un groupe\u00a0central, r\u00e9el et symbolique, \u00ab\u00a0les m\u00e9tallos\u00a0\u00bb. La bureaucratie syndicale et de parti offrait aux ouvriers une promotion. <\/span><\/span><\/p>\n<p align=\"JUSTIFY\"><span style=\"font-family: Times New Roman,serif\"><span style=\"font-size: medium\">Depuis quarante ans, la \u00ab\u00a0d\u00e9s-industrialisation\u00a0\u00bb a frapp\u00e9 ce groupe central et ce qui tournait autour. Entre\u00a01975 et\u00a02010, la part des ouvriers dans la population active\u00a0est descendue de 37\u00a0% \u00e0 23\u00a0%. Pour autant, forte baisse ne signifie pas \u00e9vanescence. Si l\u2019on inclut les manutentionnaires, les ouvriers des transports, consid\u00e9rant qu\u2019en France la majorit\u00e9 des ouvriers travaillent hors de la production industrielle, un homme actif sur trois est ouvrier. La proportion des travailleurs d\u2019ex\u00e9cution (souvent manuels) et des petits employ\u00e9s est stable depuis les ann\u00e9es\u00a01960\u00a0: plus de 50\u00a0% de la population active, et le nombre de couples unissant ouvrier\/ouvri\u00e8re \u00e0 employ\u00e9\/employ\u00e9e n\u2019a pas non plus diminu\u00e9. <a class=\"sdfootnoteanc\" href=\"#sdfootnote3sym\" name=\"sdfootnote3anc\"><sup>3<\/sup><\/a><b> <\/b><\/span><\/span><\/p>\n<p align=\"JUSTIFY\"><span style=\"font-family: Times New Roman,serif\"><span style=\"font-size: medium\">Mais la question (ni sa solution) n\u2019est jamais une simple affaire de nombre. Le changement d\u00e9cisif, c\u2019est la d\u00e9faite et la division qu&rsquo;il s&rsquo;est ensuivi, marqu\u00e9e notamment par l\u2019int\u00e9rim (aux Chantiers de l\u2019Atlantique, en\u00a02000, 7\u00a0000\u00a0int\u00e9rimaires pour 4\u00a0000\u00a0\u00ab\u00a0permanents\u00a0\u00bb) et le ch\u00f4mage (850\u00a0000\u00a0ch\u00f4meurs recens\u00e9s en\u00a02010). Sup\u00e9rieur \u00e0 20\u00a0% il y a quarante ans, le taux de syndicalisation\u00a0est inf\u00e9rieur \u00e0 10\u00a0% aujourd\u2019hui.<\/span><\/span><\/p>\n<p align=\"JUSTIFY\"><span style=\"font-family: Times New Roman,serif\"><span style=\"font-size: medium\">Cela ne pouvait manquer d\u2019avoir son effet \u00e0 l\u2019int\u00e9rieur du PCF. Jusque vers\u00a01970, 45\u00a0% de ses adh\u00e9rents \u00e9taient ouvriers\u00a0: ils n\u2019\u00e9taient d\u00e9j\u00e0 plus que 31\u00a0% en\u00a01997. En\u00a02003, alors que les ouvriers composent un quart de la population active, on ne comptait que 10\u00a0% de d\u00e9l\u00e9gu\u00e9s ouvriers au XXXII<sup>e\u00a0<\/sup>congr\u00e8s du parti. <\/span><\/span><\/p>\n<p align=\"JUSTIFY\"><span style=\"font-family: Times New Roman,serif\"><span style=\"font-size: medium\">Le PCF b\u00e9n\u00e9ficiait du soutien des fractions sup\u00e9rieures des classes populaires, d\u2019o\u00f9 venaient la plupart de ses dirigeants. Or, d\u00e8s la fin des ann\u00e9es\u00a01970, ces couches sont fragilis\u00e9es par une crise qui \u00e9branle autant la base qu\u2019un appareil reposant sur une alliance entre ouvriers syndicalistes et \u00ab\u00a0petite bourgeoisie culturelle\u00a0\u00bb (enseignants, fonctionnaires de l\u2019animation, \u00e9ducateurs). <\/span><\/span><\/p>\n<p align=\"JUSTIFY\"><span style=\"font-family: Times New Roman,serif\"><span style=\"font-size: medium\">Mais si le PCF a subi cette \u00e9volution, il y a aussi largement contribu\u00e9. <\/span><\/span><\/p>\n<p align=\"JUSTIFY\"><span style=\"font-family: Times New Roman,serif\"><span style=\"font-size: medium\">Au lendemain de\u00a068, illusionn\u00e9 par la force de la CGT et son score \u00e0 la pr\u00e9sidentielle de\u00a01969\u00a0(21\u00a0%, contre 5\u00a0% pour une SFIO agonisante), le PC se croit le vent en poupe, alors que va s\u2019aggraver une contradiction qui fera sa chute\u00a0: sa base ouvri\u00e8re d\u00e9cline, en raison de l\u2019attrait d\u2019une CFDT au visage \u00ab\u00a0gauchiste\u00a0\u00bb, puis de la crise \u00e9conomique d\u00e8s\u00a01975\u00a0; tandis que la direction ren\u00e2cle \u00e0 s\u2019ouvrir aux \u00ab\u00a0nouveaux mouvements sociaux\u00a0\u00bb, que sait capter un PS ascendant. Le parti oscille, optant pour l\u2019Union de la gauche en\u00a01972 avant de la rompre en\u00a01977, tout en \u00a0participant au gouvernement socialiste de\u00a01981 \u00e0\u00a01984. <\/span><\/span><\/p>\n<p align=\"JUSTIFY\"><span style=\"font-family: Times New Roman,serif\"><span style=\"font-size: medium\">Menac\u00e9 dans son \u00e9lite dirigeante et m\u00eame dans son assise sociale, le PC r\u00e9agit par un repli conservateur, s\u2019\u00e9levant contre \u00ab\u00a0l\u2019immoralit\u00e9\u00a0\u00bb (jusqu\u2019\u00e0 d\u00e9fendre \u00ab\u00a0la pudeur\u00a0\u00bb), restant \u00e0 l\u2019\u00e9cart des \u00ab\u00a0questions de soci\u00e9t\u00e9\u00a0\u00bb, par exemple des luttes pour l\u2019avortement, tout en brouillant les cartes par la renonciation \u00e0 sa sp\u00e9cificit\u00e9 id\u00e9ologique (abandon officiel de la \u00ab\u00a0dictature du prol\u00e9tariat\u00a0\u00bb en\u00a01976\u00a0<a class=\"sdfootnoteanc\" href=\"#sdfootnote4sym\" name=\"sdfootnote4anc\"><sup>4<\/sup><\/a>). <\/span><\/span><\/p>\n<p align=\"JUSTIFY\"><span style=\"font-family: Times New Roman,serif\"><span style=\"font-size: medium\">\u00c0 la fin des ann\u00e9es\u00a01970, raidissement moral et durcissement ouvri\u00e9riste provoquent une r\u00e9sistance \u00e0 la base, y compris une r\u00e9ticence \u00e0 la ligne officielle sur l\u2019immigration, d\u00e9saccords qui se r\u00e9percutent dans la CGT. Le PC se referme sur lui au moment o\u00f9 il n\u2019a plus les moyens\u00a0de faire taire des contestations qui d\u00e9bordent sur la place publique, l\u2019exclusion ne faisant plus gu\u00e8re peur aux opposants. <\/span><\/span><\/p>\n<p align=\"JUSTIFY\"><span style=\"font-family: Times New Roman,serif\"><span style=\"font-size: medium\">La solution qui finira par s\u2019imposer mettra \u00e0 l\u2019arri\u00e8re-plan la r\u00e9f\u00e9rence au \u00ab\u00a0parti de la classe ouvri\u00e8re\u00a0\u00bb, au profit d\u2019une d\u00e9marche \u00ab\u00a0citoyenne\u00a0\u00bb, du municipalisme, de la diversit\u00e9 et de la mixit\u00e9 sociale. L\u2019\u00e9lectoralisme se faisait au nom des travailleurs\u00a0: ceux-ci sont maintenant d\u2019abord trait\u00e9s en citoyens. <\/span><\/span><\/p>\n<p align=\"JUSTIFY\"><span style=\"font-family: Times New Roman,serif\"><span style=\"font-size: medium\">Une lutte de classe ne s\u2019en d\u00e9roule pas moins au sein du monde PC, entre la municipalit\u00e9-patron et ses salari\u00e9s, soutenus par les cellules des employ\u00e9s communaux et la CGT. Et ce ne sont pas les syndicalistes qui l\u2019emportent, mais des \u00e9lus d\u2019autant plus puissants que, comme \u00e0 Ivry, la mairie est souvent devenue le premier employeur de la ville. Quand le conflit oppose des ouvriers d\u2019atelier aux chefs de service et aux cadres de la fonction publique territoriale, le PC cesse d\u2019appara\u00eetre comme l\u2019organisation par excellence de d\u00e9fense du travail, y compris aux yeux de ses militants. <\/span><\/span><\/p>\n<p align=\"JUSTIFY\"><span style=\"font-family: Times New Roman,serif\"><span style=\"font-size: medium\">H\u00e9ritier d\u2019une vieille tradition social-d\u00e9mocrate, le \u00ab\u00a0communisme municipal\u00a0\u00bb, longtemps une des forces du PC, s\u2019autonomise, conform\u00e9ment \u00e0 un choix politique\u00a0: \u00e0 la fin du xx<sup>e\u00a0<\/sup>si\u00e8cle, le PC se restructure sur la base des circonscriptions \u00e9lectorales aux d\u00e9pens des cellules d\u2019entreprise. L\u2019Union de la gauche avait d\u2019ailleurs permis d&rsquo;augmenter le nombre d\u2019\u00e9lus PC, jusqu\u2019au record de 1\u00a0500\u00a0maires PC en\u00a01983. Pourtant, quand cesse l\u2019alliance avec le PS (ou quand ce parti, comme aujourd\u2019hui, s\u2019effondre), et que le PC ne contr\u00f4le plus que 720\u00a0mairies en\u00a02008, les \u00e9lus ont beau \u00eatre de moins en moins nombreux, leur pesanteur politique s\u2019en affirme davantage. Ce ne sont plus les m\u00e9tallos mais les cadres des collectivit\u00e9s qui forment le groupe central du PCF. <a class=\"sdfootnoteanc\" href=\"#sdfootnote5sym\" name=\"sdfootnote5anc\"><sup>5<\/sup><\/a> <\/span><\/span><\/p>\n<p align=\"JUSTIFY\"><span style=\"font-family: Times New Roman,serif\"><span style=\"font-size: medium\">En parall\u00e8le, le PCF valorise la multiplicit\u00e9, les travailleurs n\u2019\u00e9tant que l\u2019une des minorit\u00e9s auxquelles il s\u2019adresse. Le texte du Conseil national pour le XXXIV<sup>e\u00a0<\/sup>congr\u00e8s (2008) citait une seule fois le mot <i>ouvrier<\/i>, comme un groupe parmi tous ceux qu\u2019il faut rassembler\u00a0: <i>\u00ab\u00a0ouvriers, techniciens, employ\u00e9s ou cadres, femmes et hommes salari\u00e9s de toutes cat\u00e9gories, pr\u00e9caires, intellectuels, sans-papiers, sans-emploi, paysans, cr\u00e9ateurs, \u00e9tudiants, retrait\u00e9s, artisans\u00a0\u00bb.<\/i><\/span><\/span><\/p>\n<p align=\"JUSTIFY\"><span style=\"font-family: Times New Roman,serif\"><span style=\"font-size: medium\">Le PC s\u2019est ralli\u00e9 au th\u00e8me d\u2019une \u00ab\u00a0d\u00e9mocratie participative\u00a0\u00bb, qui ne vise pas \u00e0 repr\u00e9senter ou promouvoir une classe ouvri\u00e8re, ni m\u00eame des classes dites populaires, mais \u00e0 r\u00e9unir quasiment la totalit\u00e9 de la population\u00a0: le \u00ab\u00a0lien social\u00a0\u00bb est forc\u00e9ment trans-classiste, et la priorit\u00e9 donn\u00e9e \u00e0 la lutte \u00ab\u00a0contre l\u2019exclusion\u00a0\u00bb signifie qu\u2019il faut inclure tout le monde. Si diff\u00e9rences il y a, elles rel\u00e8vent de l\u2019origine (ethnique, religieuse&#8230;) ou du sexe (recherche de la parit\u00e9). La \u00ab\u00a0d\u00e9mocratie locale\u00a0\u00bb (par exemple l\u2019habitude du r\u00e9f\u00e9rendum municipal sur un projet communal) r\u00e9duit la politique \u00e0 des fragments de vie quotidienne. <\/span><\/span><\/p>\n<p align=\"JUSTIFY\"><span style=\"font-family: Times New Roman,serif\"><span style=\"font-size: medium\">Les associations li\u00e9es au PC se perp\u00e9tuent, d\u2019autres naissent, mais d\u00e9li\u00e9es d\u2019un parti qu\u2019elles ne nourrissent pas. Participer \u00e0 l\u2019action du parti ne se fait plus dans le cadre d\u2019une cellule, mais d\u2019un r\u00e9seau, voire de plusieurs, chaque r\u00e9seau ayant son th\u00e8me particulier, et chaque personne choisissant ce qu\u2019elle pr\u00e9f\u00e8re. <\/span><\/span><\/p>\n<p align=\"JUSTIFY\"><span style=\"font-family: Times New Roman,serif\"><span style=\"font-size: medium\">Quand les ex-staliniens comme les ex-gauchistes pratiquent une d\u00e9mocratie <i>do-it-yourself<\/i>, il n\u2019y a rien d\u2019\u00e9tonnant \u00e0 ce que d\u00e9p\u00e9risse un militantisme qui n\u2019avait jamais \u00e9t\u00e9 le fait que d\u2019une minorit\u00e9. En\u00a01997, un quart des cotisants disaient militer et 31\u00a0% des adh\u00e9rents, consacrer moins d\u2019une heure par mois au parti. Pire, moins d\u2019un tiers des adh\u00e9rents participent aux votes internes au PC. Il y a une vingtaine d\u2019ann\u00e9es d\u00e9j\u00e0, Elise Grappe (1911-1996, \u00e9lue d\u00e9put\u00e9 PCF en\u00a01951)\u00a0d\u00e9clarait\u00a0: <\/span><\/span><\/p>\n<p align=\"JUSTIFY\"><span style=\"font-family: Times New Roman,serif\"><span style=\"font-size: medium\">\u00ab\u00a0<i>Dans ma cellule, on se r\u00e9unit chez moi. Je leur fais un casse-cro\u00fbte. Ils mangent, ils boivent. Ils sont bien contents. Et on s\u2019en va tout heureux. On ne fait rien. On paie nos timbres, on souscrit, mais on ne fait rien. C\u2019est la cellule du quartier.\u00a0<\/i>\u00bb <\/span><\/span><\/p>\n<p align=\"JUSTIFY\"><span style=\"font-family: Times New Roman,serif\"><span style=\"font-size: medium\">En r\u00e9alit\u00e9, \u00ab\u00a0militer\u00a0\u00bb n\u2019a plus le m\u00eame sens que dans la jeunesse d\u2019\u00c9lise. \u00c0 la base les \u00ab\u00a0assos\u00a0\u00bb (d\u00e9politisation par \u00e9clatement)\u00a0; au sommet, la gestion locale et \u00e9lectorale (professionnalisation)\u00a0; pour faire coller le tout, des consultants en communication. <\/span><\/span><\/p>\n<p align=\"JUSTIFY\"><span style=\"font-family: Times New Roman,serif\"><span style=\"font-size: medium\">Auparavant, un discours de classe structurait l\u2019appel au peuple\u00a0: aujourd\u2019hui, avec l\u2019effacement du vocabulaire de classe, le peuple ne tient plus que comme addition de minorit\u00e9s. <\/span><\/span><\/p>\n<p align=\"JUSTIFY\"><span style=\"font-family: Times New Roman,serif\"><span style=\"font-size: medium\"><i>Ouvrier<\/i> renvoyait au travail. Le<i> peuple<\/i>, lui, n\u2019a de r\u00e9alit\u00e9 que comme le rassemblement de ceux d\u2019en bas, d\u00e9finis moins par ce qu\u2019ils font que par ce qu\u2019ils ne sont pas et n\u2019ont pas, les\u00a099\u00a0% priv\u00e9s de pouvoir, domination et privation \u00e9tant suppos\u00e9es donner coh\u00e9rence \u00e0 cet ensemble. De l\u2019abandon d\u2019une classe mythifi\u00e9e sortent un agr\u00e9gat de cat\u00e9gories sans autre consistance qu\u2019abstraite, parfaitement exprim\u00e9e par le slogan\u00a0: \u00ab\u00a0L\u2019humain d\u2019abord.\u00a0\u00bb <\/span><\/span><\/p>\n<p align=\"JUSTIFY\"><span style=\"font-family: Times New Roman,serif\"><span style=\"font-size: medium\">Le PCF a bien \u00e9pous\u00e9 son temps. Tant moqu\u00e9 autrefois pour son ouvri\u00e9risme, il a fait comme les autres, \u00e9voluant vers un parti d\u2019\u00e9lus et de dipl\u00f4m\u00e9s dans ses instances dirigeantes, passant des prol\u00e9taires aux \u00ab\u00a0gens\u00a0\u00bb, s\u2019ouvrant \u00e0 \u00ab\u00a0la soci\u00e9t\u00e9 civile\u00a0\u00bb, pr\u00f4nant la \u00ab\u00a0mixit\u00e9 sociale\u00a0\u00bb et la (re)reconstitution du \u00ab\u00a0lien social\u00a0\u00bb, \u0153uvrant \u00e0 d\u00e9mocratiser la d\u00e9mocratie.<\/span><\/span><\/p>\n<p align=\"JUSTIFY\"><span style=\"font-family: Times New Roman,serif\"><span style=\"font-size: medium\">On comprend que ce PCF n\u2019h\u00e9site plus \u00e0 s\u2019entendre avec des groupes souhaitant eux aussi compl\u00e9ter la d\u00e9mocratie \u00ab\u00a0formelle\u00a0\u00bb par une d\u00e9mocratie\u00a0<i>sociale\u00a0<\/i>: le \u00ab\u00a0partage des richesses\u00a0\u00bb pr\u00f4n\u00e9 par le NPA est le programme commun d\u2019une n\u00e9o-extr\u00eame gauche r\u00e9sign\u00e9e \u00e0 att\u00e9nuer les effets n\u00e9gatifs pour les prol\u00e9taires d\u2019une lutte de classes que les bourgeois continuent \u2013 pour combien de temps\u00a0? &#8211; \u00e0 gagner. <a class=\"sdfootnoteanc\" href=\"#sdfootnote6sym\" name=\"sdfootnote6anc\"><sup>6<\/sup><\/a> <\/span><\/span><\/p>\n<p style=\"text-align: right\" align=\"JUSTIFY\"><span style=\"font-size: medium\"><strong><span style=\"font-family: Times New Roman,serif\">G.D., juillet 2017 <\/span><\/strong><\/span><\/p>\n<p align=\"JUSTIFY\"><strong>NOTES :<\/strong><\/p>\n<div id=\"sdfootnote1\">\n<p><span style=\"font-size: small\"><a class=\"sdfootnotesym\" href=\"#sdfootnote1anc\" name=\"sdfootnote1sym\">1\u00a0<\/a><\/span>\u00a0<span style=\"font-size: small\"><span style=\"font-family: Calibri,sans-serif\">Julian Mischi, <\/span><span style=\"font-family: Calibri,sans-serif\"><i>Le communisme d\u00e9sarm\u00e9. Le PCF et les classes populaires depuis les ann\u00e9es 1970<\/i><\/span><span style=\"font-family: Calibri,sans-serif\">, Agone, 2014. Ce sociologue a \u00e9tudi\u00e9 plus particuli\u00e8rement quatre lieux de forte implantation du PCF\u00a0: deux centres industriels (Saint-Nazaire et Longwy), une banlieue grenobloise et une r\u00e9gion rurale (l\u2019Allier). Du m\u00eame auteur\u00a0: <\/span><span style=\"font-family: Calibri,sans-serif\">\u00ab\u00a0<a href=\"https:\/\/www.cairn.info\/revue-nouvelles-fondations-2007-2-page-15.htm\" target=\"_blank\" rel=\"noopener\">Le PCF et les classes populaires<\/a>\u00a0\u00bb, <\/span><span style=\"font-family: Calibri,sans-serif\"><i>Nouvelles FondationS<\/i><\/span><span style=\"font-family: Calibri,sans-serif\">, n<\/span><sup><span style=\"font-family: Calibri,sans-serif\">o\u00a0<\/span><\/sup><span style=\"font-family: Calibri,sans-serif\">6, <\/span><span style=\"font-family: Calibri,sans-serif\">2007 ;<\/span> <span style=\"font-family: Calibri,sans-serif\"> \u00ab\u00a0Essor du FN &amp; d\u00e9composition de la gauche en milieu populaire\u00a0\u00bb, dans<\/span><span style=\"font-family: Calibri,sans-serif\"><i> Les classes populaires et le FN<\/i><\/span><span style=\"font-family: Calibri,sans-serif\">, ouvrage collectif, \u00e9d. du Croquant, 2016. <\/span><span style=\"font-family: Calibri,sans-serif\">\u00ab\u00a0<a href=\"https:\/\/www.monde-diplomatique.fr\/2015\/01\/MISCHI\/51938\" target=\"_blank\" rel=\"noopener\">Comment un appareil s\u2019\u00e9loigne de sa base<\/a>\u00a0\u00bb, <\/span><span style=\"font-family: Calibri,sans-serif\"><i>Le Monde diplomatique<\/i><\/span><span style=\"font-family: Calibri,sans-serif\">, janvier\u00a02015.<\/span> <\/span><\/p>\n<\/div>\n<div id=\"sdfootnote3\">\n<p><span style=\"font-size: small\"><a class=\"sdfootnotesym\" href=\"#sdfootnote3anc\" name=\"sdfootnote3sym\">3<\/a><span style=\"font-family: Calibri,sans-serif\">\u00a0Sur ce sujet, voir\u00a0 <\/span><a href=\"https:\/\/ddt21.noblogs.org\/?page_id=1576\" target=\"_blank\" rel=\"noopener\"><span style=\"font-family: Calibri,sans-serif\"><i>Travail\u00a0: l\u2019enjeu des 7 erreurs<\/i><\/span><\/a><span style=\"font-family: Calibri,sans-serif\">. <\/span><\/span><\/p>\n<\/div>\n<div id=\"sdfootnote4\">\n<p><span style=\"font-family: Calibri,sans-serif\"><span style=\"font-size: small\"><a class=\"sdfootnotesym\" href=\"#sdfootnote4anc\" name=\"sdfootnote4sym\">4<\/a>\u00a0L\u2019\u00ab\u00a0abolition du salariat\u00a0\u00bb attendra\u00a01995 pour dispara\u00eetre des statuts de la CGT.<\/span><\/span><\/p>\n<\/div>\n<div id=\"sdfootnote5\">\n<p><span style=\"font-family: Calibri,sans-serif\"><span style=\"font-size: small\"><a class=\"sdfootnotesym\" href=\"#sdfootnote5anc\" name=\"sdfootnote5sym\">5<\/a>\u00a0Au contraire de ceux du PS, les cadres du PC viennent cependant surtout de couches domin\u00e9es en mati\u00e8re de capital culturel et \u00e9conomique (d\u00e9tention d\u2019un patrimoine)\u00a0: le PCF reste anim\u00e9 par des membres de \u00ab\u00a0classes moyennes\u00a0\u00bb issus de milieux populaires.<\/span><\/span><\/p>\n<\/div>\n<div id=\"sdfootnote6\">\n<p align=\"JUSTIFY\"><span style=\"font-family: Calibri,sans-serif\"><span style=\"font-size: small\"><a class=\"sdfootnotesym\" href=\"#sdfootnote6anc\" name=\"sdfootnote6sym\">6<\/a>\u00a0Malgr\u00e9<b> <\/b>les critiques qu\u2019il adresse au PCF, ce programme est \u00e9galement celui de Julian Mischi. Nostalgique d\u2019\u00ab\u00a0<i>un parti qui avait historiquement r\u00e9ussi \u00e0 produire une \u00e9lite politique ouvri\u00e8re<\/i>\u00a0\u00bb, il d\u00e9plore des effets dont les causes lui \u00e9chappent. En particulier, il ne voit pas que loin de faire converger des cat\u00e9gories d\u2019exploit\u00e9s, l\u2019appel \u00e0 la \u00ab\u00a0diversit\u00e9\u00a0\u00bb est une cons\u00e9quence de leur \u00e9chec \u00e0 surmonter ce qui les divise. <\/span><\/span><\/p>\n<\/div>\n","protected":false},"excerpt":{"rendered":"<p>Julian Mischi, Le communisme d\u00e9sarm\u00e9. Le PCF et les classes populaires depuis les ann\u00e9es 1970, Agone, 2014. Ce qui a fait la force historique du PCF, c\u2019\u00e9tait son emprise sur la classe ouvri\u00e8re, au point que des groupes comme Socialisme &hellip; <a href=\"https:\/\/ddt21.noblogs.org\/?page_id=1615\">Continuer la lecture <span class=\"meta-nav\">&rarr;<\/span><\/a><\/p>\n","protected":false},"author":8284,"featured_media":0,"parent":0,"menu_order":0,"comment_status":"closed","ping_status":"closed","template":"","meta":{"footnotes":""},"class_list":["post-1615","page","type-page","status-publish","hentry"],"_links":{"self":[{"href":"https:\/\/ddt21.noblogs.org\/index.php?rest_route=\/wp\/v2\/pages\/1615","targetHints":{"allow":["GET"]}}],"collection":[{"href":"https:\/\/ddt21.noblogs.org\/index.php?rest_route=\/wp\/v2\/pages"}],"about":[{"href":"https:\/\/ddt21.noblogs.org\/index.php?rest_route=\/wp\/v2\/types\/page"}],"author":[{"embeddable":true,"href":"https:\/\/ddt21.noblogs.org\/index.php?rest_route=\/wp\/v2\/users\/8284"}],"replies":[{"embeddable":true,"href":"https:\/\/ddt21.noblogs.org\/index.php?rest_route=%2Fwp%2Fv2%2Fcomments&post=1615"}],"version-history":[{"count":4,"href":"https:\/\/ddt21.noblogs.org\/index.php?rest_route=\/wp\/v2\/pages\/1615\/revisions"}],"predecessor-version":[{"id":1648,"href":"https:\/\/ddt21.noblogs.org\/index.php?rest_route=\/wp\/v2\/pages\/1615\/revisions\/1648"}],"wp:attachment":[{"href":"https:\/\/ddt21.noblogs.org\/index.php?rest_route=%2Fwp%2Fv2%2Fmedia&parent=1615"}],"curies":[{"name":"wp","href":"https:\/\/api.w.org\/{rel}","templated":true}]}}