{"id":1116,"date":"2016-08-20T19:12:01","date_gmt":"2016-08-20T17:12:01","guid":{"rendered":"http:\/\/ddt21.noblogs.org\/?page_id=1116"},"modified":"2020-04-22T19:30:40","modified_gmt":"2020-04-22T17:30:40","slug":"homo","status":"publish","type":"page","link":"https:\/\/ddt21.noblogs.org\/?page_id=1116","title":{"rendered":"Homo"},"content":{"rendered":"<p style=\"text-align: left\"><i><a href=\"https:\/\/ddt21.noblogs.org\/files\/2016\/02\/S\u00e9rie-Homo.-ddt21-Pr\u00e9sentation.jpg\"><img loading=\"lazy\" decoding=\"async\" class=\"alignleft size-medium wp-image-817\" src=\"https:\/\/ddt21.noblogs.org\/files\/2016\/02\/S\u00e9rie-Homo.-ddt21-Pr\u00e9sentation-217x300.jpg\" alt=\"S\u00e9rie Homo. ddt21 Pr\u00e9sentation\" width=\"217\" height=\"300\" srcset=\"https:\/\/ddt21.noblogs.org\/files\/2016\/02\/S\u00e9rie-Homo.-ddt21-Pr\u00e9sentation-217x300.jpg 217w, https:\/\/ddt21.noblogs.org\/files\/2016\/02\/S\u00e9rie-Homo.-ddt21-Pr\u00e9sentation.jpg 742w\" sizes=\"auto, (max-width: 217px) 100vw, 217px\" \/><\/a>M<\/i><i>\u00eame<\/i> en grec. <i>E<\/i><i>sp\u00e8ce humaine<\/i> en latin.<\/p>\n<p style=\"text-align: justify\" align=\"CENTER\">Le brouillage \u00e9tymologique est parfois le sympt\u00f4me d\u2019un sens \u00e0 inventer. <i>\u00ab\u00a0Homosexualit\u00e9\u00a0\u00bb, ou les m\u00e9saventures d\u2019une pratique humaine, longtemps r\u00e9prim\u00e9e ou volontairement ignor\u00e9e, mise \u00e0 part, puis th\u00e9oris\u00e9e, catalogu\u00e9e hors-norme, enfin reconnue et admise, mais consid\u00e9r\u00e9e vers la fin du 20<\/i><sup><i>e<\/i><\/sup><i> si\u00e8cle comme d\u00e9finissant ceux et celles qui s\u2019y livrent.<\/i><br \/>\nVoici quelques si\u00e8cles, des \u00eatres de m\u00eame sexe entretenant des relations amoureuses risquaient la condamnation, voire la mort, mais leur fa\u00e7on d\u2019\u00eatre n\u2019\u00e9tait pas un probl\u00e8me social ou politique. Le capitalisme est le premier mode de production \u00e0 en faire une question \u00e0 r\u00e9soudre. Pourquoi\u00a0? Et comment le monde moderne a-t-il produit cette identit\u00e9 ?<br \/>\nLa s\u00e9rie <i>Homo<\/i> ne sera \u00e9videmment pas une histoire de l\u2019homosexualit\u00e9, elle soulignera seulement quelques \u00e9tapes de la g\u00e9n\u00e9alogie de cette cat\u00e9gorie n\u00e9e au 19<sup>e<\/sup> si\u00e8cle.<\/p>\n<h3><strong><br \/>\n<a href=\"https:\/\/ddt21.noblogs.org\/files\/2016\/02\/0.Marx-Engels-et-linverti.jpeg\"><img loading=\"lazy\" decoding=\"async\" class=\"alignleft size-thumbnail wp-image-845\" src=\"https:\/\/ddt21.noblogs.org\/files\/2016\/02\/0.Marx-Engels-et-linverti-150x150.jpeg\" alt=\"\" width=\"150\" height=\"150\" \/><\/a>&gt; <\/strong><strong><span style=\"color: #000000\">Homo 01\u00a0 \/<\/span> <em><a href=\"https:\/\/ddt21.noblogs.org\/?page_id=828\" target=\"_blank\" rel=\"noopener noreferrer\">Marx, Engels et \u00ab l\u2019inverti \u00bb<\/a><\/em><span style=\"color: #000000\"> (f\u00e9vrier 2016)<\/span><\/strong><\/h3>\n<h3><strong><a href=\"https:\/\/ddt21.noblogs.org\/files\/2016\/03\/Ulrichs-Kertbeny-ddt21.02.jpg\"><img loading=\"lazy\" decoding=\"async\" class=\"alignleft size-thumbnail wp-image-874\" src=\"https:\/\/ddt21.noblogs.org\/files\/2016\/03\/Ulrichs-Kertbeny-ddt21.02-150x150.jpg\" alt=\"\" width=\"150\" height=\"150\" \/><\/a>&gt; <\/strong><strong><span style=\"color: #000000\">Homo 02 \/<\/span> <em><a href=\"https:\/\/ddt21.noblogs.org\/?page_id=863\" target=\"_blank\" rel=\"noopener noreferrer\">\u00ab Une \u00e9nigme tr\u00e8s int\u00e9ressante \u00bb (ou L\u2019invention d\u2019une cat\u00e9gorie) <\/a><\/em><span style=\"color: #000000\">(mars 2016)<\/span><\/strong><\/h3>\n<h3><strong><a href=\"https:\/\/ddt21.noblogs.org\/files\/2016\/04\/Homo-03.jpg\"><img loading=\"lazy\" decoding=\"async\" class=\"alignleft size-thumbnail wp-image-894\" src=\"https:\/\/ddt21.noblogs.org\/files\/2016\/04\/Homo-03-150x150.jpg\" alt=\"\" width=\"150\" height=\"150\" \/><\/a>&gt; <\/strong><strong><span style=\"color: #000000\">Homo 03\u00a0 \/<\/span> <a href=\"https:\/\/ddt21.noblogs.org\/?page_id=888\" target=\"_blank\" rel=\"noopener noreferrer\"><em>Naissance d\u2019une \u00ab question sexuelle \u00bb<\/em><\/a> <span style=\"color: #000000\">(avril 2016)<\/span><\/strong><\/h3>\n<h3><strong><a href=\"https:\/\/ddt21.noblogs.org\/files\/2016\/09\/DDT21-rapports-de-classes-chez-les-homos-victoriens-2.jpg\"><img loading=\"lazy\" decoding=\"async\" class=\"alignleft size-thumbnail wp-image-1153\" src=\"https:\/\/ddt21.noblogs.org\/files\/2016\/09\/DDT21-rapports-de-classes-chez-les-homos-victoriens-2-150x150.jpg\" alt=\"\" width=\"150\" height=\"150\" \/><\/a>&gt; <\/strong><strong><span style=\"color: #000000\">Homo 04\u00a0 \/<\/span> <em><a href=\"https:\/\/ddt21.noblogs.org\/?page_id=1145\" target=\"_blank\" rel=\"bookmark noopener noreferrer\">Des rapports de classes chez les homos (victoriens)<\/a><\/em><span style=\"color: #000000\"> (octobre 2016)<\/span><\/strong><\/h3>\n<h3><strong><a href=\"https:\/\/ddt21.noblogs.org\/files\/2016\/11\/00.Qu\u2019est-ce-qu\u2019un-homme.-Fairy-et-queer-\u00e0-New-York.jpg\"><img loading=\"lazy\" decoding=\"async\" class=\"alignleft size-thumbnail wp-image-1236\" src=\"https:\/\/ddt21.noblogs.org\/files\/2016\/11\/00.Qu\u2019est-ce-qu\u2019un-homme.-Fairy-et-queer-\u00e0-New-York-150x150.jpg\" alt=\"\" width=\"150\" height=\"150\" \/><\/a><\/strong><strong>&gt; <\/strong><strong><span style=\"color: #000000\">Homo 05\u00a0 \/<\/span> <a href=\"https:\/\/ddt21.noblogs.org\/?page_id=1234\" target=\"_blank\" rel=\"noopener noreferrer\"><em>Qu\u2019est-ce qu\u2019un homme ? (fairy et queer \u00e0 New York)<\/em><\/a> <span style=\"color: #000000\">(novembre 2016)<\/span><\/strong><\/h3>\n<h3><strong><a href=\"https:\/\/ddt21.noblogs.org\/files\/2017\/01\/00.r\u00e9forme-sexuelle-\u00e0-Berlin.jpg\"><img loading=\"lazy\" decoding=\"async\" class=\"alignleft size-thumbnail wp-image-1289\" src=\"https:\/\/ddt21.noblogs.org\/files\/2017\/01\/00.r\u00e9forme-sexuelle-\u00e0-Berlin-150x150.jpg\" alt=\"\" width=\"150\" height=\"150\" \/><\/a>&gt; <\/strong><strong><span style=\"color: #000000\">Homo 06\u00a0 \/<\/span> <em><a href=\"https:\/\/ddt21.noblogs.org\/?page_id=1286\" target=\"_blank\" rel=\"noopener noreferrer\">R\u00e9forme sexuelle \u00e0 Berlin<\/a> <\/em><span style=\"color: #000000\">(janvier 2017)<\/span><em><br \/>\n<\/em><\/strong><\/h3>\n<h3><strong><a href=\"https:\/\/ddt21.noblogs.org\/files\/2017\/03\/00.Homo-07-Masculinit\u00e9-r\u00e9actionnaire.jpg\"><img loading=\"lazy\" decoding=\"async\" class=\"alignleft size-thumbnail wp-image-1471\" src=\"https:\/\/ddt21.noblogs.org\/files\/2017\/03\/00.Homo-07-Masculinit\u00e9-r\u00e9actionnaire-150x150.jpg\" alt=\"\" width=\"150\" height=\"150\" \/><\/a>&gt; <\/strong><strong><span style=\"color: #000000\">Homo 07\u00a0 \/<\/span>\u00a0<span style=\"color: #000000\"><em><a href=\"https:\/\/ddt21.noblogs.org\/?page_id=1467\" target=\"_blank\" rel=\"noopener noreferrer\">Masculinit\u00e9 r\u00e9actionnaire<\/a><\/em> (mars 2017)<\/span><\/strong><\/h3>\n<h3><strong><a href=\"https:\/\/ddt21.noblogs.org\/files\/2017\/04\/Butch-et-fem-\u00e0-Buffalo.01.jpg\"><img loading=\"lazy\" decoding=\"async\" class=\"alignleft size-thumbnail wp-image-1512\" src=\"https:\/\/ddt21.noblogs.org\/files\/2017\/04\/Butch-et-fem-\u00e0-Buffalo.01-150x150.jpg\" alt=\"\" width=\"150\" height=\"150\" \/><\/a><\/strong><strong>&gt; <\/strong><strong><span style=\"color: #000000\">Homo 08\u00a0 \/<\/span>\u00a0<a href=\"https:\/\/ddt21.noblogs.org\/?page_id=1511&amp;preview=true\" target=\"_blank\" rel=\"noopener noreferrer\"><em>Butch et fem \u00e0 Buffalo<\/em><\/a> <span style=\"color: #000000\">(avril 2017)<\/span><\/strong><\/h3>\n<h3><strong><a href=\"https:\/\/ddt21.noblogs.org\/files\/2017\/05\/Homosexualit\u00e9-sid\u00e9rurgiste-1.jpg\"><img loading=\"lazy\" decoding=\"async\" class=\"alignleft wp-image-1564 size-thumbnail\" src=\"https:\/\/ddt21.noblogs.org\/files\/2017\/05\/Homosexualit\u00e9-sid\u00e9rurgiste-1-150x150.jpg\" alt=\"\" width=\"150\" height=\"150\" \/><\/a>&gt; <\/strong><strong>Homo 09\u00a0 \/<\/strong> <em><span style=\"color: #3366ff\"><a href=\"https:\/\/ddt21.noblogs.org\/?page_id=1562\" target=\"_blank\" rel=\"noopener noreferrer\"><strong>Homosexualit\u00e9 sid\u00e9rurgiste<\/strong><\/a><\/span> <\/em><strong> (mai 2017)<\/strong><\/h3>\n<h3><strong><a href=\"https:\/\/ddt21.noblogs.org\/files\/2017\/06\/0.Une-lesbienne-et-ses-doubles-Patricia-Highsmith.jpg\"><img loading=\"lazy\" decoding=\"async\" class=\"alignleft size-thumbnail wp-image-1604\" src=\"https:\/\/ddt21.noblogs.org\/files\/2017\/06\/0.Une-lesbienne-et-ses-doubles-Patricia-Highsmith-150x150.jpg\" alt=\"\" width=\"150\" height=\"150\" \/><\/a><\/strong><strong>&gt; <\/strong><strong>Homo 10\u00a0 \/\u00a0<\/strong><em><a href=\"https:\/\/ddt21.noblogs.org\/?page_id=1602\" target=\"_blank\" rel=\"noopener noreferrer\"><strong>Une lesbienne et ses doubles : Patricia Highsmith<\/strong><\/a><\/em> <strong>(juin 2017)<\/strong><\/h3>\n<p>&nbsp;<\/p>\n<h3><strong><a href=\"https:\/\/ddt21.noblogs.org\/files\/2017\/09\/0.HOMO11.THX1138.jpeg\"><img loading=\"lazy\" decoding=\"async\" class=\"alignleft size-thumbnail wp-image-1746\" src=\"https:\/\/ddt21.noblogs.org\/files\/2017\/09\/0.HOMO11.THX1138-150x150.jpeg\" alt=\"\" width=\"150\" height=\"150\" \/><\/a>&gt; <\/strong><strong>Homo 11\u00a0 \/ <\/strong><em><a href=\"https:\/\/ddt21.noblogs.org\/?page_id=1744\" target=\"_blank\" rel=\"noopener noreferrer\"><strong>\u00catre ce que nous ne savons pas encore (Stonewall, le FHAR et apr\u00e8s)<\/strong><\/a><\/em> <strong> (septembre 2017)<\/strong><\/h3>\n<h3><strong><a href=\"https:\/\/ddt21.noblogs.org\/files\/2017\/10\/0.Entretien-FHAR-LOLA.jpg\"><img loading=\"lazy\" decoding=\"async\" class=\"alignleft size-thumbnail wp-image-1770\" src=\"https:\/\/ddt21.noblogs.org\/files\/2017\/10\/0.Entretien-FHAR-LOLA-150x150.jpg\" alt=\"\" width=\"150\" height=\"150\" \/><\/a><\/strong><strong>&gt; <\/strong><strong>Homo entretien \/ <\/strong><a href=\"https:\/\/ddt21.noblogs.org\/?page_id=1769\" target=\"_blank\" rel=\"noopener noreferrer\"><strong><em>Explosons les codes sexuels ! Une ancienne du FHAR parle<\/em><\/strong><\/a> <strong>(septembre 2017)<\/strong><\/h3>\n<p>&nbsp;<\/p>\n<h3><strong><a href=\"https:\/\/ddt21.noblogs.org\/files\/2017\/10\/0.ddt21-queer.02.jpg\"><img loading=\"lazy\" decoding=\"async\" class=\"alignleft size-thumbnail wp-image-1816\" src=\"https:\/\/ddt21.noblogs.org\/files\/2017\/10\/0.ddt21-queer.02-150x150.jpg\" alt=\"\" width=\"150\" height=\"150\" \/><\/a>&gt; <\/strong><strong>Homo 12\u00a0 \/ <\/strong><em><a href=\"https:\/\/ddt21.noblogs.org\/?page_id=1810\" target=\"_blank\" rel=\"noopener noreferrer\"><strong>Queer, ou l\u2019identit\u00e9 qui refuse d\u2019en \u00eatre une<\/strong><\/a> <\/em><strong> (octobre 2017)<\/strong><\/h3>\n<h3><strong><em><b><a href=\"https:\/\/ddt21.noblogs.org\/files\/2017\/11\/infirmi\u00e8re-ouvrier-homosexualit\u00e9-1.jpg\"><img loading=\"lazy\" decoding=\"async\" class=\"alignleft wp-image-1869 size-thumbnail\" src=\"https:\/\/ddt21.noblogs.org\/files\/2017\/11\/infirmi\u00e8re-ouvrier-homosexualit\u00e9-1-150x150.jpg\" alt=\"\" width=\"150\" height=\"150\" \/><\/a><\/b><\/em>&gt;\u00a0Homo 13 \/ 1 \/ <em>\u00ab<a href=\"https:\/\/ddt21.noblogs.org\/?page_id=1850\" target=\"_blank\" rel=\"noopener noreferrer\"> Anthropolesbos<\/a> \u00bb, entretien avec Alix<\/em> (novembre 2017)<\/strong><\/h3>\n<h3><strong><b><em><a href=\"https:\/\/ddt21.noblogs.org\/files\/2017\/11\/infirmi\u00e8re-ouvrier-homosexualit\u00e9-4.jpg\"><img loading=\"lazy\" decoding=\"async\" class=\"alignleft wp-image-1868 size-thumbnail\" src=\"https:\/\/ddt21.noblogs.org\/files\/2017\/11\/infirmi\u00e8re-ouvrier-homosexualit\u00e9-4-150x150.jpg\" alt=\"\" width=\"150\" height=\"150\" \/><\/a><\/em><\/b>&gt; Homo 13 \/ 2 \/ <em>\u00ab <a href=\"https:\/\/ddt21.noblogs.org\/?page_id=1851\" target=\"_blank\" rel=\"noopener noreferrer\">Aujourd\u2019hui y a plus moyen !<\/a> \u00bb, entretien avec Fabrice<\/em> (novembre 2017)<\/strong><\/h3>\n<h3><strong><a href=\"https:\/\/ddt21.noblogs.org\/files\/2017\/12\/hommosexualit\u00e9-LGBT-FHAR-5.jpg\"><img loading=\"lazy\" decoding=\"async\" class=\"alignleft wp-image-1933 size-thumbnail\" src=\"https:\/\/ddt21.noblogs.org\/files\/2017\/12\/hommosexualit\u00e9-LGBT-FHAR-5-150x150.jpg\" alt=\"\" width=\"150\" height=\"150\" \/><\/a>&gt; <\/strong><strong>Homo 14\u00a0 \/ <em><a href=\"https:\/\/ddt21.noblogs.org\/?page_id=1935\" target=\"_blank\" rel=\"noopener noreferrer\">Pour une critique de l\u2019\u00ab homosexualit\u00e9 \u00bb<\/a> <\/em> (d\u00e9cembre 2017)<\/strong><\/h3>\n<h3><strong><a href=\"https:\/\/ddt21.noblogs.org\/files\/2018\/11\/homosexualit\u00e9-R\u00e9volution-russe-URSS-2.jpg\"><img loading=\"lazy\" decoding=\"async\" class=\"alignleft wp-image-2112 size-thumbnail\" src=\"https:\/\/ddt21.noblogs.org\/files\/2018\/11\/homosexualit\u00e9-R\u00e9volution-russe-URSS-2-150x150.jpg\" alt=\"\" width=\"150\" height=\"150\" \/><\/a>&gt; <\/strong><strong>Homo chapitre in\u00e9dit \/\u00a0<a href=\"https:\/\/ddt21.noblogs.org\/?page_id=2111\" target=\"_blank\" rel=\"noopener noreferrer\"><em>\u00ab Cher camarade Staline \u00bb. Homo au pays des soviets<\/em><\/a> (novembre 2018)<\/strong><\/h3>\n<p>&nbsp;<\/p>\n<h3><strong><em>\u00a0<\/em><\/strong><\/h3>\n<h3><strong><br \/>\n<\/strong><strong><em><br \/>\n<\/em><\/strong><\/h3>\n","protected":false},"excerpt":{"rendered":"<p>M\u00eame en grec. Esp\u00e8ce humaine en latin. Le brouillage \u00e9tymologique est parfois le sympt\u00f4me d\u2019un sens \u00e0 inventer. \u00ab\u00a0Homosexualit\u00e9\u00a0\u00bb, ou les m\u00e9saventures d\u2019une pratique humaine, longtemps r\u00e9prim\u00e9e ou volontairement ignor\u00e9e, mise \u00e0 part, puis th\u00e9oris\u00e9e, catalogu\u00e9e hors-norme, enfin reconnue et &hellip; <a href=\"https:\/\/ddt21.noblogs.org\/?page_id=1116\">Continuer la lecture <span class=\"meta-nav\">&rarr;<\/span><\/a><\/p>\n","protected":false},"author":8284,"featured_media":0,"parent":0,"menu_order":0,"comment_status":"closed","ping_status":"closed","template":"","meta":{"footnotes":""},"class_list":["post-1116","page","type-page","status-publish","hentry"],"_links":{"self":[{"href":"https:\/\/ddt21.noblogs.org\/index.php?rest_route=\/wp\/v2\/pages\/1116","targetHints":{"allow":["GET"]}}],"collection":[{"href":"https:\/\/ddt21.noblogs.org\/index.php?rest_route=\/wp\/v2\/pages"}],"about":[{"href":"https:\/\/ddt21.noblogs.org\/index.php?rest_route=\/wp\/v2\/types\/page"}],"author":[{"embeddable":true,"href":"https:\/\/ddt21.noblogs.org\/index.php?rest_route=\/wp\/v2\/users\/8284"}],"replies":[{"embeddable":true,"href":"https:\/\/ddt21.noblogs.org\/index.php?rest_route=%2Fwp%2Fv2%2Fcomments&post=1116"}],"version-history":[{"count":11,"href":"https:\/\/ddt21.noblogs.org\/index.php?rest_route=\/wp\/v2\/pages\/1116\/revisions"}],"predecessor-version":[{"id":2822,"href":"https:\/\/ddt21.noblogs.org\/index.php?rest_route=\/wp\/v2\/pages\/1116\/revisions\/2822"}],"wp:attachment":[{"href":"https:\/\/ddt21.noblogs.org\/index.php?rest_route=%2Fwp%2Fv2%2Fmedia&parent=1116"}],"curies":[{"name":"wp","href":"https:\/\/api.w.org\/{rel}","templated":true}]}}