{"id":1074,"date":"2016-08-19T22:27:03","date_gmt":"2016-08-19T20:27:03","guid":{"rendered":"http:\/\/ddt21.noblogs.org\/?page_id=1074"},"modified":"2021-08-24T10:11:51","modified_gmt":"2021-08-24T08:11:51","slug":"lpr","status":"publish","type":"page","link":"https:\/\/ddt21.noblogs.org\/?page_id=1074","title":{"rendered":"LPR"},"content":{"rendered":"<h1 style=\"text-align: center\"><a href=\"https:\/\/ddt21.noblogs.org\/files\/2016\/08\/LPR-Les-Petites-Recensions.03.jpg\"><img loading=\"lazy\" decoding=\"async\" class=\"aligncenter wp-image-1076 size-full\" src=\"https:\/\/ddt21.noblogs.org\/files\/2016\/08\/LPR-Les-Petites-Recensions.03.jpg\" alt=\"LPR Les Petites Recensions.03\" width=\"640\" height=\"442\" srcset=\"https:\/\/ddt21.noblogs.org\/files\/2016\/08\/LPR-Les-Petites-Recensions.03.jpg 640w, https:\/\/ddt21.noblogs.org\/files\/2016\/08\/LPR-Les-Petites-Recensions.03-300x207.jpg 300w\" sizes=\"auto, (max-width: 640px) 100vw, 640px\" \/><\/a><\/h1>\n<h3 style=\"text-align: center\" align=\"LEFT\"><span style=\"color: #3366ff\"><strong><em>Nouvelle rubrique de tr\u00e8s courtes notes de lecture !<br \/>\n(il s&rsquo;agit d&rsquo;essayer de rester autour de 700 mots)<\/em><\/strong><\/span><\/h3>\n<p>&nbsp;<\/p>\n<h3 align=\"LEFT\"><span style=\"color: #000000\"><span style=\"font-family: Georgia,serif\"><span style=\"font-size: small\"><b><a href=\"https:\/\/ddt21.noblogs.org\/?page_id=1075\"><img loading=\"lazy\" decoding=\"async\" class=\"alignleft wp-image-2465\" src=\"https:\/\/ddt21.noblogs.org\/files\/2019\/11\/images.png\" alt=\"\" width=\"100\" height=\"152\" \/><\/a><\/b><\/span><\/span><\/span><span style=\"color: #000000\"><span style=\"font-family: Georgia,serif\"><span style=\"font-size: small\"><b>\u2205 \u00a0 Tristan Leoni, \u00ab <a href=\"https:\/\/ddt21.noblogs.org\/?page_id=1075\" target=\"_blank\" rel=\"noopener noreferrer\"><span style=\"color: #3366ff\">Populisme de boue<\/span><\/a> \u00bb (ao\u00fbt 2016)<br \/>\n<\/b>[ Chantal Mouffe, <i>L\u2019illusion du consensus<\/i>, Albin, Michel, 2016, 200 p. ]<\/span><\/span><\/span><\/h3>\n<h3 align=\"LEFT\"><\/h3>\n<h3 align=\"LEFT\"><\/h3>\n<h3 align=\"LEFT\"><\/h3>\n<h3 align=\"LEFT\"><span style=\"color: #000000\"><span style=\"font-family: Georgia,serif\"><span style=\"font-size: small\"><b><a href=\"https:\/\/ddt21.noblogs.org\/?page_id=1110\"><img loading=\"lazy\" decoding=\"async\" class=\"alignleft wp-image-2466\" src=\"https:\/\/ddt21.noblogs.org\/files\/2019\/11\/index.jpg\" alt=\"\" width=\"100\" height=\"154\" \/><\/a>\u2205\u00a0 <\/b><\/span><\/span><\/span><span style=\"color: #000000\"><span style=\"font-family: Georgia,serif\"><span style=\"font-size: small\"><b>G.D. \u00ab <a href=\"https:\/\/ddt21.noblogs.org\/?page_id=1110\" target=\"_blank\" rel=\"noopener noreferrer\"><span style=\"color: #3366ff\">Crise globale<\/span><\/a> \u00bb (ao\u00fbt 2016)<br \/>\n<\/b><\/span><\/span><\/span><span style=\"color: #000000\"><span style=\"font-family: Georgia,serif\"><span style=\"font-size: small\">[ Geoffrey Parker, <span lang=\"en-GB\"><i>Global Crisis\u00a0: War, Climate Change &amp; Catastrophe in the 17th Century<\/i><\/span><span lang=\"en-GB\">, Yale University Press, 2013, 904 p. ]<\/span><\/span><\/span><\/span><\/h3>\n<h4 align=\"LEFT\"><\/h4>\n<h4 align=\"LEFT\"><\/h4>\n<h4 align=\"LEFT\"><\/h4>\n<h4 align=\"LEFT\"><span style=\"color: #000000\"><span style=\"font-family: Georgia,serif\"><span style=\"font-size: small\"><b><a href=\"https:\/\/ddt21.noblogs.org\/?page_id=1210\"><img loading=\"lazy\" decoding=\"async\" class=\"alignleft wp-image-2467\" src=\"https:\/\/ddt21.noblogs.org\/files\/2019\/11\/indexh.jpg\" alt=\"\" width=\"100\" height=\"155\" \/><\/a><\/b><\/span><\/span><\/span><span style=\"color: #000000\"><span style=\"font-family: Georgia,serif\"><span style=\"font-size: small\"><b>\u2205\u00a0 <\/b><\/span><\/span><\/span><span style=\"color: #000000\"><span style=\"font-family: Georgia,serif\"><span style=\"font-size: small\"><b>G.D. \u00ab\u00a0<a href=\"https:\/\/ddt21.noblogs.org\/?page_id=1210\" target=\"_blank\" rel=\"noopener noreferrer\">Militantisme pas mort<\/a> \u00bb (novembre 2016)<br \/>\n<\/b><\/span><\/span><\/span><span style=\"color: #000000\"><span style=\"font-family: Georgia,serif\"><span style=\"font-size: small\">[\u00a0<span lang=\"en-GB\">Maresia Dalua, <em>Contre la politique. Pas un cheveu blanc n\u2019a pouss\u00e9 sur nos r\u00eaves<\/em>, S\u00e9l\u00e9n\u00e9, 2016, 73 p. ]<\/span><\/span><\/span><\/span><\/h4>\n<h4 align=\"LEFT\"><\/h4>\n<h4 align=\"LEFT\"><\/h4>\n<h4 align=\"LEFT\"><\/h4>\n<h4 align=\"LEFT\"><span style=\"color: #000000\"><span style=\"font-family: Georgia,serif\"><span style=\"font-size: small\"><b><a href=\"https:\/\/ddt21.noblogs.org\/?page_id=1222\"><img loading=\"lazy\" decoding=\"async\" class=\"alignleft wp-image-2472\" src=\"https:\/\/ddt21.noblogs.org\/files\/2019\/11\/indexml.jpg\" alt=\"\" width=\"100\" height=\"89\" \/><\/a>\u2205\u00a0 <\/b><\/span><\/span><\/span><span style=\"color: #000000\"><span style=\"font-family: Georgia,serif\"><span style=\"font-size: small\"><b>G.D. \u00ab <a href=\"https:\/\/ddt21.noblogs.org\/?page_id=1222\" target=\"_blank\" rel=\"noopener noreferrer\">Sommes-nous seuls dans l\u2019univers ?<\/a> \u00bb (novembre 2016)<br \/>\n<\/b><\/span><\/span><\/span><span style=\"color: #000000\"><span style=\"font-family: Georgia,serif\"><span style=\"font-size: small\">[ <span lang=\"en-GB\">Bruno Astarian, <em>Solitude de la th\u00e9orie communiste<\/em>, ao\u00fbt 2016. ]<\/span><\/span><\/span><\/span><\/h4>\n<h4 align=\"LEFT\"><\/h4>\n<h4 align=\"LEFT\"><\/h4>\n<h4 align=\"LEFT\"><\/h4>\n<h4 align=\"LEFT\"><span style=\"color: #000000\"><span style=\"font-family: Georgia,serif\"><span style=\"font-size: small\"><b><a href=\"https:\/\/ddt21.noblogs.org\/?page_id=1539&amp;preview=true\"><img loading=\"lazy\" decoding=\"async\" class=\"alignleft wp-image-2470\" src=\"https:\/\/ddt21.noblogs.org\/files\/2019\/11\/Cartel_Land_poster-202x300.jpg\" alt=\"\" width=\"100\" height=\"148\" srcset=\"https:\/\/ddt21.noblogs.org\/files\/2019\/11\/Cartel_Land_poster-202x300.jpg 202w, https:\/\/ddt21.noblogs.org\/files\/2019\/11\/Cartel_Land_poster.jpg 220w\" sizes=\"auto, (max-width: 100px) 100vw, 100px\" \/><\/a>\u2205 \u00a0 Tristan Leoni, \u00ab <a href=\"https:\/\/ddt21.noblogs.org\/?page_id=1539&amp;preview=true\" target=\"_blank\" rel=\"noopener noreferrer\"><span style=\"color: #3366ff\">Police DIY<\/span><\/a> \u00bb (mai 2017)<br \/>\n<\/b>[ <\/span><\/span><\/span><span style=\"color: #000000\"><span style=\"font-family: Georgia,serif\"><span style=\"font-size: small\">Matthew Heineman, <i>Cartel Land<\/i>, 2015, 100 mn ]<br \/>\n<\/span><\/span><\/span><\/h4>\n<p>&nbsp;<\/p>\n<p>&nbsp;<\/p>\n<h5 align=\"LEFT\"><b><a href=\"https:\/\/ddt21.noblogs.org\/?page_id=1626\"><img loading=\"lazy\" decoding=\"async\" class=\"alignleft wp-image-2468\" src=\"https:\/\/ddt21.noblogs.org\/files\/2019\/11\/9782330072827-181x300.jpg\" alt=\"\" width=\"100\" height=\"165\" srcset=\"https:\/\/ddt21.noblogs.org\/files\/2019\/11\/9782330072827-181x300.jpg 181w, https:\/\/ddt21.noblogs.org\/files\/2019\/11\/9782330072827.jpg 500w\" sizes=\"auto, (max-width: 100px) 100vw, 100px\" \/><\/a>\u2205 \u00a0 Tristan Leoni, <\/b><strong>\u00ab<a href=\"https:\/\/ddt21.noblogs.org\/?page_id=1626\" target=\"_blank\" rel=\"noopener noreferrer\"><span style=\"color: #3366ff\">Identit\u00e9s alg\u00e9riennes ?<\/span><\/a> \u00bb<\/strong><b> (juillet 2017)<br \/>\n<\/b>[Kamel Daoud, <i>Mes ind\u00e9pendances. Chroniques 2010-2016<\/i>, Arles, Actes Sud, 2017, 478\u00a0p. ]<\/h5>\n<p>&nbsp;<\/p>\n<h5 align=\"LEFT\"><b><a href=\"https:\/\/ddt21.noblogs.org\/?page_id=1615\"><img loading=\"lazy\" decoding=\"async\" class=\"alignleft wp-image-2469\" src=\"https:\/\/ddt21.noblogs.org\/files\/2019\/11\/9782748902167-475x500-1-172x300.jpg\" alt=\"\" width=\"100\" height=\"174\" srcset=\"https:\/\/ddt21.noblogs.org\/files\/2019\/11\/9782748902167-475x500-1-172x300.jpg 172w, https:\/\/ddt21.noblogs.org\/files\/2019\/11\/9782748902167-475x500-1.jpg 287w\" sizes=\"auto, (max-width: 100px) 100vw, 100px\" \/><\/a>\u2205\u00a0 <\/b><b>G.D.,<\/b><strong> \u00ab <a href=\"https:\/\/ddt21.noblogs.org\/?page_id=1615\">Sur la \u00ab d\u00e9s-ouvri\u00e9risation \u00bb du PCF<\/a> \u00bb<\/strong> <b>(juillet 2017)<br \/>\n<\/b>[\u00a0<span lang=\"en-GB\">Julian Mischi, <i>Le communisme d\u00e9sarm\u00e9. Le PCF et les classes populaires depuis les ann\u00e9es 1970<\/i>, Agone, 2014. ]<\/span><\/h5>\n<p>&nbsp;<\/p>\n<h5 align=\"LEFT\"><b><a href=\"https:\/\/ddt21.noblogs.org\/?page_id=1645\"><img loading=\"lazy\" decoding=\"async\" class=\"alignleft wp-image-2471\" src=\"https:\/\/ddt21.noblogs.org\/files\/2019\/11\/images.jpg\" alt=\"\" width=\"100\" height=\"156\" \/><\/a>\u2205\u00a0 <\/b><b>G.D.,<\/b><strong> \u00ab <a href=\"https:\/\/ddt21.noblogs.org\/?page_id=1645\" target=\"_blank\" rel=\"noopener noreferrer\">Shlomo Sand, intellectuel critique <\/a>\u00bb<\/strong> <b>(juillet 2017)<br \/>\n<\/b>[ <span lang=\"en-GB\">Shlomo Sand,<i> La Fin de l\u2019intellectuel fran\u00e7ais\u00a0? De Zola \u00e0 Houellebecq<\/i>, La D\u00e9couverte, 2016. ]<\/span><\/h5>\n<h5 align=\"LEFT\"><b><a href=\"https:\/\/ddt21.noblogs.org\/files\/2020\/08\/Les-dossiers-noirs-du-racisme-dans-le-Midi-de-la-France.jpeg\"><img loading=\"lazy\" decoding=\"async\" class=\"wp-image-2927 alignleft\" src=\"https:\/\/ddt21.noblogs.org\/files\/2020\/08\/Les-dossiers-noirs-du-racisme-dans-le-Midi-de-la-France.jpeg\" alt=\"\" width=\"100\" height=\"141\" \/><\/a><\/b><b>\u2205 Tristan Leoni, <\/b><strong>\u00ab <a href=\"https:\/\/ddt21.noblogs.org\/?page_id=1660\" target=\"_blank\" rel=\"noopener noreferrer\">Racisme en Provence<\/a> \u00bb<\/strong><b> (ao\u00fbt 2017)<br \/>\n<\/b>[ Fran\u00e7ois No\u00ebl Bernardi, Jean Dissler, Alain Dugrand, Alex Panzani, <i>Les Dossiers noirs du racisme dans le Midi de la France<\/i>, Paris, Seuil, 1976, 208 p. ]<\/h5>\n<h5 align=\"LEFT\"><b><a href=\"https:\/\/ddt21.noblogs.org\/?page_id=1681\"><img loading=\"lazy\" decoding=\"async\" class=\"alignleft wp-image-2475\" src=\"https:\/\/ddt21.noblogs.org\/files\/2019\/11\/borninflames_flat-214x300.jpg\" alt=\"\" width=\"100\" height=\"140\" srcset=\"https:\/\/ddt21.noblogs.org\/files\/2019\/11\/borninflames_flat-214x300.jpg 214w, https:\/\/ddt21.noblogs.org\/files\/2019\/11\/borninflames_flat.jpg 640w\" sizes=\"auto, (max-width: 100px) 100vw, 100px\" \/><\/a>\u2205\u00a0 <\/b><b>G.D.,<\/b><strong> \u00ab\u00a0<a href=\"https:\/\/ddt21.noblogs.org\/?page_id=1681\" target=\"_blank\" rel=\"noopener noreferrer\">F\u00e9minisme contre social-d\u00e9mocratie<\/a> \u00bb<\/strong>\u00a0<b>(ao\u00fbt 2017)<br \/>\n<\/b>[Lizzie Borden, <em>Born in Flames<\/em>, 1983, 80 mn ]<\/h5>\n<h5 align=\"LEFT\"><b><a href=\"https:\/\/ddt21.noblogs.org\/?page_id=1794\"><img loading=\"lazy\" decoding=\"async\" class=\"alignleft wp-image-2477\" src=\"https:\/\/ddt21.noblogs.org\/files\/2019\/11\/Livre_Mbolela-182x300.gif\" alt=\"\" width=\"100\" height=\"165\" \/><\/a><a href=\"https:\/\/ddt21.noblogs.org\/?page_id=1794\"><img loading=\"lazy\" decoding=\"async\" class=\"alignleft wp-image-2476\" src=\"https:\/\/ddt21.noblogs.org\/files\/2019\/11\/couv_traore___web3-2-194x300.jpg\" alt=\"\" width=\"100\" height=\"155\" srcset=\"https:\/\/ddt21.noblogs.org\/files\/2019\/11\/couv_traore___web3-2-194x300.jpg 194w, https:\/\/ddt21.noblogs.org\/files\/2019\/11\/couv_traore___web3-2-768x1187.jpg 768w, https:\/\/ddt21.noblogs.org\/files\/2019\/11\/couv_traore___web3-2-663x1024.jpg 663w, https:\/\/ddt21.noblogs.org\/files\/2019\/11\/couv_traore___web3-2.jpg 1294w\" sizes=\"auto, (max-width: 100px) 100vw, 100px\" \/><\/a>\u2205 \u00a0 Tristan Leoni, <\/b><strong>\u00ab\u00a0<a href=\"https:\/\/ddt21.noblogs.org\/?page_id=1794\" target=\"_blank\" rel=\"noopener noreferrer\">Sur la route, entre cauchemar et chaos<\/a> \u00bb<\/strong><b> (octobre 2017)<br \/>\n<\/b>[ Mahmoud Traor\u00e9, Bruno Le Dantec, <i>Dem ak xabaar. Partir et raconter<\/i>, Lignes, 2012, 320 p. \/\u00a0Emmanuel Mbolela, <i>R\u00e9fugi\u00e9<\/i>, Libertalia, 2017, 264 p. ]<\/h5>\n<h5 align=\"LEFT\"><b><a href=\"https:\/\/ddt21.noblogs.org\/?page_id=1885&amp;preview=true\"><img loading=\"lazy\" decoding=\"async\" class=\"alignleft wp-image-2481\" src=\"https:\/\/ddt21.noblogs.org\/files\/2019\/11\/efzimages.jpg\" alt=\"\" width=\"100\" height=\"156\" \/><\/a>\u2205 \u00a0 Lola Miesseroff, <\/b><strong>\u00ab\u00a0<a href=\"https:\/\/ddt21.noblogs.org\/?page_id=1885&amp;preview=true\" target=\"_blank\" rel=\"noopener noreferrer\">Portrait du travailleur intellectuel en \u00ab capitaliste du savoir<\/a> \u00bb \u00bb<\/strong><b> (d\u00e9cembre 2017)<br \/>\n<\/b>[ Jan Waclav Makha\u00efski, <em>Le socialisme des intellectuels, critique des capitalistes du savoir<\/em>, Spartacus, 2014, 322 p.]<\/h5>\n<h5 align=\"LEFT\"><b><a href=\"https:\/\/ddt21.noblogs.org\/?page_id=1960&amp;preview=true\"><img loading=\"lazy\" decoding=\"async\" class=\"alignleft wp-image-2482\" src=\"https:\/\/ddt21.noblogs.org\/files\/2019\/11\/Hollywood-la-cite-des-femmes-201x300.jpg\" alt=\"\" width=\"100\" height=\"149\" srcset=\"https:\/\/ddt21.noblogs.org\/files\/2019\/11\/Hollywood-la-cite-des-femmes-201x300.jpg 201w, https:\/\/ddt21.noblogs.org\/files\/2019\/11\/Hollywood-la-cite-des-femmes.jpg 376w\" sizes=\"auto, (max-width: 100px) 100vw, 100px\" \/><\/a>\u2205\u00a0 <\/b><b>G.D.,<\/b><strong> \u00ab\u00a0<a href=\"https:\/\/ddt21.noblogs.org\/?page_id=1960&amp;preview=true\" target=\"_blank\" rel=\"noopener noreferrer\">Greta Garbo ou la fiert\u00e9 d\u2019\u00eatre p\u00e8re <\/a>\u00bb<\/strong> <b>(f\u00e9vrier 2018)<br \/>\n<\/b>[<span lang=\"en-GB\">Antoine Sire, <em>Hollywood. La Cit\u00e9 des femmes. Histoire des actrices de l\u2019\u00e2ge d\u2019or d\u2019Hollywood. 1930-1955<\/em>, Institut Lumi\u00e8re\/Actes Sud, 2016, 1248 p. ]<\/span><\/h5>\n<p>&nbsp;<\/p>\n<p>&nbsp;<\/p>\n<p>&nbsp;<\/p>\n<p><a href=\"https:\/\/ddt21.noblogs.org\/files\/2019\/11\/libertalia-filleapedes-couv_web_rvb.jpg\"><img loading=\"lazy\" decoding=\"async\" class=\"alignleft wp-image-2513\" src=\"https:\/\/ddt21.noblogs.org\/files\/2019\/11\/libertalia-filleapedes-couv_web_rvb-182x300.jpg\" alt=\"\" width=\"100\" height=\"165\" srcset=\"https:\/\/ddt21.noblogs.org\/files\/2019\/11\/libertalia-filleapedes-couv_web_rvb-182x300.jpg 182w, https:\/\/ddt21.noblogs.org\/files\/2019\/11\/libertalia-filleapedes-couv_web_rvb-768x1266.jpg 768w, https:\/\/ddt21.noblogs.org\/files\/2019\/11\/libertalia-filleapedes-couv_web_rvb-621x1024.jpg 621w, https:\/\/ddt21.noblogs.org\/files\/2019\/11\/libertalia-filleapedes-couv_web_rvb.jpg 1000w\" sizes=\"auto, (max-width: 100px) 100vw, 100px\" \/><\/a><b>\u2205\u00a0 <\/b><b>G.D.,<\/b><strong> \u00ab\u00a0<a href=\"https:\/\/ddt21.noblogs.org\/?page_id=2508\">Souvenirs d\u2019une fille d\u00e9genr\u00e9e<\/a> \u00bb<\/strong> <b>(novembre 2019)<br \/>\n<\/b>[<span lang=\"en-GB\">Lola Miesseroff, <em>Fille \u00e0 p\u00e9d\u00e9s<\/em>, Libertalia, 2019, 152 p.]<\/span><\/p>\n<p>&nbsp;<\/p>\n<p>&nbsp;<\/p>\n<p>&nbsp;<\/p>\n<p>&nbsp;<\/p>\n<p><b><a href=\"https:\/\/ddt21.noblogs.org\/files\/2020\/03\/index.jpg\"><img loading=\"lazy\" decoding=\"async\" class=\"alignleft wp-image-2723\" src=\"https:\/\/ddt21.noblogs.org\/files\/2020\/03\/index.jpg\" alt=\"\" width=\"100\" height=\"158\" \/><\/a>\u2205\u00a0 <\/b><b>Lola Miesseroff,<\/b><strong> \u00ab <a href=\"https:\/\/ddt21.noblogs.org\/?page_id=2701\">Salman, le divin blasph\u00e9mateur<\/a> \u00bb<\/strong> <b>(mars 2020)<br \/>\n<\/b>[Salman Rushdie, <em>Les Versets sataniques <\/em>, Christian Bourgois, 1989]<\/p>\n<p>&nbsp;<\/p>\n<p>&nbsp;<\/p>\n<p><a href=\"https:\/\/ddt21.noblogs.org\/files\/2020\/08\/la-revolte-des-gilets-jaunes_1ere_web-resp200.jpg\"><img loading=\"lazy\" decoding=\"async\" class=\"alignleft wp-image-2924\" src=\"https:\/\/ddt21.noblogs.org\/files\/2020\/08\/la-revolte-des-gilets-jaunes_1ere_web-resp200-187x300.jpg\" alt=\"\" width=\"100\" height=\"161\" srcset=\"https:\/\/ddt21.noblogs.org\/files\/2020\/08\/la-revolte-des-gilets-jaunes_1ere_web-resp200-187x300.jpg 187w, https:\/\/ddt21.noblogs.org\/files\/2020\/08\/la-revolte-des-gilets-jaunes_1ere_web-resp200.jpg 200w\" sizes=\"auto, (max-width: 100px) 100vw, 100px\" \/><\/a><b>\u2205\u00a0 <\/b><b>G.D.,<\/b><strong> \u00ab\u00a0<a href=\"https:\/\/ddt21.noblogs.org\/?page_id=2910\" target=\"_blank\" rel=\"noopener\">La R\u00e9volte des Gilets jaunes<\/a> \u00bb<\/strong> <b>(septembre 2020)<br \/>\n<\/b>[<span lang=\"en-GB\">Collectif Ahou ahou ahou, <em>La R\u00e9volte des Gilets jaunes. Histoire d\u2019une lutte de classes<\/em>, Niet !, 2020, 215 p.]<\/span><\/p>\n<p>&nbsp;<\/p>\n<p>&nbsp;<\/p>\n<p><b><a href=\"https:\/\/ddt21.noblogs.org\/files\/2021\/03\/Couverture-Vivonne-Jerome-Leroy.jpg\"><img loading=\"lazy\" decoding=\"async\" class=\"alignleft wp-image-3162\" src=\"https:\/\/ddt21.noblogs.org\/files\/2021\/03\/Couverture-Vivonne-Jerome-Leroy-150x150.jpg\" alt=\"\" width=\"100\" height=\"146\" \/><\/a>\u2205\u00a0 <\/b><b>Tristan Leoni,<\/b><strong> \u00ab <a href=\"https:\/\/ddt21.noblogs.org\/?page_id=3158\" target=\"_blank\" rel=\"noopener\">Fugue en guerre civile<\/a> \u00bb<\/strong> <b>(mars 2021)<br \/>\n<\/b>[<span lang=\"en-GB\">Jer\u00f4me Leroy, <em>Vivonne<\/em>, La Table ronde, 2020, 416 p.]<\/span><\/p>\n<p>&nbsp;<\/p>\n<p>&nbsp;<\/p>\n<p><a href=\"https:\/\/ddt21.noblogs.org\/files\/2021\/06\/LEsprit-de-plaisir.-Une-Histoire-de-la-sexualite-et-de-lerotisme-au-Japon.jpg\"><img loading=\"lazy\" decoding=\"async\" class=\"alignleft wp-image-3269\" src=\"https:\/\/ddt21.noblogs.org\/files\/2021\/06\/LEsprit-de-plaisir.-Une-Histoire-de-la-sexualite-et-de-lerotisme-au-Japon-150x150.jpg\" alt=\"\" width=\"100\" height=\"158\" srcset=\"https:\/\/ddt21.noblogs.org\/files\/2021\/06\/LEsprit-de-plaisir.-Une-Histoire-de-la-sexualite-et-de-lerotisme-au-Japon-190x300.jpg 190w, https:\/\/ddt21.noblogs.org\/files\/2021\/06\/LEsprit-de-plaisir.-Une-Histoire-de-la-sexualite-et-de-lerotisme-au-Japon-648x1024.jpg 648w, https:\/\/ddt21.noblogs.org\/files\/2021\/06\/LEsprit-de-plaisir.-Une-Histoire-de-la-sexualite-et-de-lerotisme-au-Japon.jpg 659w\" sizes=\"auto, (max-width: 100px) 100vw, 100px\" \/><\/a><b>\u2205\u00a0 <\/b><b>G.D.,<\/b><strong> \u00ab\u00a0<a href=\"https:\/\/ddt21.noblogs.org\/?page_id=3241\" target=\"_blank\" rel=\"noopener\">Elle est lui et lui est elle (\u00c9ros japonais)<\/a> \u00bb<\/strong> <b>(avril 2021)<br \/>\n<\/b>[<span lang=\"en-GB\">Pierre-Fran\u00e7ois Souyri et Philippe Pons, <em>L\u2019esprit de plaisir, une histoire de la sexualit\u00e9 et de l\u2019\u00e9rotisme au Japon, 17e-20e si\u00e8cles<\/em>, Payot, 2020, 528 p.]<\/span><\/p>\n<p>&nbsp;<\/p>\n<p>&nbsp;<\/p>\n<p><a href=\"https:\/\/ddt21.noblogs.org\/files\/2021\/08\/Les-choses-humaines.jpg\"><img loading=\"lazy\" decoding=\"async\" class=\"alignleft wp-image-3284\" src=\"https:\/\/ddt21.noblogs.org\/files\/2021\/08\/Les-choses-humaines-150x150.jpg\" alt=\"\" width=\"100\" height=\"163\" srcset=\"https:\/\/ddt21.noblogs.org\/files\/2021\/08\/Les-choses-humaines-184x300.jpg 184w, https:\/\/ddt21.noblogs.org\/files\/2021\/08\/Les-choses-humaines.jpg 204w\" sizes=\"auto, (max-width: 100px) 100vw, 100px\" \/><\/a><b>\u2205\u00a0 <\/b><b>G.D.,<\/b><strong> \u00ab\u00a0<a href=\"https:\/\/ddt21.noblogs.org\/?page_id=3280\">Du viol au virtuel&#8230; et au contrat (sur une fiction de notre temps)<\/a> \u00bb<\/strong> <b>(ao\u00fbt 2021)<br \/>\n<\/b>[<span lang=\"en-GB\">Karine Tuil, <em>Les Choses humaines<\/em>, Gallimard, 2019]<\/span><\/p>\n<p>&nbsp;<\/p>\n<p>&nbsp;<\/p>\n<p>&nbsp;<\/p>\n<p>&nbsp;<\/p>\n<p>&nbsp;<\/p>\n<p>&nbsp;<\/p>\n<p lang=\"fr-FR\" align=\"JUSTIFY\"><span style=\"color: #000000\"><span style=\"font-family: Times New Roman,serif\"><span style=\"font-size: medium\">\u00a0<\/span><\/span><\/span><\/p>\n<p>&nbsp;<\/p>\n","protected":false},"excerpt":{"rendered":"<p>Nouvelle rubrique de tr\u00e8s courtes notes de lecture ! (il s&rsquo;agit d&rsquo;essayer de rester autour de 700 mots) &nbsp; \u2205 \u00a0 Tristan Leoni, \u00ab Populisme de boue \u00bb (ao\u00fbt 2016) [ Chantal Mouffe, L\u2019illusion du consensus, Albin, Michel, 2016, 200 &hellip; <a href=\"https:\/\/ddt21.noblogs.org\/?page_id=1074\">Continuer la lecture <span class=\"meta-nav\">&rarr;<\/span><\/a><\/p>\n","protected":false},"author":8284,"featured_media":0,"parent":0,"menu_order":0,"comment_status":"open","ping_status":"closed","template":"","meta":{"footnotes":""},"class_list":["post-1074","page","type-page","status-publish","hentry"],"_links":{"self":[{"href":"https:\/\/ddt21.noblogs.org\/index.php?rest_route=\/wp\/v2\/pages\/1074","targetHints":{"allow":["GET"]}}],"collection":[{"href":"https:\/\/ddt21.noblogs.org\/index.php?rest_route=\/wp\/v2\/pages"}],"about":[{"href":"https:\/\/ddt21.noblogs.org\/index.php?rest_route=\/wp\/v2\/types\/page"}],"author":[{"embeddable":true,"href":"https:\/\/ddt21.noblogs.org\/index.php?rest_route=\/wp\/v2\/users\/8284"}],"replies":[{"embeddable":true,"href":"https:\/\/ddt21.noblogs.org\/index.php?rest_route=%2Fwp%2Fv2%2Fcomments&post=1074"}],"version-history":[{"count":38,"href":"https:\/\/ddt21.noblogs.org\/index.php?rest_route=\/wp\/v2\/pages\/1074\/revisions"}],"predecessor-version":[{"id":3292,"href":"https:\/\/ddt21.noblogs.org\/index.php?rest_route=\/wp\/v2\/pages\/1074\/revisions\/3292"}],"wp:attachment":[{"href":"https:\/\/ddt21.noblogs.org\/index.php?rest_route=%2Fwp%2Fv2%2Fmedia&parent=1074"}],"curies":[{"name":"wp","href":"https:\/\/api.w.org\/{rel}","templated":true}]}}